{"id":9396,"date":"2022-11-27T21:16:58","date_gmt":"2022-11-28T02:16:58","guid":{"rendered":"https:\/\/scalesuspension.com\/product\/audi-r8-07-15-alpine-series\/"},"modified":"2023-09-25T12:22:48","modified_gmt":"2023-09-25T16:22:48","slug":"au21as","status":"publish","type":"product","link":"https:\/\/scalesuspension.com\/fr\/produit\/au21as\/","title":{"rendered":"AUDI R8 07-15 ALPINE SERIES"},"content":{"rendered":"<p>L&rsquo;AU21-AS est propos\u00e9 en 3 versions diff\u00e9rentes en fonction de la plage de hauteur de caisse, du niveau de confort et de l&rsquo;utilisation recherch\u00e9s par chaque client.<\/p>\n<p>&#8211; Version de remplacement OE : Cette version est con\u00e7ue pour conserver un niveau de confort tr\u00e8s proche de celui de la suspension d&rsquo;origine tout en am\u00e9liorant les performances de maniabilit\u00e9 par rapport \u00e0 l&rsquo;originale. Cette version n&rsquo;est pas con\u00e7ue pour abaisser de plus de -0,5 pouce de l&rsquo;original \u00e0 l&rsquo;ajustement minimale. La version de remplacement OE est plus utilis\u00e9e par les personnes cherchant \u00e0 remplacer une suspension magn\u00e9tique d\u00e9fectueuse tout en conservant l&rsquo;aspect et le niveau de confort d&rsquo;origine du v\u00e9hicule.<\/p>\n<p>&#8211; Version R\u00e9guliere : Cette version est la plus utilis\u00e9e par les clients souhaitant abaisser leur R8. Elle permet d&rsquo;ajuster la suspension de la hauteur d&rsquo;origine \u00e0 environ -2,5 pouces. Le niveau de confort reste tout \u00e0 fait acceptable pour un usage quotidien, mais il ce doit certainement d&rsquo;\u00eatre plus sportif pour \u00e9viter tout probl\u00e8me de frottement lorsque l&rsquo;on abaisse l&rsquo;auto. Le confort est assez proche du mode Sport de la suspension magn\u00e9tique d&rsquo;origine. Les ressorts plus rigides et les soupapes am\u00e9liorent consid\u00e9rablement la maniabilit\u00e9 par rapport \u00e0 la suspension d&rsquo;origine.<\/p>\n<p>&#8211; Version Low : Cette version est plus personnalis\u00e9e en fonction des besoins de chaque client. Elle est utilis\u00e9 pour des abaissement significatif ou sur circuit et n\u00e9cessite de nous contacter par email pour que notre \u00e9quipe technique vous aide \u00e0 d\u00e9terminer le taux de ressort n\u00e9cessaire, la longueur de l&rsquo;amortisseur et la soupape requise pour r\u00e9pondre \u00e0 vos besoins exacts. C&rsquo;est pourquoi nous vous recommandons de nous contacter avant d&rsquo;ajouter la version basse \u00e0 votre panier.<\/p>\n<p>Cette application utilise une configuration de suspension \u00e0 double triangulation \u00e0 l&rsquo;avant et \u00e0 l&rsquo;arri\u00e8re. Cela signifie que les amortisseurs n&rsquo;ont pas d&rsquo;impact direct sur le parall\u00e9lisme des roues. L&rsquo;alignement de chaque voiture est affect\u00e9 par l&rsquo;abaissement du v\u00e9hicule et par la g\u00e9om\u00e9trie de la suspension. Le bras de contr\u00f4le d&rsquo;usine de la R8 n&rsquo;a pas de r\u00e9glage de carrossage. Si vous pr\u00e9voyez d&rsquo;abaisser consid\u00e9rablement votre voiture, votre sp\u00e9cialiste en alignement peut vous proposer d&rsquo;ajouter des cales de carrossage pour obtenir un alignement parfait des roues afin d&rsquo;\u00e9viter l&rsquo;usure excessive des pneus et d&rsquo;obtenir des performances optimales.<\/p>\n","protected":false},"excerpt":{"rendered":"<p>La s\u00e9rie Alpine de l&rsquo;Audi R8 2007-2015 est le syst\u00e8me de suspension r\u00e9glable que vous devez consid\u00e9rer si vous souhaitez remplacer votre suspension magn\u00e9tique d\u00e9fectueuse, am\u00e9liorer les performances de maniabilit\u00e9 ou simplement obtenir un look agressif en abaissant la voiture pour atteindre l&rsquo;ajustement et la hauteur de conduite que vous avez toujours recherch\u00e9s.<\/p>\n<p>La configuration monotube, ajout\u00e9e au corps enti\u00e8rement filet\u00e9, permet d&rsquo;obtenir une suspension longue dur\u00e9e enti\u00e8rement r\u00e9glable. Comme la hauteur de caisse est d\u00e9termin\u00e9e par la longueur totale de l&rsquo;amortisseur, la pr\u00e9charge du ressort, le niveau de confort et le d\u00e9battement de la suspension restent les m\u00eames quelle que soit la hauteur de caisse, contrairement \u00e0 d&rsquo;autres suspensions o\u00f9 la hauteur de caisse est d\u00e9termin\u00e9e par le si\u00e8ge du ressort, ce qui a pour effet de r\u00e9duire le d\u00e9battement disponible \u00e0 mesure que l&rsquo;on abaisse la hauteur de caisse.<\/p>\n","protected":false},"featured_media":7757,"comment_status":"open","ping_status":"closed","template":"","meta":[],"product_brand":[],"product_cat":[951,957,969,940,941,943],"product_tag":[],"class_list":{"0":"post-9396","1":"product","2":"type-product","3":"status-publish","4":"has-post-thumbnail","6":"product_cat-multilink-fr","7":"product_cat-spring-alpine-fr","8":"product_cat-low-version-alpine-fr","9":"product_cat-serie-alpine","10":"product_cat-kits-edc-delete","11":"product_cat-avant","12":"product_shipping_class-kit-complet","13":"pa_aluminium-type-6061-t6-cnc-forged-fr","14":"pa_anodized-body-noir","15":"pa_assembly-rebuildable-fr","16":"pa_availability-fabrique-sur-commande","17":"pa_body-diameter-m52x1-5-fr","18":"pa_car-make-audi-fr","19":"pa_car-model-r8","20":"pa_car-year-2013-fr","21":"pa_car-year-2014-fr","22":"pa_car-year-2015-fr","23":"pa_condition-neuf","24":"pa_default-spring-color-chrome-noir","25":"pa_internal-design-monotube-fr","26":"pa_powdercoated-body-noir-lustre","27":"pa_pressurized-charge-azote-gazeux-sous-haute-pression","28":"pa_shock-oil-type-huile-damortisseur-synthetique","29":"pa_suspension-type-front-double-triangulation","30":"pa_suspension-type-rear-double-wishbone","31":"pa_timeframe-for-delivery-1-3-semaines","32":"pa_warranty-2-ans","34":"first","35":"instock","36":"taxable","37":"shipping-taxable","38":"purchasable","39":"product-type-simple"},"_links":{"self":[{"href":"https:\/\/scalesuspension.com\/fr\/wp-json\/wp\/v2\/product\/9396","targetHints":{"allow":["GET"]}}],"collection":[{"href":"https:\/\/scalesuspension.com\/fr\/wp-json\/wp\/v2\/product"}],"about":[{"href":"https:\/\/scalesuspension.com\/fr\/wp-json\/wp\/v2\/types\/product"}],"replies":[{"embeddable":true,"href":"https:\/\/scalesuspension.com\/fr\/wp-json\/wp\/v2\/comments?post=9396"}],"wp:featuredmedia":[{"embeddable":true,"href":"https:\/\/scalesuspension.com\/fr\/wp-json\/wp\/v2\/media\/7757"}],"wp:attachment":[{"href":"https:\/\/scalesuspension.com\/fr\/wp-json\/wp\/v2\/media?parent=9396"}],"wp:term":[{"taxonomy":"product_brand","embeddable":true,"href":"https:\/\/scalesuspension.com\/fr\/wp-json\/wp\/v2\/product_brand?post=9396"},{"taxonomy":"product_cat","embeddable":true,"href":"https:\/\/scalesuspension.com\/fr\/wp-json\/wp\/v2\/product_cat?post=9396"},{"taxonomy":"product_tag","embeddable":true,"href":"https:\/\/scalesuspension.com\/fr\/wp-json\/wp\/v2\/product_tag?post=9396"}],"curies":[{"name":"wp","href":"https:\/\/api.w.org\/{rel}","templated":true}]}}