{"id":9067,"date":"2023-02-07T11:52:48","date_gmt":"2023-02-07T16:52:48","guid":{"rendered":"https:\/\/scalesuspension.com\/product\/edc-delete-mercedes-c-class-08-14-magnetic-ride-delete-unit\/"},"modified":"2023-09-29T11:19:20","modified_gmt":"2023-09-29T15:19:20","slug":"edc-mb-003","status":"publish","type":"product","link":"https:\/\/scalesuspension.com\/fr\/produit\/edc-mb-003\/","title":{"rendered":"EDC DELETE MERCEDES C-CLASS 08-14 &#8211; MAGNETIC RIDE DELETE UNIT"},"content":{"rendered":"<h5>Inclus dans la bo\u00eete<\/h5>\n<ul class=\"list-1\">\n<li>(4PCS) Unit\u00e9 de Suppression magn\u00e9tique en aluminium<\/li>\n<li>(4PCS) Supports en acier inoxydable<\/li>\n<li>(4PCS) Fiches suppl\u00e9mentaires*<\/li>\n<li>(10 PCS) Bornes et joint d&rsquo;\u00e9tanch\u00e9it\u00e9<\/li>\n<li>(24 PCS) Collier de serrage<\/li>\n<li>Livr\u00e9 avec des instructions<\/li>\n<\/ul>\n","protected":false},"excerpt":{"rendered":"<p>Inclus dans la bo\u00eete (4PCS) Unit\u00e9 de Suppression magn\u00e9tique en aluminium (4PCS) Supports en acier inoxydable (4PCS) Fiches suppl\u00e9mentaires* (10 PCS) Bornes et joint d&rsquo;\u00e9tanch\u00e9it\u00e9 (24 PCS) Collier de serrage Livr\u00e9 avec des instructions<\/p>\n","protected":false},"featured_media":2334,"comment_status":"open","ping_status":"closed","template":"","meta":[],"product_brand":[],"product_cat":[946],"product_tag":[],"class_list":{"0":"post-9067","1":"product","2":"type-product","3":"status-publish","4":"has-post-thumbnail","6":"product_cat-magnetic-ride-delete-unit-fr","7":"product_shipping_class-pieces-de-rechange","8":"pa_anodized-body-black","9":"pa_car-make-mercedes","10":"pa_car-model-c-class","11":"pa_car-year-69","12":"pa_car-year-70","13":"pa_car-year-71","14":"pa_car-year-72","15":"pa_car-year-73","16":"pa_car-year-74","17":"pa_car-year-75","18":"pa_timeframe-for-delivery-1-3-semaines","20":"first","21":"instock","22":"taxable","23":"shipping-taxable","24":"purchasable","25":"product-type-simple"},"_links":{"self":[{"href":"https:\/\/scalesuspension.com\/fr\/wp-json\/wp\/v2\/product\/9067","targetHints":{"allow":["GET"]}}],"collection":[{"href":"https:\/\/scalesuspension.com\/fr\/wp-json\/wp\/v2\/product"}],"about":[{"href":"https:\/\/scalesuspension.com\/fr\/wp-json\/wp\/v2\/types\/product"}],"replies":[{"embeddable":true,"href":"https:\/\/scalesuspension.com\/fr\/wp-json\/wp\/v2\/comments?post=9067"}],"wp:featuredmedia":[{"embeddable":true,"href":"https:\/\/scalesuspension.com\/fr\/wp-json\/wp\/v2\/media\/2334"}],"wp:attachment":[{"href":"https:\/\/scalesuspension.com\/fr\/wp-json\/wp\/v2\/media?parent=9067"}],"wp:term":[{"taxonomy":"product_brand","embeddable":true,"href":"https:\/\/scalesuspension.com\/fr\/wp-json\/wp\/v2\/product_brand?post=9067"},{"taxonomy":"product_cat","embeddable":true,"href":"https:\/\/scalesuspension.com\/fr\/wp-json\/wp\/v2\/product_cat?post=9067"},{"taxonomy":"product_tag","embeddable":true,"href":"https:\/\/scalesuspension.com\/fr\/wp-json\/wp\/v2\/product_tag?post=9067"}],"curies":[{"name":"wp","href":"https:\/\/api.w.org\/{rel}","templated":true}]}}