{"id":9039,"date":"2023-02-07T16:09:12","date_gmt":"2023-02-07T21:09:12","guid":{"rendered":"https:\/\/scalesuspension.com\/product\/edc-delete-volkswagen-tiguan-18-magnetic-ride-delete-unit\/"},"modified":"2023-09-28T17:24:31","modified_gmt":"2023-09-28T21:24:31","slug":"edc-vw-007","status":"publish","type":"product","link":"https:\/\/scalesuspension.com\/fr\/produit\/edc-vw-007\/","title":{"rendered":"EDC DELETE VOLKSWAGEN TIGUAN 18+ &#8211; MAGNETIC RIDE DELETE UNIT"},"content":{"rendered":"<h5>Inclus dans la bo\u00eete<\/h5>\n<ul class=\"list-1\">\n<li>(4PCS) Unit\u00e9 de Suppression magn\u00e9tique en aluminium<\/li>\n<li>(4PCS) Supports en acier inoxydable<\/li>\n<li>(4PCS) Fiches suppl\u00e9mentaires*<\/li>\n<li>(10 PCS) Bornes et joint d&rsquo;\u00e9tanch\u00e9it\u00e9<\/li>\n<li>(24 PCS) Collier de serrage<\/li>\n<li>Livr\u00e9 avec des instructions<\/li>\n<\/ul>\n","protected":false},"excerpt":{"rendered":"<p>Inclus dans la bo\u00eete (4PCS) Unit\u00e9 de Suppression magn\u00e9tique en aluminium (4PCS) Supports en acier inoxydable (4PCS) Fiches suppl\u00e9mentaires* (10 PCS) Bornes et joint d&rsquo;\u00e9tanch\u00e9it\u00e9 (24 PCS) Collier de serrage Livr\u00e9 avec des instructions<\/p>\n","protected":false},"featured_media":2334,"comment_status":"open","ping_status":"closed","template":"","meta":[],"product_brand":[],"product_cat":[946],"product_tag":[],"class_list":{"0":"post-9039","1":"product","2":"type-product","3":"status-publish","4":"has-post-thumbnail","6":"product_cat-magnetic-ride-delete-unit-fr","7":"product_shipping_class-pieces-de-rechange","8":"pa_anodized-body-black","9":"pa_car-make-vw","10":"pa_car-model-tiguan","11":"pa_car-year-176","12":"pa_car-year-177","13":"pa_car-year-178","14":"pa_car-year-179","15":"pa_car-year-180","16":"pa_car-year-181","17":"pa_timeframe-for-delivery-1-3-semaines","19":"first","20":"instock","21":"taxable","22":"shipping-taxable","23":"purchasable","24":"product-type-simple"},"_links":{"self":[{"href":"https:\/\/scalesuspension.com\/fr\/wp-json\/wp\/v2\/product\/9039","targetHints":{"allow":["GET"]}}],"collection":[{"href":"https:\/\/scalesuspension.com\/fr\/wp-json\/wp\/v2\/product"}],"about":[{"href":"https:\/\/scalesuspension.com\/fr\/wp-json\/wp\/v2\/types\/product"}],"replies":[{"embeddable":true,"href":"https:\/\/scalesuspension.com\/fr\/wp-json\/wp\/v2\/comments?post=9039"}],"wp:featuredmedia":[{"embeddable":true,"href":"https:\/\/scalesuspension.com\/fr\/wp-json\/wp\/v2\/media\/2334"}],"wp:attachment":[{"href":"https:\/\/scalesuspension.com\/fr\/wp-json\/wp\/v2\/media?parent=9039"}],"wp:term":[{"taxonomy":"product_brand","embeddable":true,"href":"https:\/\/scalesuspension.com\/fr\/wp-json\/wp\/v2\/product_brand?post=9039"},{"taxonomy":"product_cat","embeddable":true,"href":"https:\/\/scalesuspension.com\/fr\/wp-json\/wp\/v2\/product_cat?post=9039"},{"taxonomy":"product_tag","embeddable":true,"href":"https:\/\/scalesuspension.com\/fr\/wp-json\/wp\/v2\/product_tag?post=9039"}],"curies":[{"name":"wp","href":"https:\/\/api.w.org\/{rel}","templated":true}]}}