{"id":8971,"date":"2023-02-14T13:58:46","date_gmt":"2023-02-14T18:58:46","guid":{"rendered":"https:\/\/scalesuspension.com\/product\/ressorts-dassistance-en-fil-plat-swift-paire-65mm-i-d-6-0-kg\/"},"modified":"2023-09-26T15:42:04","modified_gmt":"2023-09-26T19:42:04","slug":"a65-068-060","status":"publish","type":"product","link":"https:\/\/scalesuspension.com\/fr\/produit\/a65-068-060\/","title":{"rendered":"RESSORTS D&rsquo;ASSISTANCE EN FIL PLAT SWIFT (PAIRE) 65MM I.D. \/ 6.0 KG"},"content":{"rendered":"<p><strong> Vendus par paire, ils comprennent les adaptateurs d&#8217;empillage de ressorts.<\/strong><\/p>\n<p>Les ressorts d&rsquo;assistance sont con\u00e7us pour \u00eatre compl\u00e8tement comprim\u00e9s \u00e0 hauteur statique. Tous les ressorts d&rsquo;assistance SWIFT se compriment exactement \u00e0 la m\u00eame hauteur. Cela permet aux conducteurs de changer les ressorts d&rsquo;assistance sans avoir \u00e0 r\u00e9ajuster le support sur les coilovers, de sorte que la hauteur de conduite n&rsquo;est pas affect\u00e9e. Les ressorts d&rsquo;assistance plus raide que les ressorts auxiliaires sont utilis\u00e9s pour affiner la course de rebond de l&rsquo;amortisseur. Ces ressorts peuvent \u00e9galement aider \u00e0 pr\u00e9venir une perte de traction due au soul\u00e8vement de la roue int\u00e9rieure lors d&rsquo;un virage serr\u00e9.<\/p>\n","protected":false},"excerpt":{"rendered":"<p>Vendus par paire, ils comprennent les adaptateurs d&#8217;empillage de ressorts. Les ressorts d&rsquo;assistance sont con\u00e7us pour \u00eatre compl\u00e8tement comprim\u00e9s \u00e0 hauteur statique. Tous les ressorts d&rsquo;assistance SWIFT se compriment exactement \u00e0 la m\u00eame hauteur. Cela permet aux conducteurs de changer les ressorts d&rsquo;assistance sans avoir \u00e0 r\u00e9ajuster le support sur les coilovers, de sorte que [&hellip;]<\/p>\n","protected":false},"featured_media":3482,"comment_status":"open","ping_status":"closed","template":"","meta":[],"product_brand":[],"product_cat":[959],"product_tag":[],"class_list":{"0":"post-8971","1":"product","2":"type-product","3":"status-publish","4":"has-post-thumbnail","6":"product_cat-assist-helper-misc-fr","7":"product_shipping_class-marchand","8":"pa_availability-pret-a-expedier","9":"pa_default-spring-color-bleu-fonce-metallise","10":"pa_fully-compressed-height-1-1-inch","11":"pa_fully-compressed-load-573-lbs","12":"pa_spring-length-2-7-inch","13":"pa_spring-rate-kgf-mm-lbs-inch-06kg-336lbs","14":"pa_timeframe-for-delivery-expedie-depuis-un-autre-entrepot","15":"pa_usable-stroke-1-6-inch","17":"first","18":"instock","19":"sale","20":"taxable","21":"shipping-taxable","22":"purchasable","23":"product-type-simple"},"_links":{"self":[{"href":"https:\/\/scalesuspension.com\/fr\/wp-json\/wp\/v2\/product\/8971","targetHints":{"allow":["GET"]}}],"collection":[{"href":"https:\/\/scalesuspension.com\/fr\/wp-json\/wp\/v2\/product"}],"about":[{"href":"https:\/\/scalesuspension.com\/fr\/wp-json\/wp\/v2\/types\/product"}],"replies":[{"embeddable":true,"href":"https:\/\/scalesuspension.com\/fr\/wp-json\/wp\/v2\/comments?post=8971"}],"wp:featuredmedia":[{"embeddable":true,"href":"https:\/\/scalesuspension.com\/fr\/wp-json\/wp\/v2\/media\/3482"}],"wp:attachment":[{"href":"https:\/\/scalesuspension.com\/fr\/wp-json\/wp\/v2\/media?parent=8971"}],"wp:term":[{"taxonomy":"product_brand","embeddable":true,"href":"https:\/\/scalesuspension.com\/fr\/wp-json\/wp\/v2\/product_brand?post=8971"},{"taxonomy":"product_cat","embeddable":true,"href":"https:\/\/scalesuspension.com\/fr\/wp-json\/wp\/v2\/product_cat?post=8971"},{"taxonomy":"product_tag","embeddable":true,"href":"https:\/\/scalesuspension.com\/fr\/wp-json\/wp\/v2\/product_tag?post=8971"}],"curies":[{"name":"wp","href":"https:\/\/api.w.org\/{rel}","templated":true}]}}