{"id":8970,"date":"2023-02-14T13:51:04","date_gmt":"2023-02-14T18:51:04","guid":{"rendered":"https:\/\/scalesuspension.com\/product\/ressorts-dassistance-en-fil-plat-swift-paire-60mm-i-d-5-0-kg\/"},"modified":"2023-09-26T16:01:33","modified_gmt":"2023-09-26T20:01:33","slug":"a60-072-050","status":"publish","type":"product","link":"https:\/\/scalesuspension.com\/fr\/produit\/a60-072-050\/","title":{"rendered":"RESSORTS D&rsquo;ASSISTANCE EN FIL PLAT SWIFT (PAIRE) 60MM I.D. \/ 5.0 KG"},"content":{"rendered":"<p><strong> Vendus par paire, ils comprennent les adapteurs d&#8217;empillage de ressorts.<\/strong><\/p>\n<p>Les ressorts d&rsquo;assistance sont con\u00e7us pour \u00eatre compl\u00e8tement comprim\u00e9s \u00e0 hauteur statique. Tous les ressorts d&rsquo;assistance SWIFT se compriment exactement \u00e0 la m\u00eame hauteur. Cela permet aux conducteurs de changer les ressorts d&rsquo;assistance sans avoir \u00e0 r\u00e9ajuster l&rsquo;assise sur les coilovers, de sorte que la hauteur de conduite n&rsquo;est pas affect\u00e9e. Les ressorts d&rsquo;assistance plus lourds que les ressorts d&rsquo;aide sont utilis\u00e9s pour affiner la course de rebond de l&rsquo;amortisseur. Ces ressorts peuvent \u00e9galement aider \u00e0 pr\u00e9venir une perte de traction due au soul\u00e8vement de la roue int\u00e9rieure lors d&rsquo;un virage serr\u00e9.<\/p>\n","protected":false},"excerpt":{"rendered":"<p>Vendus par paire, ils comprennent les adapteurs d&#8217;empillage de ressorts. Les ressorts d&rsquo;assistance sont con\u00e7us pour \u00eatre compl\u00e8tement comprim\u00e9s \u00e0 hauteur statique. Tous les ressorts d&rsquo;assistance SWIFT se compriment exactement \u00e0 la m\u00eame hauteur. Cela permet aux conducteurs de changer les ressorts d&rsquo;assistance sans avoir \u00e0 r\u00e9ajuster l&rsquo;assise sur les coilovers, de sorte que la [&hellip;]<\/p>\n","protected":false},"featured_media":3482,"comment_status":"open","ping_status":"closed","template":"","meta":[],"product_brand":[],"product_cat":[959],"product_tag":[],"class_list":{"0":"post-8970","1":"product","2":"type-product","3":"status-publish","4":"has-post-thumbnail","6":"product_cat-assist-helper-misc-fr","7":"product_shipping_class-marchand","8":"pa_availability-pret-a-expedier","9":"pa_default-spring-color-bleu-fonce-metallise","10":"pa_fully-compressed-height-1-2-inch","11":"pa_fully-compressed-load-463-lbs","12":"pa_spring-length-2-8-inch","13":"pa_spring-rate-kgf-mm-lbs-inch-05kg-280lbs","14":"pa_timeframe-for-delivery-expedie-depuis-un-autre-entrepot","15":"pa_usable-stroke-1-7-inch","17":"first","18":"instock","19":"sale","20":"taxable","21":"shipping-taxable","22":"purchasable","23":"product-type-simple"},"_links":{"self":[{"href":"https:\/\/scalesuspension.com\/fr\/wp-json\/wp\/v2\/product\/8970","targetHints":{"allow":["GET"]}}],"collection":[{"href":"https:\/\/scalesuspension.com\/fr\/wp-json\/wp\/v2\/product"}],"about":[{"href":"https:\/\/scalesuspension.com\/fr\/wp-json\/wp\/v2\/types\/product"}],"replies":[{"embeddable":true,"href":"https:\/\/scalesuspension.com\/fr\/wp-json\/wp\/v2\/comments?post=8970"}],"wp:featuredmedia":[{"embeddable":true,"href":"https:\/\/scalesuspension.com\/fr\/wp-json\/wp\/v2\/media\/3482"}],"wp:attachment":[{"href":"https:\/\/scalesuspension.com\/fr\/wp-json\/wp\/v2\/media?parent=8970"}],"wp:term":[{"taxonomy":"product_brand","embeddable":true,"href":"https:\/\/scalesuspension.com\/fr\/wp-json\/wp\/v2\/product_brand?post=8970"},{"taxonomy":"product_cat","embeddable":true,"href":"https:\/\/scalesuspension.com\/fr\/wp-json\/wp\/v2\/product_cat?post=8970"},{"taxonomy":"product_tag","embeddable":true,"href":"https:\/\/scalesuspension.com\/fr\/wp-json\/wp\/v2\/product_tag?post=8970"}],"curies":[{"name":"wp","href":"https:\/\/api.w.org\/{rel}","templated":true}]}}