{"id":8968,"date":"2023-02-14T14:24:16","date_gmt":"2023-02-14T19:24:16","guid":{"rendered":"https:\/\/scalesuspension.com\/product\/ressorts-auxiliaires-swift-en-fil-plat-paire-65mm-i-d-0-8-kg\/"},"modified":"2023-09-26T15:34:06","modified_gmt":"2023-09-26T19:34:06","slug":"h65-070-008","status":"publish","type":"product","link":"https:\/\/scalesuspension.com\/fr\/produit\/h65-070-008\/","title":{"rendered":"RESSORTS AUXILIAIRES SWIFT EN FIL PLAT (PAIRE) 65MM I.D. \/ 0.8 KG"},"content":{"rendered":"<p><strong> Vendus par paire, ils comprennent les adaptateurs d&#8217;empillage de ressorts.<\/strong><\/p>\n<p>Contrairement aux ressorts d&rsquo;assistance, les ressorts auxiliaires Swift sont sp\u00e9cifiquement con\u00e7us pour avoir un effet minimal sur le taux d&rsquo;\u00e9lasticit\u00e9 des ressorts principaux de la suspension h\u00e9lico\u00efdale. Les ressorts auxiliaires permettent aux ressorts de rester mont\u00e9s sur le support de la suspension h\u00e9lico\u00efdale lorsque l&rsquo;amortisseur est soumis \u00e0 une charge n\u00e9gative ou nulle, \u00e9galement connue sous le nom de course d&rsquo;abaissement. Il est id\u00e9al d&rsquo;utiliser des ressorts auxiliaires sur les installations o\u00f9 vous ne pouvez pas pr\u00e9charger le ressort principal en raison de probl\u00e8mes de hauteur ou lorsque les ressorts se d\u00e9tachent du support de la suspension h\u00e9lico\u00efdale.<\/p>\n","protected":false},"excerpt":{"rendered":"<p>Vendus par paire, ils comprennent les adaptateurs d&#8217;empillage de ressorts. Contrairement aux ressorts d&rsquo;assistance, les ressorts auxiliaires Swift sont sp\u00e9cifiquement con\u00e7us pour avoir un effet minimal sur le taux d&rsquo;\u00e9lasticit\u00e9 des ressorts principaux de la suspension h\u00e9lico\u00efdale. Les ressorts auxiliaires permettent aux ressorts de rester mont\u00e9s sur le support de la suspension h\u00e9lico\u00efdale lorsque l&rsquo;amortisseur [&hellip;]<\/p>\n","protected":false},"featured_media":5579,"comment_status":"open","ping_status":"closed","template":"","meta":[],"product_brand":[],"product_cat":[959],"product_tag":[],"class_list":{"0":"post-8968","1":"product","2":"type-product","3":"status-publish","4":"has-post-thumbnail","6":"product_cat-assist-helper-misc-fr","7":"product_shipping_class-marchand","8":"pa_availability-pret-a-expedier","9":"pa_default-spring-color-bleu-fonce-metallise","10":"pa_fully-compressed-height-0-9-inch","11":"pa_fully-compressed-load-95-lbs","12":"pa_spring-length-2-8-inch","13":"pa_spring-rate-kgf-mm-lbs-inch-0-8kg-45lbs","14":"pa_timeframe-for-delivery-expedie-depuis-un-autre-entrepot","15":"pa_usable-stroke-1-8-inch","17":"first","18":"instock","19":"sale","20":"taxable","21":"shipping-taxable","22":"purchasable","23":"product-type-simple"},"_links":{"self":[{"href":"https:\/\/scalesuspension.com\/fr\/wp-json\/wp\/v2\/product\/8968","targetHints":{"allow":["GET"]}}],"collection":[{"href":"https:\/\/scalesuspension.com\/fr\/wp-json\/wp\/v2\/product"}],"about":[{"href":"https:\/\/scalesuspension.com\/fr\/wp-json\/wp\/v2\/types\/product"}],"replies":[{"embeddable":true,"href":"https:\/\/scalesuspension.com\/fr\/wp-json\/wp\/v2\/comments?post=8968"}],"wp:featuredmedia":[{"embeddable":true,"href":"https:\/\/scalesuspension.com\/fr\/wp-json\/wp\/v2\/media\/5579"}],"wp:attachment":[{"href":"https:\/\/scalesuspension.com\/fr\/wp-json\/wp\/v2\/media?parent=8968"}],"wp:term":[{"taxonomy":"product_brand","embeddable":true,"href":"https:\/\/scalesuspension.com\/fr\/wp-json\/wp\/v2\/product_brand?post=8968"},{"taxonomy":"product_cat","embeddable":true,"href":"https:\/\/scalesuspension.com\/fr\/wp-json\/wp\/v2\/product_cat?post=8968"},{"taxonomy":"product_tag","embeddable":true,"href":"https:\/\/scalesuspension.com\/fr\/wp-json\/wp\/v2\/product_tag?post=8968"}],"curies":[{"name":"wp","href":"https:\/\/api.w.org\/{rel}","templated":true}]}}