{"id":8954,"date":"2023-02-14T14:46:42","date_gmt":"2023-02-14T19:46:42","guid":{"rendered":"https:\/\/scalesuspension.com\/product\/kit-dadaptation-pour-ressorts-superposes-swift-60mm-i-d-paire\/"},"modified":"2023-09-26T14:14:06","modified_gmt":"2023-09-26T18:14:06","slug":"sp60","status":"publish","type":"product","link":"https:\/\/scalesuspension.com\/fr\/produit\/sp60\/","title":{"rendered":"KIT D&rsquo;ADAPTATION POUR RESSORTS SUPERPOS\u00c9S SWIFT 60MM I.D. (PAIRE)"},"content":{"rendered":"<p><strong> Vendu en kit pour 2 ressorts\/jambes de force<\/strong><\/p>\n<p>L&rsquo;adaptateur de ressort superpos\u00e9s est fabriqu\u00e9 \u00e0 partir d&rsquo;un plastique autolubrifiant similaire \u00e0 celui des feuilles de siege de ressort SWIFT. Il est con\u00e7u pour empiler un ressort d&rsquo;aide ou d&rsquo;assistance sur le ressort principal sans endommager le filetage du corps de l&rsquo;amortisseur en cas de contact et permet au ressort de se boudiner en cas de besoin lors de la compression. L&rsquo;adaptateur pour ressorts empil\u00e9s est \u00e9galement con\u00e7u pour les applications de course qui cherchent \u00e0 utiliser une configuration \u00e0 double taux ou \u00e0 taux progressif sans ajouter de poids non suspendu ind\u00e9sirable comme son homologue en acier ou en aluminium.<\/p>\n<p><strong> Inclus dans le kit : <\/strong><\/p>\n<ul>\n<li>2x Adaptateurs en plastique<\/li>\n<li>4x Rondelles en acier inoxydable<\/li>\n<\/ul>\n","protected":false},"excerpt":{"rendered":"<p>Vendu en kit pour 2 ressorts\/jambes de force L&rsquo;adaptateur de ressort superpos\u00e9s est fabriqu\u00e9 \u00e0 partir d&rsquo;un plastique autolubrifiant similaire \u00e0 celui des feuilles de siege de ressort SWIFT. Il est con\u00e7u pour empiler un ressort d&rsquo;aide ou d&rsquo;assistance sur le ressort principal sans endommager le filetage du corps de l&rsquo;amortisseur en cas de contact [&hellip;]<\/p>\n","protected":false},"featured_media":5599,"comment_status":"open","ping_status":"closed","template":"","meta":[],"product_brand":[],"product_cat":[959],"product_tag":[],"class_list":{"0":"post-8954","1":"product","2":"type-product","3":"status-publish","4":"has-post-thumbnail","6":"product_cat-assist-helper-misc-fr","7":"product_shipping_class-marchand","9":"first","10":"instock","11":"sale","12":"taxable","13":"shipping-taxable","14":"purchasable","15":"product-type-simple"},"_links":{"self":[{"href":"https:\/\/scalesuspension.com\/fr\/wp-json\/wp\/v2\/product\/8954","targetHints":{"allow":["GET"]}}],"collection":[{"href":"https:\/\/scalesuspension.com\/fr\/wp-json\/wp\/v2\/product"}],"about":[{"href":"https:\/\/scalesuspension.com\/fr\/wp-json\/wp\/v2\/types\/product"}],"replies":[{"embeddable":true,"href":"https:\/\/scalesuspension.com\/fr\/wp-json\/wp\/v2\/comments?post=8954"}],"wp:featuredmedia":[{"embeddable":true,"href":"https:\/\/scalesuspension.com\/fr\/wp-json\/wp\/v2\/media\/5599"}],"wp:attachment":[{"href":"https:\/\/scalesuspension.com\/fr\/wp-json\/wp\/v2\/media?parent=8954"}],"wp:term":[{"taxonomy":"product_brand","embeddable":true,"href":"https:\/\/scalesuspension.com\/fr\/wp-json\/wp\/v2\/product_brand?post=8954"},{"taxonomy":"product_cat","embeddable":true,"href":"https:\/\/scalesuspension.com\/fr\/wp-json\/wp\/v2\/product_cat?post=8954"},{"taxonomy":"product_tag","embeddable":true,"href":"https:\/\/scalesuspension.com\/fr\/wp-json\/wp\/v2\/product_tag?post=8954"}],"curies":[{"name":"wp","href":"https:\/\/api.w.org\/{rel}","templated":true}]}}