{"id":8953,"date":"2023-02-20T11:00:48","date_gmt":"2023-02-20T16:00:48","guid":{"rendered":"https:\/\/scalesuspension.com\/product\/chevrolet-corvette-97-04-c5-zo6-serie-alpine\/"},"modified":"2023-09-26T12:27:30","modified_gmt":"2023-09-26T16:27:30","slug":"cv04-as","status":"publish","type":"product","link":"https:\/\/scalesuspension.com\/fr\/produit\/cv04-as\/","title":{"rendered":"CHEVROLET CORVETTE 97-04 C5\/ZO6 S\u00c9RIE ALPINE"},"content":{"rendered":"<p>La configuration monotube, ajout\u00e9e au corps enti\u00e8rement filet\u00e9, permet d&rsquo;obtenir une suspension longue dur\u00e9e enti\u00e8rement r\u00e9glable. Comme la hauteur de caisse est d\u00e9termin\u00e9e par la longueur totale de l&rsquo;amortisseur, la pr\u00e9charge du ressort, le niveau de confort et le d\u00e9battement de la suspension restent les m\u00eames quelle que soit la hauteur de caisse, contrairement \u00e0 d&rsquo;autres suspensions o\u00f9 la hauteur de caisse est d\u00e9termin\u00e9e par le si\u00e8ge du ressort, ce qui a pour effet de r\u00e9duire le d\u00e9battement autoris\u00e9 \u00e0 mesure que l&rsquo;on abaisse la hauteur de caisse.<\/p>\n<p>Le CV04-AS est offert en version r\u00e9guli\u00e8re seulement. Cette version permet un ajustement de la hauteur de la suspension \u00e0 partir du stock jusqu&rsquo;\u00e0 environ -2.0 pouces. Le niveau de confort est vraiment bon pour un usage quotidien et le d\u00e9battement de la suspension est consid\u00e9rablement r\u00e9duit pour \u00e9viter tout probl\u00e8me de frottement lors de l&rsquo;abaissement.<\/p>\n<p>Cette application utilise une configuration de suspension \u00e0 double triangulation \u00e0 l&rsquo;avant et \u00e0 l&rsquo;arri\u00e8re. Cela signifie que l&rsquo;amortisseur n&rsquo;a pas d&rsquo;impact direct sur le parall\u00e9lisme des roues. L&rsquo;alignement de chaque voiture est affect\u00e9 par l&rsquo;abaissement du v\u00e9hicule et par la g\u00e9om\u00e9trie de la suspension. Le bras de contr\u00f4le d&rsquo;usine de la Corvette C5 est \u00e9quip\u00e9 d&rsquo;un boulon excentrique de r\u00e9glage du carrossage et de la chasse pour r\u00e9gler l&rsquo;alignement des roues aux sp\u00e9cifications d&rsquo;usine afin d&rsquo;\u00e9viter l&rsquo;usure excessive des pneus apr\u00e8s avoir modifi\u00e9 la hauteur de conduite.<\/p>\n","protected":false},"excerpt":{"rendered":"<p>La s\u00e9rie Alpine de la Chevrolet Corvette 1997-2004 est le syst\u00e8me de suspension r\u00e9glable que vous devez consid\u00e9rer si vous voulez remplacer des ressorts \u00e0 lames en composite fatigu\u00e9s ou fissur\u00e9s, am\u00e9liorer les performances de maniabilit\u00e9 ou simplement obtenir un look agressif en abaissant la voiture pour atteindre l&rsquo;ajustement et la hauteur de conduite que vous avez toujours recherch\u00e9s.<\/p>\n<p>Ce produit convient \u00e0 la fois \u00e0 la Corvette de base et \u00e0 la version Z06.<\/p>\n<p>La configuration v\u00e9ritable coil-over remplace le ressort \u00e0 lames composite d&rsquo;usine. Ce composant doit donc \u00eatre retir\u00e9 de la voiture pour ne pas agir contre l&rsquo;amortisseur coil-over et affecter la hauteur de conduite. Les points de montage \u00e0 pallier sph\u00e9rique sont utilis\u00e9s sur cette application pour offrir plus de pr\u00e9cision par rapport aux bagues en caoutchouc d&rsquo;origine.<\/p>\n","protected":false},"featured_media":5784,"comment_status":"open","ping_status":"closed","template":"","meta":[],"product_brand":[],"product_cat":[940,943,951,957,971],"product_tag":[],"class_list":{"0":"post-8953","1":"product","2":"type-product","3":"status-publish","4":"has-post-thumbnail","6":"product_cat-serie-alpine","7":"product_cat-avant","8":"product_cat-multilink-fr","9":"product_cat-spring-alpine-fr","10":"product_cat-regular-fr","11":"product_shipping_class-kit-complet","12":"pa_aluminium-type-6061-t6-cnc-forged-fr","13":"pa_anodized-body-noir","14":"pa_assembly-rebuildable-fr","15":"pa_availability-fabrique-sur-commande","16":"pa_body-diameter-m52x1-5-fr","17":"pa_car-make-chevrolet","18":"pa_car-model-corvette","19":"pa_car-year-1997-fr","20":"pa_car-year-2002-fr","21":"pa_car-year-1998-fr","22":"pa_car-year-2003-fr","23":"pa_car-year-1999-fr","24":"pa_car-year-2000-fr","25":"pa_car-year-2001-fr","26":"pa_condition-neuf","27":"pa_default-spring-color-chrome-noir","28":"pa_internal-design-monotube-fr","29":"pa_powdercoated-body-noir-lustre","30":"pa_pressurized-charge-azote-gazeux-sous-haute-pression","31":"pa_shock-oil-type-huile-damortisseur-synthetique","32":"pa_suspension-type-front-double-triangulation","33":"pa_suspension-type-rear-double-wishbone","34":"pa_timeframe-for-delivery-1-3-semaines","35":"pa_warranty-2-ans","37":"first","38":"instock","39":"taxable","40":"shipping-taxable","41":"purchasable","42":"product-type-simple"},"_links":{"self":[{"href":"https:\/\/scalesuspension.com\/fr\/wp-json\/wp\/v2\/product\/8953","targetHints":{"allow":["GET"]}}],"collection":[{"href":"https:\/\/scalesuspension.com\/fr\/wp-json\/wp\/v2\/product"}],"about":[{"href":"https:\/\/scalesuspension.com\/fr\/wp-json\/wp\/v2\/types\/product"}],"replies":[{"embeddable":true,"href":"https:\/\/scalesuspension.com\/fr\/wp-json\/wp\/v2\/comments?post=8953"}],"wp:featuredmedia":[{"embeddable":true,"href":"https:\/\/scalesuspension.com\/fr\/wp-json\/wp\/v2\/media\/5784"}],"wp:attachment":[{"href":"https:\/\/scalesuspension.com\/fr\/wp-json\/wp\/v2\/media?parent=8953"}],"wp:term":[{"taxonomy":"product_brand","embeddable":true,"href":"https:\/\/scalesuspension.com\/fr\/wp-json\/wp\/v2\/product_brand?post=8953"},{"taxonomy":"product_cat","embeddable":true,"href":"https:\/\/scalesuspension.com\/fr\/wp-json\/wp\/v2\/product_cat?post=8953"},{"taxonomy":"product_tag","embeddable":true,"href":"https:\/\/scalesuspension.com\/fr\/wp-json\/wp\/v2\/product_tag?post=8953"}],"curies":[{"name":"wp","href":"https:\/\/api.w.org\/{rel}","templated":true}]}}