{"id":8948,"date":"2023-02-20T17:54:30","date_gmt":"2023-02-20T22:54:30","guid":{"rendered":"https:\/\/scalesuspension.com\/product\/dodge-viper-96-10-serie-alpine\/"},"modified":"2023-09-25T13:29:27","modified_gmt":"2023-09-25T17:29:27","slug":"dg20-as","status":"publish","type":"product","link":"https:\/\/scalesuspension.com\/fr\/produit\/dg20-as\/","title":{"rendered":"DODGE VIPER 96-10 S\u00c9RIE ALPINE"},"content":{"rendered":"<p>Le DG20-AS est offert en version r\u00e9guli\u00e8re seulement. Cette version permet d&rsquo;ajuster la hauteur de la suspension \u00e0 environ -2,5 pouces par rapport \u00e0 la hauteur d&rsquo;origine. Le niveau de confort est vraiment bon pour un usage quotidien et le d\u00e9battement de la suspension est consid\u00e9rablement r\u00e9duit pour \u00e9viter tout probl\u00e8me de frottement lors de l&rsquo;abaissement.<\/p>\n<p>Cette application utilise une configuration de suspension \u00e0 double triangulation \u00e0 l&rsquo;avant et \u00e0 l&rsquo;arri\u00e8re. Cela signifie que l&rsquo;amortisseur n&rsquo;a pas d&rsquo;impact direct sur le parall\u00e9lisme des roues. L&rsquo;alignement de chaque voiture est affect\u00e9 par l&rsquo;abaissement du v\u00e9hicule et par la g\u00e9om\u00e9trie de la suspension. Le bras de contr\u00f4le d&rsquo;usine de la Viper est \u00e9quip\u00e9 de boulon excentrique de r\u00e9glage du carrossage et de la chasse d&rsquo;eau pour r\u00e9gler l&rsquo;alignement des roues aux sp\u00e9cifications d&rsquo;usine afin d&rsquo;\u00e9viter une usure excessive des pneus apr\u00e8s avoir modifi\u00e9 la hauteur de conduite.<\/p>\n","protected":false},"excerpt":{"rendered":"<p>La s\u00e9rie Alpine de la Dodge Viper 1996-2010 est le syst\u00e8me de suspension r\u00e9glable que vous devez consid\u00e9rer si vous voulez am\u00e9liorer les performances de maniabilit\u00e9 ou simplement obtenir un look agressif en abaissant la voiture pour atteindre l&rsquo;ajustement et la hauteur de conduite que vous avez toujours recherch\u00e9s.<\/p>\n<p>La configuration monotube, ajout\u00e9e au corps enti\u00e8rement filet\u00e9, permet d&rsquo;obtenir une suspension longue dur\u00e9e enti\u00e8rement r\u00e9glable. Comme la hauteur de caisse est d\u00e9termin\u00e9e par la longueur totale de l&rsquo;amortisseur, la pr\u00e9charge du ressort, le niveau de confort et le d\u00e9battement de la suspension restent les m\u00eames quelle que soit la hauteur de caisse, contrairement \u00e0 d&rsquo;autres suspensions o\u00f9 la hauteur de caisse est d\u00e9termin\u00e9e par le si\u00e8ge du ressort, ce qui a pour effet de r\u00e9duire le d\u00e9battement autoris\u00e9 \u00e0 mesure que l&rsquo;on abaisse la hauteur de caisse.<\/p>\n","protected":false},"featured_media":5850,"comment_status":"open","ping_status":"closed","template":"","meta":[],"product_brand":[],"product_cat":[951,957,971,940,943],"product_tag":[],"class_list":{"0":"post-8948","1":"product","2":"type-product","3":"status-publish","4":"has-post-thumbnail","6":"product_cat-multilink-fr","7":"product_cat-spring-alpine-fr","8":"product_cat-regular-fr","9":"product_cat-serie-alpine","10":"product_cat-avant","11":"product_shipping_class-kit-complet","12":"pa_aluminium-type-6061-t6-cnc-forged-fr","13":"pa_anodized-body-noir","14":"pa_assembly-rebuildable-fr","15":"pa_availability-fabrique-sur-commande","16":"pa_body-diameter-m52x1-5-fr","17":"pa_car-make-dodge","18":"pa_car-model-viper","19":"pa_car-year-1996-fr","20":"pa_car-year-1997-fr","21":"pa_car-year-2002-fr","22":"pa_car-year-1998-fr","23":"pa_car-year-2003-fr","24":"pa_car-year-1999-fr","25":"pa_car-year-2000-fr","26":"pa_car-year-2001-fr","27":"pa_condition-neuf","28":"pa_default-spring-color-chrome-noir","29":"pa_internal-design-monotube-fr","30":"pa_powdercoated-body-noir-lustre","31":"pa_pressurized-charge-azote-gazeux-sous-haute-pression","32":"pa_shock-oil-type-huile-damortisseur-synthetique","33":"pa_suspension-type-front-double-triangulation","34":"pa_suspension-type-rear-double-wishbone","35":"pa_timeframe-for-delivery-1-3-semaines","36":"pa_warranty-2-ans","38":"first","39":"instock","40":"taxable","41":"shipping-taxable","42":"purchasable","43":"product-type-simple"},"_links":{"self":[{"href":"https:\/\/scalesuspension.com\/fr\/wp-json\/wp\/v2\/product\/8948","targetHints":{"allow":["GET"]}}],"collection":[{"href":"https:\/\/scalesuspension.com\/fr\/wp-json\/wp\/v2\/product"}],"about":[{"href":"https:\/\/scalesuspension.com\/fr\/wp-json\/wp\/v2\/types\/product"}],"replies":[{"embeddable":true,"href":"https:\/\/scalesuspension.com\/fr\/wp-json\/wp\/v2\/comments?post=8948"}],"wp:featuredmedia":[{"embeddable":true,"href":"https:\/\/scalesuspension.com\/fr\/wp-json\/wp\/v2\/media\/5850"}],"wp:attachment":[{"href":"https:\/\/scalesuspension.com\/fr\/wp-json\/wp\/v2\/media?parent=8948"}],"wp:term":[{"taxonomy":"product_brand","embeddable":true,"href":"https:\/\/scalesuspension.com\/fr\/wp-json\/wp\/v2\/product_brand?post=8948"},{"taxonomy":"product_cat","embeddable":true,"href":"https:\/\/scalesuspension.com\/fr\/wp-json\/wp\/v2\/product_cat?post=8948"},{"taxonomy":"product_tag","embeddable":true,"href":"https:\/\/scalesuspension.com\/fr\/wp-json\/wp\/v2\/product_tag?post=8948"}],"curies":[{"name":"wp","href":"https:\/\/api.w.org\/{rel}","templated":true}]}}