{"id":8946,"date":"2023-02-28T16:29:13","date_gmt":"2023-02-28T21:29:13","guid":{"rendered":"https:\/\/scalesuspension.com\/product\/porsche-911-rwb-964-precoce-89-90-serie-alpine\/"},"modified":"2023-09-22T14:14:46","modified_gmt":"2023-09-22T18:14:46","slug":"ps01-as-rwb","status":"publish","type":"product","link":"https:\/\/scalesuspension.com\/fr\/produit\/ps01-as-rwb\/","title":{"rendered":"PORSCHE 911 RWB 964 *EARLY* 89-90 S\u00c9RIE ALPINE"},"content":{"rendered":"<p>La configuration monotube, ajout\u00e9e au corps enti\u00e8rement filet\u00e9, permet d&rsquo;obtenir une suspension longue dur\u00e9e enti\u00e8rement r\u00e9glable. Comme la hauteur de caisse est d\u00e9termin\u00e9e par la longueur totale de l&rsquo;amortisseur, la pr\u00e9charge du ressort, le niveau de confort et le d\u00e9battement de la suspension restent les m\u00eames quelle que soit la hauteur de caisse, contrairement \u00e0 d&rsquo;autres suspensions o\u00f9 la hauteur de caisse est d\u00e9termin\u00e9e par le si\u00e8ge du ressort, ce qui a pour effet de r\u00e9duire le d\u00e9battement disponible \u00e0 mesure que l&rsquo;on abaisse la hauteur de caisse.<\/p>\n<p>Le PS01-AS-RWB n&rsquo;est propos\u00e9 qu&rsquo;en une seule version, car le kit de carrosserie doit rester dans une certaine fourchette de hauteur de caisse pour \u00e9viter que les roues ne heurtent le pare-chocs avant lorsque l&rsquo;on tourne le volant. Vous pouvez toujours ajuster la suspension pour obtenir un ajustement propre sans toujours frotter la l\u00e8vre avant sur le sol ou la r\u00e9gler plus bas pour que la plus grande partie du pneu soit cach\u00e9e dans l&rsquo;aile et gratte la route avec la l\u00e8vre en caoutchouc.<\/p>\n<p>Cette application utilise une configuration de suspension macpherson \u00e0 l&rsquo;avant. Des plaques de r\u00e9glage du carrossage sont incluses pour r\u00e9gler l&rsquo;alignement des roues aux sp\u00e9cifications d&rsquo;usine apr\u00e8s l&rsquo;abaissement de votre voiture.<\/p>\n<p>La configuration multilink de l&rsquo;arri\u00e8re signifie que l&rsquo;amortisseur n&rsquo;a pas d&rsquo;impact direct sur l&rsquo;alignement des roues. La 911 dispose d&rsquo;un r\u00e9glage du carrossage et du pincement \u00e0 l&rsquo;aide d&rsquo;un boulon excentrique, mais si vous abaissez consid\u00e9rablement votre voiture ou si vous souhaitez un r\u00e9glage plus important, des bras de contr\u00f4le arri\u00e8re enti\u00e8rement r\u00e9glables sont propos\u00e9s par diff\u00e9rentes marques.<\/p>\n<p>&nbsp;<\/p>\n<p>Si vous souhaitez \u00e9galement un syst\u00e8me de levage avant pour franchir les obstacles, nous proposons un syst\u00e8me activ\u00e9 par la pression d&rsquo;air con\u00e7u pour nos coilovers afin de ne pas r\u00e9duire la course disponible de la jambe de force comparativement aux syst\u00e8mes de levage coilover g\u00e9n\u00e9riques. Consultez notre gamme de produits Hybrid series pour en savoir plus sur ce syst\u00e8me de levage qui peut \u00eatre ajout\u00e9 \u00e0 votre suspension coilover. Veuillez noter que, comme pour la hauteur de caisse disponible, la configuration du pare-chocs avant ne permet pas de tourner les roues \u00e0 fond lorsque le v\u00e9hicule est soulev\u00e9. Nous vous recommandons donc d&rsquo;\u00eatre prudent si vous devez tourner les roues lorsque les coussins d&rsquo;air sont activ\u00e9s.<\/p>\n","protected":false},"excerpt":{"rendered":"<p>Le Coilover Alpine Series sp\u00e9cifique \u00e0 la Porsche 911 RWB 1989-1990 est con\u00e7u pour atteindre un \u00e9quilibre parfait entre confort et performances accrues, m\u00eame avec l&rsquo;augmentation de la largeur de voie et le changement de la g\u00e9om\u00e9trie de la suspension. Nous avons con\u00e7u cette suspension directement sur une Porsche RWB afin de trouver le taux de ressort et la soupape d&rsquo;amortisseur parfaits pour \u00e9quilibrer parfaitement la voiture, ajoutant des performances de suspension tout en maintenant le niveau de confort que les gens demandent au volant d&rsquo;une Porsche. Ce syst\u00e8me de suspension vous permet d&rsquo;ajuster facilement votre hauteur de conduite tout en augmentant les performances de maniabilit\u00e9.<\/p>\n<p>Le support sup\u00e9rieur r\u00e9glable en carrossage avant et le palier gravitationnel sont inclus dans cette s\u00e9rie Alpine afin d&rsquo;offrir un r\u00e9glage complet et d&rsquo;assurer une suspension souple.<\/p>\n","protected":false},"featured_media":6183,"comment_status":"open","ping_status":"closed","template":"","meta":[],"product_brand":[],"product_cat":[957,971,239,940,951],"product_tag":[],"class_list":{"0":"post-8946","1":"product","2":"type-product","3":"status-publish","4":"has-post-thumbnail","6":"product_cat-spring-alpine-fr","7":"product_cat-regular-fr","8":"product_cat-plaque-de-carossage-incluse","9":"product_cat-serie-alpine","10":"product_cat-multilink-fr","11":"product_shipping_class-kit-complet","12":"pa_aluminium-type-6061-t6-cnc-forged-fr","13":"pa_anodized-body-noir","14":"pa_assembly-rebuildable-fr","15":"pa_availability-fabrique-sur-commande","16":"pa_body-diameter-m52x1-5-fr","17":"pa_car-make-porsche","18":"pa_car-model-486","19":"pa_car-year-1990-fr","20":"pa_condition-neuf","21":"pa_default-spring-color-chrome-noir","22":"pa_internal-design-monotube-fr","23":"pa_powdercoated-body-noir-lustre","24":"pa_pressurized-charge-azote-gazeux-sous-haute-pression","25":"pa_shock-oil-type-huile-damortisseur-synthetique","26":"pa_suspension-type-front-macpherson-fr","27":"pa_suspension-type-rear-multi-link","28":"pa_timeframe-for-delivery-1-3-semaines","29":"pa_warranty-2-ans","31":"first","32":"instock","33":"taxable","34":"shipping-taxable","35":"purchasable","36":"product-type-simple"},"_links":{"self":[{"href":"https:\/\/scalesuspension.com\/fr\/wp-json\/wp\/v2\/product\/8946","targetHints":{"allow":["GET"]}}],"collection":[{"href":"https:\/\/scalesuspension.com\/fr\/wp-json\/wp\/v2\/product"}],"about":[{"href":"https:\/\/scalesuspension.com\/fr\/wp-json\/wp\/v2\/types\/product"}],"replies":[{"embeddable":true,"href":"https:\/\/scalesuspension.com\/fr\/wp-json\/wp\/v2\/comments?post=8946"}],"wp:featuredmedia":[{"embeddable":true,"href":"https:\/\/scalesuspension.com\/fr\/wp-json\/wp\/v2\/media\/6183"}],"wp:attachment":[{"href":"https:\/\/scalesuspension.com\/fr\/wp-json\/wp\/v2\/media?parent=8946"}],"wp:term":[{"taxonomy":"product_brand","embeddable":true,"href":"https:\/\/scalesuspension.com\/fr\/wp-json\/wp\/v2\/product_brand?post=8946"},{"taxonomy":"product_cat","embeddable":true,"href":"https:\/\/scalesuspension.com\/fr\/wp-json\/wp\/v2\/product_cat?post=8946"},{"taxonomy":"product_tag","embeddable":true,"href":"https:\/\/scalesuspension.com\/fr\/wp-json\/wp\/v2\/product_tag?post=8946"}],"curies":[{"name":"wp","href":"https:\/\/api.w.org\/{rel}","templated":true}]}}