{"id":8938,"date":"2023-02-24T13:38:24","date_gmt":"2023-02-24T18:38:24","guid":{"rendered":"https:\/\/scalesuspension.com\/product\/lamborghini-diablo-91-02-serie-alpine\/"},"modified":"2023-09-25T12:55:58","modified_gmt":"2023-09-25T16:55:58","slug":"lb01-as","status":"publish","type":"product","link":"https:\/\/scalesuspension.com\/fr\/produit\/lb01-as\/","title":{"rendered":"LAMBORGHINI DIABLO 91-02 S\u00c9RIE ALPINE"},"content":{"rendered":"<p>Le LB01-AS est propos\u00e9 en 2 versions diff\u00e9rentes en fonction de la hauteur de caisse, du niveau de confort et de l&rsquo;utilisation recherch\u00e9s par chaque client.<\/p>\n<p>&#8211; Version de remplacement OE : Cette version est con\u00e7ue pour conserver un niveau de confort tr\u00e8s proche de celui de l&rsquo;\u00e9quipement d&rsquo;origine tout en am\u00e9liorant les performances de maniabilit\u00e9 par rapport \u00e0 la suspension d&rsquo;origine. Cette version n&rsquo;est pas con\u00e7ue pour s&rsquo;abaisser de plus de -0,5 pouce de l&rsquo;original \u00e0 la hauteur minimale. La version de remplacement OE est plus utilis\u00e9e par les personnes cherchant \u00e0 remplacer une suspension d&rsquo;origine endommag\u00e9e ou us\u00e9e tout en conservant l&rsquo;aspect et le niveau de confort d&rsquo;origine.<\/p>\n<p>&#8211; Version R\u00e9guliere : Cette version est la plus utilis\u00e9e par les clients souhaitant abaisser leur Diablo. Elle permet d&rsquo;ajuster la hauteur de la suspension de la hauteur d&rsquo;origine \u00e0 environ -2,5 pouces. Le niveau de confort reste tout \u00e0 fait acceptable pour un usage quotidien, mais il ce doit certainement d&rsquo;\u00eatre plus sportif pour \u00e9viter tout probl\u00e8me de frottement lorsque l&rsquo;on abaisse l&rsquo;auto. Les ressorts plus rigides et les soupapes am\u00e9liorent consid\u00e9rablement la maniabilit\u00e9 par rapport \u00e0 la suspension d&rsquo;origine.<\/p>\n<p>Cette application utilise une configuration de suspension \u00e0 double triangulation \u00e0 l&rsquo;avant et \u00e0 l&rsquo;arri\u00e8re. Cela signifie que les amortisseurs n&rsquo;ont pas d&rsquo;impact direct sur le parall\u00e9lisme des roues. L&rsquo;alignement de chaque voiture est affect\u00e9 par l&rsquo;abaissement du v\u00e9hicule et par la g\u00e9om\u00e9trie de la suspension. Le bras de contr\u00f4le d&rsquo;usine des Diablo est \u00e9quip\u00e9 d&rsquo;un boulon excentrique de r\u00e9glage du carrossage et de la chasse pour r\u00e9gler l&rsquo;alignement des roues aux sp\u00e9cifications d&rsquo;usine afin d&rsquo;\u00e9viter une usure excessive des pneus apr\u00e8s avoir modifi\u00e9 la hauteur de conduite.<\/p>\n<p>Ce mod\u00e8le poss\u00e8de 6 amortisseurs (2 \u00e0 l&rsquo;avant et 4 \u00e0 l&rsquo;arri\u00e8re). Le prix de l&rsquo;option du ressort swift est donc bas\u00e9 sur une mise \u00e0 niveau de 6 ressorts.<\/p>\n<p>Si votre Diablo est \u00e9quip\u00e9e d&rsquo;un syst\u00e8me de levage avant pour franchir les obstacles et que vous souhaitez conserver cette fonction lorsque vous passez \u00e0 notre syst\u00e8me de coilover, nous proposons un syst\u00e8me activ\u00e9 par la pression d&rsquo;air qui remplacera le syst\u00e8me de levage hydraulique d&rsquo;usine. Consultez notre gamme de produits Hybrid series pour en savoir plus sur ce syst\u00e8me de levage qui peut \u00eatre ajout\u00e9 \u00e0 votre suspension coilover.<\/p>\n","protected":false},"excerpt":{"rendered":"<p>La s\u00e9rie Alpine pour Lamborghini Diablo 1991-2002 est le syst\u00e8me de suspension ajustable que vous devez consid\u00e9rer si vous voulez am\u00e9liorer les performances de maniabilit\u00e9 ou simplement obtenir un look agressif en abaissant la voiture pour atteindre l&rsquo;ajustement et la hauteur de conduite que vous avez toujours recherch\u00e9s.<\/p>\n<p>La configuration monotube, ajout\u00e9e au corps enti\u00e8rement filet\u00e9, permet d&rsquo;obtenir une suspension longue dur\u00e9e enti\u00e8rement r\u00e9glable. Comme la hauteur de caisse est d\u00e9termin\u00e9e par la longueur totale de l&rsquo;amortisseur, la pr\u00e9charge du ressort, le niveau de confort et le d\u00e9battement de la suspension restent les m\u00eames quelle que soit la hauteur de caisse, contrairement \u00e0 d&rsquo;autres suspensions o\u00f9 la hauteur de caisse est d\u00e9termin\u00e9e par le si\u00e8ge du ressort, ce qui a pour effet de r\u00e9duire le d\u00e9battement autoris\u00e9 \u00e0 mesure que l&rsquo;on abaisse la hauteur de caisse.<\/p>\n","protected":false},"featured_media":6119,"comment_status":"open","ping_status":"closed","template":"","meta":[],"product_brand":[],"product_cat":[955,970,940,943,951],"product_tag":[],"class_list":{"0":"post-8938","1":"product","2":"type-product","3":"status-publish","4":"has-post-thumbnail","6":"product_cat-6-shock-upgrade-fr","7":"product_cat-oe-replacement-fr","8":"product_cat-serie-alpine","9":"product_cat-avant","10":"product_cat-multilink-fr","11":"product_shipping_class-kit-complet","12":"pa_aluminium-type-6061-t6-cnc-forged-fr","13":"pa_anodized-body-noir","14":"pa_assembly-rebuildable-fr","15":"pa_availability-fabrique-sur-commande","16":"pa_body-diameter-m52x1-5-fr","17":"pa_car-make-lamborghini","18":"pa_car-model-diablo","19":"pa_car-year-1996-fr","20":"pa_car-year-1997-fr","21":"pa_car-year-2002-fr","22":"pa_car-year-1998-fr","23":"pa_car-year-1991-fr","24":"pa_car-year-1999-fr","25":"pa_car-year-1992-fr","26":"pa_car-year-2000-fr","27":"pa_car-year-1993-fr","28":"pa_car-year-2001-fr","29":"pa_condition-neuf","30":"pa_default-spring-color-chrome-noir","31":"pa_internal-design-monotube-fr","32":"pa_powdercoated-body-noir-lustre","33":"pa_pressurized-charge-azote-gazeux-sous-haute-pression","34":"pa_shock-oil-type-huile-damortisseur-synthetique","35":"pa_suspension-type-front-double-triangulation","36":"pa_suspension-type-rear-double-wishbone","37":"pa_timeframe-for-delivery-1-3-semaines","38":"pa_warranty-2-ans","40":"first","41":"instock","42":"taxable","43":"shipping-taxable","44":"purchasable","45":"product-type-simple"},"_links":{"self":[{"href":"https:\/\/scalesuspension.com\/fr\/wp-json\/wp\/v2\/product\/8938","targetHints":{"allow":["GET"]}}],"collection":[{"href":"https:\/\/scalesuspension.com\/fr\/wp-json\/wp\/v2\/product"}],"about":[{"href":"https:\/\/scalesuspension.com\/fr\/wp-json\/wp\/v2\/types\/product"}],"replies":[{"embeddable":true,"href":"https:\/\/scalesuspension.com\/fr\/wp-json\/wp\/v2\/comments?post=8938"}],"wp:featuredmedia":[{"embeddable":true,"href":"https:\/\/scalesuspension.com\/fr\/wp-json\/wp\/v2\/media\/6119"}],"wp:attachment":[{"href":"https:\/\/scalesuspension.com\/fr\/wp-json\/wp\/v2\/media?parent=8938"}],"wp:term":[{"taxonomy":"product_brand","embeddable":true,"href":"https:\/\/scalesuspension.com\/fr\/wp-json\/wp\/v2\/product_brand?post=8938"},{"taxonomy":"product_cat","embeddable":true,"href":"https:\/\/scalesuspension.com\/fr\/wp-json\/wp\/v2\/product_cat?post=8938"},{"taxonomy":"product_tag","embeddable":true,"href":"https:\/\/scalesuspension.com\/fr\/wp-json\/wp\/v2\/product_tag?post=8938"}],"curies":[{"name":"wp","href":"https:\/\/api.w.org\/{rel}","templated":true}]}}