{"id":8927,"date":"2023-02-28T17:48:33","date_gmt":"2023-02-28T22:48:33","guid":{"rendered":"https:\/\/scalesuspension.com\/product\/porsche-911-997-05-11-c4-c4s-targa-alpine-series\/"},"modified":"2023-09-22T14:11:54","modified_gmt":"2023-09-22T18:11:54","slug":"ps07-as-2","status":"publish","type":"product","link":"https:\/\/scalesuspension.com\/fr\/produit\/ps07-as-2\/","title":{"rendered":"PORSCHE 911 997 05-11 (C4\/C4S\/TARGA) ALPINE SERIES"},"content":{"rendered":"<p>La configuration monotube, ajout\u00e9e au corps enti\u00e8rement filet\u00e9, permet d&rsquo;obtenir une suspension longue dur\u00e9e enti\u00e8rement r\u00e9glable. Comme la hauteur de caisse est d\u00e9termin\u00e9e par la longueur totale de l&rsquo;amortisseur, la pr\u00e9charge du ressort, le niveau de confort et le d\u00e9battement de la suspension restent les m\u00eames quelle que soit la hauteur de caisse, contrairement \u00e0 d&rsquo;autres suspensions o\u00f9 la hauteur de caisse est d\u00e9termin\u00e9e par le si\u00e8ge du ressort, ce qui a pour effet de r\u00e9duire le d\u00e9battement disponible \u00e0 mesure que l&rsquo;on abaisse la hauteur de caisse.<\/p>\n<p>Le PS07-AS n&rsquo;est propos\u00e9 que dans la version r\u00e9guliere. Cette version est la plus utilis\u00e9e et est con\u00e7ue pour conserver un niveau de confort tr\u00e8s proche de celui d&rsquo;origine tout en am\u00e9liorant les performances de maniabilit\u00e9. Il permet d&rsquo;ajuster la hauteur de la suspension \u00e0 partir de l&rsquo;origine jusqu&rsquo;\u00e0 environ -3 pouces. Le niveau de confort est tr\u00e8s bon pour un usage quotidien, mais il ce doit certainement \u00eatre un peu plus sportif pour \u00e9viter tout probl\u00e8me de frottement lorsque le v\u00e9hicule est abaiss\u00e9. Les ressorts et les soupapes plus rigides par rapport \u00e0 la suspension d&rsquo;origine am\u00e9liorent consid\u00e9rablement les performances de maniabilit\u00e9 par rapport \u00e0 la suspension de s\u00e9rie.<\/p>\n<p>Cette application utilise une configuration de suspension macpherson \u00e0 l&rsquo;avant. Des plaques de r\u00e9glage du carrossage sont incluses pour r\u00e9gler l&rsquo;alignement des roues aux sp\u00e9cifications d&rsquo;usine apr\u00e8s l&rsquo;abaissement de votre voiture.<\/p>\n<p>La configuration multilink de l&rsquo;arri\u00e8re signifie que l&rsquo;amortisseur n&rsquo;a pas d&rsquo;impact direct sur l&rsquo;alignement des roues. La 911 dispose d&rsquo;un r\u00e9glage du carrossage et du pincement \u00e0 l&rsquo;aide d&rsquo;un boulon excentrique, mais si vous abaissez consid\u00e9rablement votre voiture ou si vous souhaitez un r\u00e9glage plus important, des bras de contr\u00f4le arri\u00e8re enti\u00e8rement r\u00e9glables sont propos\u00e9s par diff\u00e9rentes marques.<\/p>\n","protected":false},"excerpt":{"rendered":"<p>La s\u00e9rie Alpine de la Porsche 911 AWD 2005-2011 est le syst\u00e8me de suspension ajustable que vous devez consid\u00e9rer si vous voulez am\u00e9liorer les performances de maniabilit\u00e9 ou simplement obtenir un look agressif en abaissant la voiture pour atteindre l&rsquo;ajustement et la hauteur de conduite que vous avez toujours recherch\u00e9s.<\/p>\n<p>Le support sup\u00e9rieur r\u00e9glable en carrossage avant et le palier gravitationnel sont inclus dans cette s\u00e9rie Alpine afin d&rsquo;offrir un r\u00e9glage complet et d&rsquo;assurer une suspension souple.<\/p>\n","protected":false},"featured_media":6222,"comment_status":"open","ping_status":"closed","template":"","meta":[],"product_brand":[],"product_cat":[971,239,940,941,951,957],"product_tag":[],"class_list":{"0":"post-8927","1":"product","2":"type-product","3":"status-publish","4":"has-post-thumbnail","6":"product_cat-regular-fr","7":"product_cat-plaque-de-carossage-incluse","8":"product_cat-serie-alpine","9":"product_cat-kits-edc-delete","10":"product_cat-multilink-fr","11":"product_cat-spring-alpine-fr","12":"product_shipping_class-kit-complet","13":"pa_aluminium-type-6061-t6-cnc-forged-fr","14":"pa_anodized-body-noir","15":"pa_assembly-rebuildable-fr","16":"pa_availability-fabrique-sur-commande","17":"pa_body-diameter-m52x1-5-fr","18":"pa_car-make-porsche","19":"pa_car-model-486","20":"pa_car-year-72","21":"pa_car-year-172","22":"pa_car-year-173","23":"pa_car-year-67","24":"pa_car-year-69","25":"pa_car-year-70","26":"pa_car-year-71","27":"pa_condition-neuf","28":"pa_default-spring-color-chrome-noir","29":"pa_internal-design-monotube-fr","30":"pa_powdercoated-body-noir-lustre","31":"pa_pressurized-charge-azote-gazeux-sous-haute-pression","32":"pa_shock-oil-type-huile-damortisseur-synthetique","33":"pa_suspension-type-front-macpherson-fr","34":"pa_suspension-type-rear-multi-link","35":"pa_timeframe-for-delivery-1-3-semaines","36":"pa_warranty-2-ans","38":"first","39":"instock","40":"taxable","41":"shipping-taxable","42":"purchasable","43":"product-type-simple"},"_links":{"self":[{"href":"https:\/\/scalesuspension.com\/fr\/wp-json\/wp\/v2\/product\/8927","targetHints":{"allow":["GET"]}}],"collection":[{"href":"https:\/\/scalesuspension.com\/fr\/wp-json\/wp\/v2\/product"}],"about":[{"href":"https:\/\/scalesuspension.com\/fr\/wp-json\/wp\/v2\/types\/product"}],"replies":[{"embeddable":true,"href":"https:\/\/scalesuspension.com\/fr\/wp-json\/wp\/v2\/comments?post=8927"}],"wp:featuredmedia":[{"embeddable":true,"href":"https:\/\/scalesuspension.com\/fr\/wp-json\/wp\/v2\/media\/6222"}],"wp:attachment":[{"href":"https:\/\/scalesuspension.com\/fr\/wp-json\/wp\/v2\/media?parent=8927"}],"wp:term":[{"taxonomy":"product_brand","embeddable":true,"href":"https:\/\/scalesuspension.com\/fr\/wp-json\/wp\/v2\/product_brand?post=8927"},{"taxonomy":"product_cat","embeddable":true,"href":"https:\/\/scalesuspension.com\/fr\/wp-json\/wp\/v2\/product_cat?post=8927"},{"taxonomy":"product_tag","embeddable":true,"href":"https:\/\/scalesuspension.com\/fr\/wp-json\/wp\/v2\/product_tag?post=8927"}],"curies":[{"name":"wp","href":"https:\/\/api.w.org\/{rel}","templated":true}]}}