{"id":8925,"date":"2023-02-28T17:53:35","date_gmt":"2023-02-28T22:53:35","guid":{"rendered":"https:\/\/scalesuspension.com\/product\/ressorts-de-balance-de-remplacement\/"},"modified":"2023-09-22T14:11:48","modified_gmt":"2023-09-22T18:11:48","slug":"sp01","status":"publish","type":"product","link":"https:\/\/scalesuspension.com\/fr\/produit\/sp01\/","title":{"rendered":"RESSORTS SCALE DE REMPLACEMENT"},"content":{"rendered":"<p><strong><span style=\"color: #e41515;\">Vendu \u00e0 l&rsquo;unit\u00e9.<\/span><\/strong><\/p>\n<p>Ressorts de 62 mm de diam\u00e8tre int\u00e9rieur<\/p>\n<p>&nbsp;<\/p>\n<p><strong>Politique de retour<\/strong><\/p>\n<p>Toutes les ventes sont d\u00e9finitives sur les ressorts. Aucun retour ou \u00e9change ne sera accept\u00e9. Assurez-vous de confirmer la taille et le taux de ressort n\u00e9cessaires avant d&rsquo;acheter.<\/p>\n<p>&nbsp;<\/p>\n","protected":false},"excerpt":{"rendered":"<p><strong><span style=\"color: #e41515;\">Vendu \u00e0 l&rsquo;unit\u00e9.<\/span><\/strong><\/p>\n<p>&nbsp;<\/p>\n<p><strong><span style=\"color: #e41515;\"><span style=\"color: #000000;\">Politique de retour<\/span><\/span><\/strong><\/p>\n<p><strong><span style=\"color: #e41515;\"><span style=\"color: #000000;\">Toutes les ventes sont finales sur les ressorts coilover. Aucun retour ou \u00e9change ne sera accept\u00e9. Veillez \u00e0 confirmer la taille et la duret\u00e9e des ressorts avant d&rsquo;acheter. Pour obtenir de l&rsquo;aide, veuillez nous contacter.<\/span><\/span><\/strong><\/p>\n","protected":false},"featured_media":6239,"comment_status":"open","ping_status":"closed","template":"","meta":[],"product_brand":[],"product_cat":[953],"product_tag":[],"class_list":{"0":"post-8925","1":"product","2":"type-product","3":"status-publish","4":"has-post-thumbnail","6":"product_cat-replacement-parts-fr","7":"product_shipping_class-pieces-de-rechange","8":"pa_default-spring-color-noir-lustre","10":"first","11":"instock","12":"taxable","13":"shipping-taxable","14":"purchasable","15":"product-type-simple"},"_links":{"self":[{"href":"https:\/\/scalesuspension.com\/fr\/wp-json\/wp\/v2\/product\/8925","targetHints":{"allow":["GET"]}}],"collection":[{"href":"https:\/\/scalesuspension.com\/fr\/wp-json\/wp\/v2\/product"}],"about":[{"href":"https:\/\/scalesuspension.com\/fr\/wp-json\/wp\/v2\/types\/product"}],"replies":[{"embeddable":true,"href":"https:\/\/scalesuspension.com\/fr\/wp-json\/wp\/v2\/comments?post=8925"}],"wp:featuredmedia":[{"embeddable":true,"href":"https:\/\/scalesuspension.com\/fr\/wp-json\/wp\/v2\/media\/6239"}],"wp:attachment":[{"href":"https:\/\/scalesuspension.com\/fr\/wp-json\/wp\/v2\/media?parent=8925"}],"wp:term":[{"taxonomy":"product_brand","embeddable":true,"href":"https:\/\/scalesuspension.com\/fr\/wp-json\/wp\/v2\/product_brand?post=8925"},{"taxonomy":"product_cat","embeddable":true,"href":"https:\/\/scalesuspension.com\/fr\/wp-json\/wp\/v2\/product_cat?post=8925"},{"taxonomy":"product_tag","embeddable":true,"href":"https:\/\/scalesuspension.com\/fr\/wp-json\/wp\/v2\/product_tag?post=8925"}],"curies":[{"name":"wp","href":"https:\/\/api.w.org\/{rel}","templated":true}]}}