{"id":8923,"date":"2023-02-28T17:34:05","date_gmt":"2023-02-28T22:34:05","guid":{"rendered":"https:\/\/scalesuspension.com\/product\/porsche-boxster-cayman-05-12-987-alpine-series\/"},"modified":"2023-09-22T14:13:25","modified_gmt":"2023-09-22T18:13:25","slug":"ps10-as","status":"publish","type":"product","link":"https:\/\/scalesuspension.com\/fr\/produit\/ps10-as\/","title":{"rendered":"PORSCHE BOXSTER\/CAYMAN 05-12 987 ALPINE SERIES"},"content":{"rendered":"<p>La configuration monotube, ajout\u00e9e au corps enti\u00e8rement filet\u00e9, permet d&rsquo;obtenir une suspension longue dur\u00e9e enti\u00e8rement r\u00e9glable. Comme la hauteur de caisse est d\u00e9termin\u00e9e par la longueur totale de l&rsquo;amortisseur, la pr\u00e9charge du ressort, le niveau de confort et le d\u00e9battement de la suspension restent les m\u00eames quelle que soit la hauteur de caisse, contrairement \u00e0 d&rsquo;autres suspensions o\u00f9 la hauteur de caisse est d\u00e9termin\u00e9e par le si\u00e8ge du ressort, ce qui a pour effet de r\u00e9duire le d\u00e9battement disponible \u00e0 mesure que l&rsquo;on abaisse la hauteur de caisse.<\/p>\n<p>Le PS10-AS n&rsquo;est propos\u00e9 que dans la version r\u00e9guliere. Cette version est la plus utilis\u00e9e et est con\u00e7ue pour conserver un niveau de confort tr\u00e8s proche de celui d&rsquo;origine tout en am\u00e9liorant les performances de maniabilit\u00e9. Elle permet d&rsquo;ajuster la hauteur de la suspension \u00e0 partir du stock jusqu&rsquo;\u00e0 environ -3 pouces. Le niveau de confort est tr\u00e8s bon pour un usage quotidien, mais il ce doit certainement d&rsquo;\u00eatre un peu plus sportif pour \u00e9viter tout probl\u00e8me de frottement lorsque le v\u00e9hicule est abaiss\u00e9. Les ressorts et les soupapes plus rigides par rapport \u00e0 la suspension d&rsquo;origine am\u00e9liorent consid\u00e9rablement les performances de maniabilit\u00e9 par rapport \u00e0 la suspension de s\u00e9rie.<\/p>\n<p>Cette application utilise une configuration de suspension macpherson \u00e0 l&rsquo;avant et \u00e0 l&rsquo;arri\u00e8re. Des plaques de r\u00e9glage du carrossage sont incluses sur les amortisseurs avant et arri\u00e8re pour r\u00e9gler l&rsquo;alignement des roues aux sp\u00e9cifications d&rsquo;usine apr\u00e8s l&rsquo;abaissement de votre voiture.<\/p>\n","protected":false},"excerpt":{"rendered":"<p>La s\u00e9rie Alpine 2005-2012 de Porsche Boxster\/Cayman est le syst\u00e8me de suspension ajustable que vous devez consid\u00e9rer si vous voulez am\u00e9liorer les performances de maniabilit\u00e9 ou simplement obtenir un look agressif en abaissant la voiture pour atteindre l&rsquo;ajustement et la hauteur de conduite que vous avez toujours recherch\u00e9s.<\/p>\n<p>Les supports sup\u00e9rieurs avant et arri\u00e8re \u00e0 carrossage r\u00e9glable et les paliers gravitationnels sont inclus dans cette s\u00e9rie Alpine afin d&rsquo;offrir un r\u00e9glage complet et d&rsquo;assurer une suspension souple.<\/p>\n","protected":false},"featured_media":8658,"comment_status":"open","ping_status":"closed","template":"","meta":[],"product_brand":[],"product_cat":[239,940,952,957,971],"product_tag":[],"class_list":{"0":"post-8923","1":"product","2":"type-product","3":"status-publish","4":"has-post-thumbnail","6":"product_cat-plaque-de-carossage-incluse","7":"product_cat-serie-alpine","8":"product_cat-rear-suspension-macpherson-fr","9":"product_cat-spring-alpine-fr","10":"product_cat-regular-fr","11":"product_shipping_class-kit-complet","12":"pa_aluminium-type-6061-t6-cnc-forged-fr","13":"pa_anodized-body-noir","14":"pa_assembly-rebuildable-fr","15":"pa_availability-fabrique-sur-commande","16":"pa_body-diameter-m52x1-5-fr","17":"pa_car-make-porsche","18":"pa_car-model-boxster","19":"pa_car-model-cayman","20":"pa_car-year-67","21":"pa_car-year-69","22":"pa_car-year-70","23":"pa_car-year-71","24":"pa_car-year-72","25":"pa_car-year-73","26":"pa_car-year-172","27":"pa_car-year-173","28":"pa_condition-neuf","29":"pa_default-spring-color-chrome-noir","30":"pa_internal-design-monotube-fr","31":"pa_powdercoated-body-noir-lustre","32":"pa_pressurized-charge-azote-gazeux-sous-haute-pression","33":"pa_shock-oil-type-huile-damortisseur-synthetique","34":"pa_suspension-type-front-macpherson-fr","35":"pa_suspension-type-rear-macpherson","36":"pa_timeframe-for-delivery-1-3-semaines","37":"pa_warranty-2-ans","39":"first","40":"instock","41":"taxable","42":"shipping-taxable","43":"purchasable","44":"product-type-simple"},"_links":{"self":[{"href":"https:\/\/scalesuspension.com\/fr\/wp-json\/wp\/v2\/product\/8923","targetHints":{"allow":["GET"]}}],"collection":[{"href":"https:\/\/scalesuspension.com\/fr\/wp-json\/wp\/v2\/product"}],"about":[{"href":"https:\/\/scalesuspension.com\/fr\/wp-json\/wp\/v2\/types\/product"}],"replies":[{"embeddable":true,"href":"https:\/\/scalesuspension.com\/fr\/wp-json\/wp\/v2\/comments?post=8923"}],"wp:featuredmedia":[{"embeddable":true,"href":"https:\/\/scalesuspension.com\/fr\/wp-json\/wp\/v2\/media\/8658"}],"wp:attachment":[{"href":"https:\/\/scalesuspension.com\/fr\/wp-json\/wp\/v2\/media?parent=8923"}],"wp:term":[{"taxonomy":"product_brand","embeddable":true,"href":"https:\/\/scalesuspension.com\/fr\/wp-json\/wp\/v2\/product_brand?post=8923"},{"taxonomy":"product_cat","embeddable":true,"href":"https:\/\/scalesuspension.com\/fr\/wp-json\/wp\/v2\/product_cat?post=8923"},{"taxonomy":"product_tag","embeddable":true,"href":"https:\/\/scalesuspension.com\/fr\/wp-json\/wp\/v2\/product_tag?post=8923"}],"curies":[{"name":"wp","href":"https:\/\/api.w.org\/{rel}","templated":true}]}}