{"id":8922,"date":"2023-03-01T10:33:41","date_gmt":"2023-03-01T15:33:41","guid":{"rendered":"https:\/\/scalesuspension.com\/product\/anneau-de-siege-du-ressort-de-remplacement\/"},"modified":"2023-09-22T14:11:41","modified_gmt":"2023-09-22T18:11:41","slug":"sp04","status":"publish","type":"product","link":"https:\/\/scalesuspension.com\/fr\/produit\/sp04\/","title":{"rendered":"ANNEAU DE SI\u00c8GE DU RESSORT DE REMPLACEMENT"},"content":{"rendered":"<p><strong><span style=\"color: #e41515;\">Vendu \u00e0 l&rsquo;unit\u00e9.<br \/>\n<\/span><\/strong><\/p>\n<p>Si\u00e8ge de ressort \u00e0 filetage M52 x 1,5 pour ressorts de diam\u00e8tre int\u00e9rieur 60-62mm<\/p>\n<p>&nbsp;<\/p>\n<p>&nbsp;<\/p>\n<p>&nbsp;<\/p>\n","protected":false},"excerpt":{"rendered":"<p><strong><span style=\"color: #e41515;\">Vendu \u00e0 l&rsquo;unit\u00e9.<\/span><\/strong><\/p>\n<p>Si\u00e8ge de ressort \u00e0 filetage M52 x 1,5 pour ressorts de diam\u00e8tre int\u00e9rieur 60-62mm<\/p>\n","protected":false},"featured_media":6252,"comment_status":"open","ping_status":"closed","template":"","meta":[],"product_brand":[],"product_cat":[953],"product_tag":[],"class_list":{"0":"post-8922","1":"product","2":"type-product","3":"status-publish","4":"has-post-thumbnail","6":"product_cat-replacement-parts-fr","7":"product_shipping_class-pieces-de-rechange","9":"first","10":"instock","11":"taxable","12":"shipping-taxable","13":"purchasable","14":"product-type-simple"},"_links":{"self":[{"href":"https:\/\/scalesuspension.com\/fr\/wp-json\/wp\/v2\/product\/8922","targetHints":{"allow":["GET"]}}],"collection":[{"href":"https:\/\/scalesuspension.com\/fr\/wp-json\/wp\/v2\/product"}],"about":[{"href":"https:\/\/scalesuspension.com\/fr\/wp-json\/wp\/v2\/types\/product"}],"replies":[{"embeddable":true,"href":"https:\/\/scalesuspension.com\/fr\/wp-json\/wp\/v2\/comments?post=8922"}],"wp:featuredmedia":[{"embeddable":true,"href":"https:\/\/scalesuspension.com\/fr\/wp-json\/wp\/v2\/media\/6252"}],"wp:attachment":[{"href":"https:\/\/scalesuspension.com\/fr\/wp-json\/wp\/v2\/media?parent=8922"}],"wp:term":[{"taxonomy":"product_brand","embeddable":true,"href":"https:\/\/scalesuspension.com\/fr\/wp-json\/wp\/v2\/product_brand?post=8922"},{"taxonomy":"product_cat","embeddable":true,"href":"https:\/\/scalesuspension.com\/fr\/wp-json\/wp\/v2\/product_cat?post=8922"},{"taxonomy":"product_tag","embeddable":true,"href":"https:\/\/scalesuspension.com\/fr\/wp-json\/wp\/v2\/product_tag?post=8922"}],"curies":[{"name":"wp","href":"https:\/\/api.w.org\/{rel}","templated":true}]}}