{"id":8911,"date":"2023-03-01T11:11:53","date_gmt":"2023-03-01T16:11:53","guid":{"rendered":"https:\/\/scalesuspension.com\/product\/siege-de-ressort-superieur-de-remplacement-14mm\/"},"modified":"2023-09-21T11:09:27","modified_gmt":"2023-09-21T15:09:27","slug":"sp11","status":"publish","type":"product","link":"https:\/\/scalesuspension.com\/fr\/produit\/sp11\/","title":{"rendered":"SI\u00c8GE DE RESSORT SUP\u00c9RIEUR DE REMPLACEMENT (14MM)"},"content":{"rendered":"<p><strong><span style=\"color: #e41515;\">Vendu \u00e0 l&rsquo;unit\u00e9.<\/span><\/strong><\/p>\n<p>Si\u00e8ge de ressort sup\u00e9rieur pour ressorts de 60-62 mm de diam\u00e8tre int\u00e9rieur, con\u00e7u pour un arbre de 14 mm.<\/p>\n<p>&nbsp;<\/p>\n<p>&nbsp;<\/p>\n<p>&nbsp;<\/p>\n","protected":false},"excerpt":{"rendered":"<p><strong><span style=\"color: #e41515;\">Vendu \u00e0 l&rsquo;unit\u00e9.<\/span><\/strong><\/p>\n<p>Si\u00e8ge de ressort sup\u00e9rieur pour ressorts de 60-62 mm de diam\u00e8tre int\u00e9rieur, con\u00e7u pour un arbre de 14 mm.<\/p>\n","protected":false},"featured_media":6263,"comment_status":"open","ping_status":"closed","template":"","meta":[],"product_brand":[],"product_cat":[953],"product_tag":[],"class_list":{"0":"post-8911","1":"product","2":"type-product","3":"status-publish","4":"has-post-thumbnail","6":"product_cat-replacement-parts-fr","7":"product_shipping_class-pieces-de-rechange","9":"first","10":"instock","11":"taxable","12":"shipping-taxable","13":"purchasable","14":"product-type-simple"},"_links":{"self":[{"href":"https:\/\/scalesuspension.com\/fr\/wp-json\/wp\/v2\/product\/8911","targetHints":{"allow":["GET"]}}],"collection":[{"href":"https:\/\/scalesuspension.com\/fr\/wp-json\/wp\/v2\/product"}],"about":[{"href":"https:\/\/scalesuspension.com\/fr\/wp-json\/wp\/v2\/types\/product"}],"replies":[{"embeddable":true,"href":"https:\/\/scalesuspension.com\/fr\/wp-json\/wp\/v2\/comments?post=8911"}],"wp:featuredmedia":[{"embeddable":true,"href":"https:\/\/scalesuspension.com\/fr\/wp-json\/wp\/v2\/media\/6263"}],"wp:attachment":[{"href":"https:\/\/scalesuspension.com\/fr\/wp-json\/wp\/v2\/media?parent=8911"}],"wp:term":[{"taxonomy":"product_brand","embeddable":true,"href":"https:\/\/scalesuspension.com\/fr\/wp-json\/wp\/v2\/product_brand?post=8911"},{"taxonomy":"product_cat","embeddable":true,"href":"https:\/\/scalesuspension.com\/fr\/wp-json\/wp\/v2\/product_cat?post=8911"},{"taxonomy":"product_tag","embeddable":true,"href":"https:\/\/scalesuspension.com\/fr\/wp-json\/wp\/v2\/product_tag?post=8911"}],"curies":[{"name":"wp","href":"https:\/\/api.w.org\/{rel}","templated":true}]}}