{"id":8907,"date":"2023-03-01T11:21:56","date_gmt":"2023-03-01T16:21:56","guid":{"rendered":"https:\/\/scalesuspension.com\/product\/siege-de-ressort-superieur-fendu-de-remplacement\/"},"modified":"2023-09-22T14:11:33","modified_gmt":"2023-09-22T18:11:33","slug":"sp12","status":"publish","type":"product","link":"https:\/\/scalesuspension.com\/fr\/produit\/sp12\/","title":{"rendered":"SI\u00c8GE DE RESSORT SUP\u00c9RIEUR FENDU DE REMPLACEMENT"},"content":{"rendered":"<p><strong><span style=\"color: #e41515;\">Vendu \u00e0 l&rsquo;unit\u00e9.<\/span><\/strong><\/p>\n<p>Si\u00e8ge de ressort sup\u00e9rieur pour ressorts de 60-62mm de diam\u00e8tre int\u00e9rieur<\/p>\n<p>&nbsp;<\/p>\n<p>&nbsp;<\/p>\n<p>&nbsp;<\/p>\n","protected":false},"excerpt":{"rendered":"<p><strong><span style=\"color: #e41515;\">Vendu \u00e0 l&rsquo;unit\u00e9.<\/span><\/strong><\/p>\n<p>Si\u00e8ge de ressort sup\u00e9rieur pour ressorts de 60-62mm de diam\u00e8tre int\u00e9rieur<\/p>\n","protected":false},"featured_media":6267,"comment_status":"open","ping_status":"closed","template":"","meta":[],"product_brand":[],"product_cat":[953],"product_tag":[],"class_list":{"0":"post-8907","1":"product","2":"type-product","3":"status-publish","4":"has-post-thumbnail","6":"product_cat-replacement-parts-fr","7":"product_shipping_class-pieces-de-rechange","9":"first","10":"instock","11":"taxable","12":"shipping-taxable","13":"purchasable","14":"product-type-simple"},"_links":{"self":[{"href":"https:\/\/scalesuspension.com\/fr\/wp-json\/wp\/v2\/product\/8907","targetHints":{"allow":["GET"]}}],"collection":[{"href":"https:\/\/scalesuspension.com\/fr\/wp-json\/wp\/v2\/product"}],"about":[{"href":"https:\/\/scalesuspension.com\/fr\/wp-json\/wp\/v2\/types\/product"}],"replies":[{"embeddable":true,"href":"https:\/\/scalesuspension.com\/fr\/wp-json\/wp\/v2\/comments?post=8907"}],"wp:featuredmedia":[{"embeddable":true,"href":"https:\/\/scalesuspension.com\/fr\/wp-json\/wp\/v2\/media\/6267"}],"wp:attachment":[{"href":"https:\/\/scalesuspension.com\/fr\/wp-json\/wp\/v2\/media?parent=8907"}],"wp:term":[{"taxonomy":"product_brand","embeddable":true,"href":"https:\/\/scalesuspension.com\/fr\/wp-json\/wp\/v2\/product_brand?post=8907"},{"taxonomy":"product_cat","embeddable":true,"href":"https:\/\/scalesuspension.com\/fr\/wp-json\/wp\/v2\/product_cat?post=8907"},{"taxonomy":"product_tag","embeddable":true,"href":"https:\/\/scalesuspension.com\/fr\/wp-json\/wp\/v2\/product_tag?post=8907"}],"curies":[{"name":"wp","href":"https:\/\/api.w.org\/{rel}","templated":true}]}}