{"id":8903,"date":"2023-03-01T11:23:03","date_gmt":"2023-03-01T16:23:03","guid":{"rendered":"https:\/\/scalesuspension.com\/product\/palier-gravitationnel-de-remplacement\/"},"modified":"2023-09-21T10:57:11","modified_gmt":"2023-09-21T14:57:11","slug":"sp17","status":"publish","type":"product","link":"https:\/\/scalesuspension.com\/fr\/produit\/sp17\/","title":{"rendered":"PALIER GRAVITATIONNEL DE REMPLACEMENT"},"content":{"rendered":"<p><strong><span style=\"color: #e41515;\">Vendu \u00e0 l&rsquo;unit\u00e9.<\/span><\/strong><\/p>\n<p>Utilisant un roulement scell\u00e9 en acier inoxydable, ce si\u00e8ge de ressort sup\u00e9rieur pour les ressorts de 60-62mm est con\u00e7u pour s&rsquo;adapter aux jambes de force MacPherson utilisant des plaques de carrossage. Ce roulement assurera une rotation en douceur des roues, m\u00eame si le pallier sph\u00e9rique de la plaque de carrossage commence \u00e0 devenir plus difficile \u00e0 tourner avec le temps. Il permet \u00e9galement au ressort de tourner librement lorsqu&rsquo;il est comprim\u00e9.<\/p>\n<p>&nbsp;<\/p>\n<p>&nbsp;<\/p>\n<p>&nbsp;<\/p>\n","protected":false},"excerpt":{"rendered":"<p><strong><span style=\"color: #e41515;\">Vendu \u00e0 l&rsquo;unit\u00e9.<\/span><\/strong><\/p>\n<p>Si\u00e8ge de ressort sup\u00e9rieur mont\u00e9 sur roulement pour ressorts de 60-62 mm de diam\u00e8tre int\u00e9rieur et plaque de carrossage de 18 mm.<\/p>\n","protected":false},"featured_media":6271,"comment_status":"open","ping_status":"closed","template":"","meta":[],"product_brand":[],"product_cat":[953],"product_tag":[],"class_list":{"0":"post-8903","1":"product","2":"type-product","3":"status-publish","4":"has-post-thumbnail","6":"product_cat-replacement-parts-fr","7":"product_shipping_class-pieces-de-rechange","9":"first","10":"instock","11":"taxable","12":"shipping-taxable","13":"purchasable","14":"product-type-simple"},"_links":{"self":[{"href":"https:\/\/scalesuspension.com\/fr\/wp-json\/wp\/v2\/product\/8903","targetHints":{"allow":["GET"]}}],"collection":[{"href":"https:\/\/scalesuspension.com\/fr\/wp-json\/wp\/v2\/product"}],"about":[{"href":"https:\/\/scalesuspension.com\/fr\/wp-json\/wp\/v2\/types\/product"}],"replies":[{"embeddable":true,"href":"https:\/\/scalesuspension.com\/fr\/wp-json\/wp\/v2\/comments?post=8903"}],"wp:featuredmedia":[{"embeddable":true,"href":"https:\/\/scalesuspension.com\/fr\/wp-json\/wp\/v2\/media\/6271"}],"wp:attachment":[{"href":"https:\/\/scalesuspension.com\/fr\/wp-json\/wp\/v2\/media?parent=8903"}],"wp:term":[{"taxonomy":"product_brand","embeddable":true,"href":"https:\/\/scalesuspension.com\/fr\/wp-json\/wp\/v2\/product_brand?post=8903"},{"taxonomy":"product_cat","embeddable":true,"href":"https:\/\/scalesuspension.com\/fr\/wp-json\/wp\/v2\/product_cat?post=8903"},{"taxonomy":"product_tag","embeddable":true,"href":"https:\/\/scalesuspension.com\/fr\/wp-json\/wp\/v2\/product_tag?post=8903"}],"curies":[{"name":"wp","href":"https:\/\/api.w.org\/{rel}","templated":true}]}}