{"id":8901,"date":"2023-03-01T13:44:58","date_gmt":"2023-03-01T18:44:58","guid":{"rendered":"https:\/\/scalesuspension.com\/product\/extension-de-lamortissement-des-coilovers-paire\/"},"modified":"2023-09-20T16:58:04","modified_gmt":"2023-09-20T20:58:04","slug":"sp38","status":"publish","type":"product","link":"https:\/\/scalesuspension.com\/fr\/produit\/sp38\/","title":{"rendered":"EXTENSION DE MOLETTE D&rsquo;AMORTISSEMENT (PAIRE)"},"content":{"rendered":"<p><strong><span style=\"color: #e41515;\">Vendu par paire.<br \/>\n<\/span><\/strong><\/p>\n<p>Toutes les applications n&rsquo;ont pas un acc\u00e8s facile \u00e0 la molette de r\u00e9glage de l&rsquo;amortissement de notre coilover. Lorsque vous devez retirer des panneaux int\u00e9rieurs ou des si\u00e8ges pour atteindre les supports d&rsquo;amortisseurs sup\u00e9rieurs, les extensions d&rsquo;amortisseurs peuvent \u00eatre une bonne option pour faciliter l&rsquo;acc\u00e8s au r\u00e9glage des amortisseurs. Vous pouvez percer un petit trou dans le panneau int\u00e9rieur ou faire passer les extensions entre le plastique et le si\u00e8ge. Veillez \u00e0 choisir la longueur n\u00e9cessaire ou, si vous n&rsquo;\u00eates pas s\u00fbrs, utilisez les plus longs et coupez-les \u00e0 la longueur souhait\u00e9e.<\/p>\n<p>&nbsp;<\/p>\n<p>&nbsp;<\/p>\n<p>&nbsp;<\/p>\n","protected":false},"excerpt":{"rendered":"<p><strong><span style=\"color: #e41515;\">Vendu par paire.<\/span><\/strong><\/p>\n<p>&nbsp;<\/p>\n","protected":false},"featured_media":6291,"comment_status":"open","ping_status":"closed","template":"","meta":[],"product_brand":[],"product_cat":[953],"product_tag":[],"class_list":{"0":"post-8901","1":"product","2":"type-product","3":"status-publish","4":"has-post-thumbnail","6":"product_cat-replacement-parts-fr","7":"product_shipping_class-pieces-de-rechange","9":"first","10":"instock","11":"taxable","12":"shipping-taxable","13":"purchasable","14":"product-type-simple"},"_links":{"self":[{"href":"https:\/\/scalesuspension.com\/fr\/wp-json\/wp\/v2\/product\/8901","targetHints":{"allow":["GET"]}}],"collection":[{"href":"https:\/\/scalesuspension.com\/fr\/wp-json\/wp\/v2\/product"}],"about":[{"href":"https:\/\/scalesuspension.com\/fr\/wp-json\/wp\/v2\/types\/product"}],"replies":[{"embeddable":true,"href":"https:\/\/scalesuspension.com\/fr\/wp-json\/wp\/v2\/comments?post=8901"}],"wp:featuredmedia":[{"embeddable":true,"href":"https:\/\/scalesuspension.com\/fr\/wp-json\/wp\/v2\/media\/6291"}],"wp:attachment":[{"href":"https:\/\/scalesuspension.com\/fr\/wp-json\/wp\/v2\/media?parent=8901"}],"wp:term":[{"taxonomy":"product_brand","embeddable":true,"href":"https:\/\/scalesuspension.com\/fr\/wp-json\/wp\/v2\/product_brand?post=8901"},{"taxonomy":"product_cat","embeddable":true,"href":"https:\/\/scalesuspension.com\/fr\/wp-json\/wp\/v2\/product_cat?post=8901"},{"taxonomy":"product_tag","embeddable":true,"href":"https:\/\/scalesuspension.com\/fr\/wp-json\/wp\/v2\/product_tag?post=8901"}],"curies":[{"name":"wp","href":"https:\/\/api.w.org\/{rel}","templated":true}]}}