{"id":8886,"date":"2023-05-15T12:20:24","date_gmt":"2023-05-15T16:20:24","guid":{"rendered":"https:\/\/scalesuspension.com\/product\/volvo-s60-v60-19-innovative-series-coilover\/"},"modified":"2023-09-20T15:19:42","modified_gmt":"2023-09-20T19:19:42","slug":"volvo-s60-v60-19-innovative","status":"publish","type":"product","link":"https:\/\/scalesuspension.com\/fr\/produit\/volvo-s60-v60-19-innovative\/","title":{"rendered":"VOLVO S60\/V60 19+ INNOVATIVE SERIES COILOVER"},"content":{"rendered":"<p>Cette voiture utilise des ressorts \u00e0 lames \u00e0 l&rsquo;arri\u00e8re. La suspension est con\u00e7ue pour s&rsquo;adapter au ressort \u00e0 lames arri\u00e8re avec l&rsquo;entretoise de ressort \u00e0 lames enlev\u00e9e au r\u00e9glage le plus bas. Nous incluons \u00e9galement des rondelle pour ajuster la hauteur de la suspension arri\u00e8re si n\u00e9cessaire.<\/p>\n","protected":false},"excerpt":{"rendered":"<p>Cette voiture utilise des ressorts \u00e0 lames \u00e0 l&rsquo;arri\u00e8re. La suspension est con\u00e7ue pour s&rsquo;adapter au ressort \u00e0 lames arri\u00e8re avec l&rsquo;entretoise de ressort \u00e0 lames enlev\u00e9e au r\u00e9glage le plus bas. Nous incluons \u00e9galement des rondelle pour ajuster la hauteur de la suspension arri\u00e8re si n\u00e9cessaire.<\/p>\n","protected":false},"featured_media":7615,"comment_status":"open","ping_status":"closed","template":"","meta":[],"product_brand":[],"product_cat":[943,951,956,971,200],"product_tag":[],"class_list":{"0":"post-8886","1":"product","2":"type-product","3":"status-publish","4":"has-post-thumbnail","6":"product_cat-avant","7":"product_cat-multilink-fr","8":"product_cat-half-kit-fr","9":"product_cat-regular-fr","10":"product_cat-innovative-series-fr","11":"product_shipping_class-kit-complet","12":"pa_aluminium-type-6061-t6-cnc-forged-fr","13":"pa_anodized-body-noir","14":"pa_assembly-rebuildable-fr","15":"pa_assembly-aucune-modification-requise","16":"pa_availability-fabrique-sur-commande","17":"pa_body-diameter-m52x1-5-fr","18":"pa_car-make-volvo","19":"pa_car-model-s60","20":"pa_car-model-v60","21":"pa_car-year-177","22":"pa_car-year-178","23":"pa_car-year-179","24":"pa_car-year-180","25":"pa_car-year-181","26":"pa_condition-neuf","27":"pa_default-spring-color-noir-lustre","28":"pa_internal-design-monotube-fr","29":"pa_number-of-valving-selections-24-fr","30":"pa_powdercoated-body-noir-lustre","31":"pa_pressurized-charge-azote-gazeux-sous-haute-pression","32":"pa_shock-oil-type-huile-damortisseur-synthetique","33":"pa_suspension-type-front-double-triangulation","34":"pa_timeframe-for-delivery-1-3-semaines","35":"pa_warranty-2-ans","37":"first","38":"instock","39":"taxable","40":"shipping-taxable","41":"purchasable","42":"product-type-simple"},"_links":{"self":[{"href":"https:\/\/scalesuspension.com\/fr\/wp-json\/wp\/v2\/product\/8886","targetHints":{"allow":["GET"]}}],"collection":[{"href":"https:\/\/scalesuspension.com\/fr\/wp-json\/wp\/v2\/product"}],"about":[{"href":"https:\/\/scalesuspension.com\/fr\/wp-json\/wp\/v2\/types\/product"}],"replies":[{"embeddable":true,"href":"https:\/\/scalesuspension.com\/fr\/wp-json\/wp\/v2\/comments?post=8886"}],"wp:featuredmedia":[{"embeddable":true,"href":"https:\/\/scalesuspension.com\/fr\/wp-json\/wp\/v2\/media\/7615"}],"wp:attachment":[{"href":"https:\/\/scalesuspension.com\/fr\/wp-json\/wp\/v2\/media?parent=8886"}],"wp:term":[{"taxonomy":"product_brand","embeddable":true,"href":"https:\/\/scalesuspension.com\/fr\/wp-json\/wp\/v2\/product_brand?post=8886"},{"taxonomy":"product_cat","embeddable":true,"href":"https:\/\/scalesuspension.com\/fr\/wp-json\/wp\/v2\/product_cat?post=8886"},{"taxonomy":"product_tag","embeddable":true,"href":"https:\/\/scalesuspension.com\/fr\/wp-json\/wp\/v2\/product_tag?post=8886"}],"curies":[{"name":"wp","href":"https:\/\/api.w.org\/{rel}","templated":true}]}}