{"id":8882,"date":"2023-05-16T10:01:39","date_gmt":"2023-05-16T14:01:39","guid":{"rendered":"https:\/\/scalesuspension.com\/product\/honda-stepwgn-96-01-innovative-series-coilover\/"},"modified":"2023-09-20T15:17:48","modified_gmt":"2023-09-20T19:17:48","slug":"honda-stepwgn-96-01-innovative","status":"publish","type":"product","link":"https:\/\/scalesuspension.com\/fr\/produit\/honda-stepwgn-96-01-innovative\/","title":{"rendered":"HONDA STEPWGN 96-01 INNOVATIVE SERIES COILOVER"},"content":{"rendered":"<p>La version r\u00e9guliere offre une plage de r\u00e9glage de -1 \u00e0 -4,5 pouces pour cette application.<\/p>\n","protected":false},"excerpt":{"rendered":"<p>La version r\u00e9guliere offre une plage de r\u00e9glage de -1 \u00e0 -4,5 pouces pour cette application.<\/p>\n","protected":false},"featured_media":7639,"comment_status":"open","ping_status":"closed","template":"","meta":[],"product_brand":[],"product_cat":[956,971,239,200,950],"product_tag":[],"class_list":{"0":"post-8882","1":"product","2":"type-product","3":"status-publish","4":"has-post-thumbnail","6":"product_cat-half-kit-fr","7":"product_cat-regular-fr","8":"product_cat-plaque-de-carossage-incluse","9":"product_cat-innovative-series-fr","10":"product_cat-divorced-specific-fr","11":"product_shipping_class-kit-complet","12":"pa_aluminium-type-6061-t6-cnc-forged-fr","13":"pa_anodized-body-noir","14":"pa_assembly-rebuildable-fr","15":"pa_assembly-aucune-modification-requise","16":"pa_availability-fabrique-sur-commande","17":"pa_body-diameter-m52x1-5-fr","18":"pa_car-make-honda","19":"pa_car-model-stepwgn","20":"pa_car-year-1996-fr","21":"pa_car-year-1997-fr","22":"pa_car-year-1998-fr","23":"pa_car-year-1999-fr","24":"pa_car-year-2000-fr","25":"pa_car-year-2001-fr","26":"pa_condition-neuf","27":"pa_default-spring-color-noir-lustre","28":"pa_internal-design-monotube-fr","29":"pa_number-of-valving-selections-24-fr","30":"pa_powdercoated-body-noir-lustre","31":"pa_pressurized-charge-azote-gazeux-sous-haute-pression","32":"pa_shock-oil-type-huile-damortisseur-synthetique","33":"pa_suspension-type-front-macpherson-fr","34":"pa_suspension-type-rear-multi-link","35":"pa_timeframe-for-delivery-1-3-semaines","36":"pa_warranty-2-ans","38":"first","39":"instock","40":"taxable","41":"shipping-taxable","42":"purchasable","43":"product-type-simple"},"_links":{"self":[{"href":"https:\/\/scalesuspension.com\/fr\/wp-json\/wp\/v2\/product\/8882","targetHints":{"allow":["GET"]}}],"collection":[{"href":"https:\/\/scalesuspension.com\/fr\/wp-json\/wp\/v2\/product"}],"about":[{"href":"https:\/\/scalesuspension.com\/fr\/wp-json\/wp\/v2\/types\/product"}],"replies":[{"embeddable":true,"href":"https:\/\/scalesuspension.com\/fr\/wp-json\/wp\/v2\/comments?post=8882"}],"wp:featuredmedia":[{"embeddable":true,"href":"https:\/\/scalesuspension.com\/fr\/wp-json\/wp\/v2\/media\/7639"}],"wp:attachment":[{"href":"https:\/\/scalesuspension.com\/fr\/wp-json\/wp\/v2\/media?parent=8882"}],"wp:term":[{"taxonomy":"product_brand","embeddable":true,"href":"https:\/\/scalesuspension.com\/fr\/wp-json\/wp\/v2\/product_brand?post=8882"},{"taxonomy":"product_cat","embeddable":true,"href":"https:\/\/scalesuspension.com\/fr\/wp-json\/wp\/v2\/product_cat?post=8882"},{"taxonomy":"product_tag","embeddable":true,"href":"https:\/\/scalesuspension.com\/fr\/wp-json\/wp\/v2\/product_tag?post=8882"}],"curies":[{"name":"wp","href":"https:\/\/api.w.org\/{rel}","templated":true}]}}