{"id":8880,"date":"2023-03-06T15:39:48","date_gmt":"2023-03-06T20:39:48","guid":{"rendered":"https:\/\/scalesuspension.com\/product\/balance-serie-hybride-gestion-des-coupelles-dair\/"},"modified":"2023-09-20T16:18:25","modified_gmt":"2023-09-20T20:18:25","slug":"sc-hs01","status":"publish","type":"product","link":"https:\/\/scalesuspension.com\/fr\/produit\/sc-hs01\/","title":{"rendered":"SCALE &#8211; S\u00c9RIE HYBRIDE &#8211; GESTION DES COUPELLES D&rsquo;AIR"},"content":{"rendered":"<p>Gestion compl\u00e8te du syst\u00e8me de coupelles d&rsquo;air. Ce syst\u00e8me de gestion peut \u00eatre utilis\u00e9 sur tous les types de coupes d&rsquo;air. Il est livr\u00e9 pr\u00e9-assembl\u00e9 sur une plaque pour une installation facile. Le capteur de pression, le sol\u00e9no\u00efde et le relais sont d\u00e9j\u00e0 connect\u00e9s. Seuls le p\u00f4le positif de la batterie, le signal d&rsquo;allumage et la masse du ch\u00e2ssis doivent \u00eatre connect\u00e9s.<\/p>\n<p>Le kit comprend<\/p>\n<ul>\n<li>R\u00e9servoir d&rsquo;air de 0,5 gallon<\/li>\n<li>Compresseur d&rsquo;air<\/li>\n<li>Module de distribution<\/li>\n<li>Sol\u00e9no\u00efde<\/li>\n<li>Interrupteur a r\u00e9tro\u00e9clairage<\/li>\n<li>Lignes a air<\/li>\n<li>porte-fusible et c\u00e2blage<\/li>\n<\/ul>\n<p>&nbsp;<\/p>\n<p>&nbsp;<\/p>\n<p>&nbsp;<\/p>\n<p>&nbsp;<\/p>\n","protected":false},"excerpt":{"rendered":"<p>Gestion compl\u00e8te du syst\u00e8me de coupelles d&rsquo;air. Ce syst\u00e8me de gestion peut \u00eatre utilis\u00e9 sur tous les types de coupes d&rsquo;air. Il est livr\u00e9 pr\u00e9-assembl\u00e9 sur une plaque pour une installation facile. Le capteur de pression, le sol\u00e9no\u00efde et le relais sont d\u00e9j\u00e0 connect\u00e9s. Seuls le p\u00f4le positif de la batterie, le signal d&rsquo;allumage et [&hellip;]<\/p>\n","protected":false},"featured_media":10868,"comment_status":"open","ping_status":"closed","template":"","meta":[],"product_brand":[],"product_cat":[931],"product_tag":[],"class_list":{"0":"post-8880","1":"product","2":"type-product","3":"status-publish","4":"has-post-thumbnail","6":"product_cat-air-cup-fr","7":"product_shipping_class-pieces-de-rechange","9":"first","10":"instock","11":"taxable","12":"shipping-taxable","13":"purchasable","14":"product-type-simple"},"_links":{"self":[{"href":"https:\/\/scalesuspension.com\/fr\/wp-json\/wp\/v2\/product\/8880","targetHints":{"allow":["GET"]}}],"collection":[{"href":"https:\/\/scalesuspension.com\/fr\/wp-json\/wp\/v2\/product"}],"about":[{"href":"https:\/\/scalesuspension.com\/fr\/wp-json\/wp\/v2\/types\/product"}],"replies":[{"embeddable":true,"href":"https:\/\/scalesuspension.com\/fr\/wp-json\/wp\/v2\/comments?post=8880"}],"wp:featuredmedia":[{"embeddable":true,"href":"https:\/\/scalesuspension.com\/fr\/wp-json\/wp\/v2\/media\/10868"}],"wp:attachment":[{"href":"https:\/\/scalesuspension.com\/fr\/wp-json\/wp\/v2\/media?parent=8880"}],"wp:term":[{"taxonomy":"product_brand","embeddable":true,"href":"https:\/\/scalesuspension.com\/fr\/wp-json\/wp\/v2\/product_brand?post=8880"},{"taxonomy":"product_cat","embeddable":true,"href":"https:\/\/scalesuspension.com\/fr\/wp-json\/wp\/v2\/product_cat?post=8880"},{"taxonomy":"product_tag","embeddable":true,"href":"https:\/\/scalesuspension.com\/fr\/wp-json\/wp\/v2\/product_tag?post=8880"}],"curies":[{"name":"wp","href":"https:\/\/api.w.org\/{rel}","templated":true}]}}