{"id":8877,"date":"2023-06-02T12:50:18","date_gmt":"2023-06-02T16:50:18","guid":{"rendered":"https:\/\/scalesuspension.com\/product\/porsche-944-85-91-innovative-series-coilover\/"},"modified":"2023-09-20T15:11:04","modified_gmt":"2023-09-20T19:11:04","slug":"porsche-944-85-91-innovative-series","status":"publish","type":"product","link":"https:\/\/scalesuspension.com\/fr\/produit\/porsche-944-85-91-innovative-series\/","title":{"rendered":"PORSCHE 944 85-91 INNOVATIVE SERIES COILOVER"},"content":{"rendered":"<p>La configuration coilover arri\u00e8re remplace la barre de torsion d&rsquo;origine. Ce syst\u00e8me d&rsquo;usine doit \u00eatre cancell\u00e9 pour obtenir le plein b\u00e9n\u00e9fice du syst\u00e8me coilover.<\/p>\n","protected":false},"excerpt":{"rendered":"<p>V\u00e9ritable am\u00e9lioration des coilovers \u00e0 l&rsquo;arri\u00e8re.<\/p>\n","protected":false},"featured_media":4832,"comment_status":"open","ping_status":"closed","template":"","meta":[],"product_brand":[],"product_cat":[239,951,200,968,203],"product_tag":[],"class_list":{"0":"post-8877","1":"product","2":"type-product","3":"status-publish","4":"has-post-thumbnail","6":"product_cat-plaque-de-carossage-incluse","7":"product_cat-multilink-fr","8":"product_cat-innovative-series-fr","9":"product_cat-low-version-fr","10":"product_cat-complete-upgrade-fr","11":"product_shipping_class-kit-complet","12":"pa_aluminium-type-6061-t6-cnc-forged-fr","13":"pa_anodized-body-noir","14":"pa_assembly-aucune-modification-requise","15":"pa_assembly-rebuildable-fr","16":"pa_availability-fabrique-sur-commande","17":"pa_body-diameter-m52x1-5-fr","18":"pa_car-make-porsche","19":"pa_car-model-747","20":"pa_car-year-1991-fr","21":"pa_car-year-1990-fr","22":"pa_condition-neuf","23":"pa_default-spring-color-noir-lustre","24":"pa_internal-design-monotube-fr","25":"pa_number-of-valving-selections-24-fr","26":"pa_powdercoated-body-noir-lustre","27":"pa_pressurized-charge-azote-gazeux-sous-haute-pression","28":"pa_shock-oil-type-huile-damortisseur-synthetique","29":"pa_suspension-type-front-macpherson-fr","30":"pa_suspension-type-rear-multi-link","31":"pa_timeframe-for-delivery-1-3-semaines","32":"pa_warranty-2-ans","34":"first","35":"instock","36":"taxable","37":"shipping-taxable","38":"purchasable","39":"product-type-simple"},"_links":{"self":[{"href":"https:\/\/scalesuspension.com\/fr\/wp-json\/wp\/v2\/product\/8877","targetHints":{"allow":["GET"]}}],"collection":[{"href":"https:\/\/scalesuspension.com\/fr\/wp-json\/wp\/v2\/product"}],"about":[{"href":"https:\/\/scalesuspension.com\/fr\/wp-json\/wp\/v2\/types\/product"}],"replies":[{"embeddable":true,"href":"https:\/\/scalesuspension.com\/fr\/wp-json\/wp\/v2\/comments?post=8877"}],"wp:featuredmedia":[{"embeddable":true,"href":"https:\/\/scalesuspension.com\/fr\/wp-json\/wp\/v2\/media\/4832"}],"wp:attachment":[{"href":"https:\/\/scalesuspension.com\/fr\/wp-json\/wp\/v2\/media?parent=8877"}],"wp:term":[{"taxonomy":"product_brand","embeddable":true,"href":"https:\/\/scalesuspension.com\/fr\/wp-json\/wp\/v2\/product_brand?post=8877"},{"taxonomy":"product_cat","embeddable":true,"href":"https:\/\/scalesuspension.com\/fr\/wp-json\/wp\/v2\/product_cat?post=8877"},{"taxonomy":"product_tag","embeddable":true,"href":"https:\/\/scalesuspension.com\/fr\/wp-json\/wp\/v2\/product_tag?post=8877"}],"curies":[{"name":"wp","href":"https:\/\/api.w.org\/{rel}","templated":true}]}}