{"id":2045,"date":"2023-01-06T11:54:23","date_gmt":"2023-01-06T16:54:23","guid":{"rendered":"https:\/\/scalesuspension.com\/product\/acura-cl-96-01-innovative-series-coilover\/"},"modified":"2023-01-09T11:34:27","modified_gmt":"2023-01-09T16:34:27","slug":"acura-cl-96-00-innovative-series-coilover","status":"publish","type":"product","link":"https:\/\/scalesuspension.com\/fr\/produit\/acura-cl-96-00-innovative-series-coilover\/","title":{"rendered":"ACURA CL 96-00 INNOVATIVE SERIES COILOVER"},"content":{"rendered":"<p>La suspension coilover SCALE pour Acura CL 1996 a 2000 est concue pour parvenir \u00e0 un \u00e9quilibre parfait entre confort sur route et performance accrue. Ce syst\u00e8me de suspension vous permet d&rsquo;ajuster facilement votre hauteur de roulement tout en augmentant les performances de tenue de route.<\/p>\n<p>Notre syst\u00e8me brevet\u00e9 de technologie \u00e0 graduation est con\u00e7u pour une installation plus facile et pour assurer une hauteur \u00e9gale sur chaque amortisseur. Chaque amortisseur est \u00e9quip\u00e9 de 24 niveaux d&rsquo;ajustement de duret\u00e9 pour permettre d&rsquo;optimiser l&rsquo;efficacit\u00e9 des internes selon vos gouts.<\/p>\n<p>Le num\u00e9ro de pi\u00e8ce: AC01-IS est fabriqu\u00e9 \u00e0 la main selon vos sp\u00e9cifications aux installations de SCALE.<\/p>\n<p>Ce mod\u00e8le \u00e0 double triangulation avant ne nous permet pas l&rsquo;utilisation de plaque de carrossage puisque l&rsquo;amortisseur n&rsquo;est pas directement connect\u00e9 \u00e0 la roue. Si un ajustement de carrossage suppl\u00e9mentaire est n\u00e9cessaire apr\u00e8s avoir rabaiss\u00e9 l&rsquo;auto ou pour des raisons sp\u00e9cifique, certaine compagnies sp\u00e9cialis\u00e9es peuvent offrir des bras de suspension ajustable.<\/p>\n<p>La configuration multi link arri\u00e8re n&rsquo;offre que les ajustements d&rsquo;alignement d\u2019origine. Si plus d&rsquo;ajustement est n\u00e9cessaire, vous pouvez chercher pour des bras de suspension ajustable aupr\u00e8s de compagnies sp\u00e9cialis\u00e9es.<\/p>\n<p>Nos amortisseur mono-tube utilise des composant machin\u00e9 de haute qualit\u00e9, de l&rsquo;huile synth\u00e9tique et de l&rsquo;azote gazeux sous haute pression.<\/p>\n<p>Nous pouvons offrir diff\u00e9rente duret\u00e9 de ressort ou longueur d&rsquo;amortisseur pour r\u00e9pondre \u00e0 vos besoins exacts. Contactez-nous par email pour tout besoin sp\u00e9cifique ou si vous avez besoin d&rsquo;assistance pour savoir quelle configuration r\u00e9pondra le mieux \u00e0 vos besoins.<\/p>\n","protected":false},"excerpt":{"rendered":"<p>La suspension coilover SCALE pour Acura CL 1996 a 2000 est concue pour parvenir \u00e0 un \u00e9quilibre parfait entre confort sur route et performance accrue. Ce syst\u00e8me de suspension vous permet d&rsquo;ajuster facilement votre hauteur de roulement tout en augmentant les performances de tenue de route. Notre syst\u00e8me brevet\u00e9 de technologie \u00e0 graduation est con\u00e7u [&hellip;]<\/p>\n","protected":false},"featured_media":1998,"comment_status":"open","ping_status":"closed","template":"","meta":[],"product_brand":[],"product_cat":[200,202,203,943,951],"product_tag":[],"class_list":{"0":"post-2045","1":"product","2":"type-product","3":"status-publish","4":"has-post-thumbnail","6":"product_cat-innovative-series-fr","7":"product_cat-version-extreme","8":"product_cat-complete-upgrade-fr","9":"product_cat-avant","10":"product_cat-multilink-fr","11":"product_shipping_class-kit-complet","12":"pa_aluminium-type-6061-t6-cnc-forged-fr","13":"pa_anodized-body-noir","14":"pa_assembly-rebuildable-fr","15":"pa_assembly-aucune-modification-requise","16":"pa_availability-fabrique-sur-commande","17":"pa_body-diameter-m52x1-5-fr","18":"pa_car-make-acura-fr","19":"pa_car-model-cl-fr","20":"pa_car-year-1996-fr","21":"pa_car-year-1997-fr","22":"pa_car-year-1998-fr","23":"pa_car-year-1999-fr","24":"pa_car-year-2000-fr","25":"pa_condition-neuf","26":"pa_default-spring-color-noir-lustre","27":"pa_internal-design-monotube-fr","28":"pa_number-of-valving-selections-24-fr","29":"pa_powdercoated-body-noir-lustre","30":"pa_pressurized-charge-azote-gazeux-sous-haute-pression","31":"pa_shock-oil-type-huile-damortisseur-synthetique","32":"pa_suspension-type-front-double-triangulation","33":"pa_suspension-type-rear-multi-link","34":"pa_timeframe-for-delivery-1-3-semaines","35":"pa_warranty-2-ans","37":"first","38":"instock","39":"taxable","40":"shipping-taxable","41":"purchasable","42":"product-type-simple"},"_links":{"self":[{"href":"https:\/\/scalesuspension.com\/fr\/wp-json\/wp\/v2\/product\/2045","targetHints":{"allow":["GET"]}}],"collection":[{"href":"https:\/\/scalesuspension.com\/fr\/wp-json\/wp\/v2\/product"}],"about":[{"href":"https:\/\/scalesuspension.com\/fr\/wp-json\/wp\/v2\/types\/product"}],"replies":[{"embeddable":true,"href":"https:\/\/scalesuspension.com\/fr\/wp-json\/wp\/v2\/comments?post=2045"}],"wp:featuredmedia":[{"embeddable":true,"href":"https:\/\/scalesuspension.com\/fr\/wp-json\/wp\/v2\/media\/1998"}],"wp:attachment":[{"href":"https:\/\/scalesuspension.com\/fr\/wp-json\/wp\/v2\/media?parent=2045"}],"wp:term":[{"taxonomy":"product_brand","embeddable":true,"href":"https:\/\/scalesuspension.com\/fr\/wp-json\/wp\/v2\/product_brand?post=2045"},{"taxonomy":"product_cat","embeddable":true,"href":"https:\/\/scalesuspension.com\/fr\/wp-json\/wp\/v2\/product_cat?post=2045"},{"taxonomy":"product_tag","embeddable":true,"href":"https:\/\/scalesuspension.com\/fr\/wp-json\/wp\/v2\/product_tag?post=2045"}],"curies":[{"name":"wp","href":"https:\/\/api.w.org\/{rel}","templated":true}]}}