{"id":7548,"date":"2023-01-16T16:44:00","date_gmt":"2023-01-16T21:44:00","guid":{"rendered":"https:\/\/scalesuspension.com\/politique-de-remboursement-et-de-retour\/"},"modified":"2023-09-15T12:34:57","modified_gmt":"2023-09-15T16:34:57","slug":"politique-de-remboursement-et-de-retour","status":"publish","type":"page","link":"https:\/\/scalesuspension.com\/fr\/politique-de-remboursement-et-de-retour\/","title":{"rendered":"Politique de remboursement et de retour"},"content":{"rendered":"\t\t<div data-elementor-type=\"wp-page\" data-elementor-id=\"7548\" class=\"elementor elementor-7548 elementor-9\" data-elementor-post-type=\"page\">\n\t\t\t\t<div class=\"elementor-element elementor-element-ba1a1f5 e-flex e-con-boxed e-con e-parent\" data-id=\"ba1a1f5\" data-element_type=\"container\" data-e-type=\"container\" data-settings=\"{&quot;background_background&quot;:&quot;classic&quot;}\">\n\t\t\t\t\t<div class=\"e-con-inner\">\n\t\t\t\t\t<\/div>\n\t\t\t\t<\/div>\n\t\t<div class=\"elementor-element elementor-element-7c86c21 e-flex e-con-boxed e-con e-parent\" data-id=\"7c86c21\" data-element_type=\"container\" data-e-type=\"container\" data-settings=\"{&quot;background_background&quot;:&quot;classic&quot;}\">\n\t\t\t\t\t<div class=\"e-con-inner\">\n\t\t<div class=\"elementor-element elementor-element-1d0ef7f e-con-full e-flex e-con e-parent\" data-id=\"1d0ef7f\" data-element_type=\"container\" data-e-type=\"container\">\n\t\t\t\t<div class=\"elementor-element elementor-element-3562114 elementor-widget elementor-widget-heading\" data-id=\"3562114\" data-element_type=\"widget\" data-e-type=\"widget\" data-widget_type=\"heading.default\">\n\t\t\t\t<div class=\"elementor-widget-container\">\n\t\t\t\t\t<h2 class=\"elementor-heading-title elementor-size-default\">Votre satisfaction est notre priorit\u00e9 absolue chez SCALE suspension.<\/h2>\t\t\t\t<\/div>\n\t\t\t\t<\/div>\n\t\t\t\t<div class=\"elementor-element elementor-element-e5e5321 elementor-widget elementor-widget-text-editor\" data-id=\"e5e5321\" data-element_type=\"widget\" data-e-type=\"widget\" data-widget_type=\"text-editor.default\">\n\t\t\t\t<div class=\"elementor-widget-container\">\n\t\t\t\t\t\t\t\t\t<p>C&rsquo;est pourquoi nous exigeons une communication pr\u00e9alable avant d&rsquo;envisager l&rsquo;annulation\/le retour ou l&rsquo;\u00e9change de produits.<\/p>\n\t\t\t\t\t\t\t\t<\/div>\n\t\t\t\t<\/div>\n\t\t\t\t<\/div>\n\t\t<div class=\"elementor-element elementor-element-667a580 e-con-full e-flex e-con e-parent\" data-id=\"667a580\" data-element_type=\"container\" data-e-type=\"container\">\n\t\t\t\t<div class=\"elementor-element elementor-element-72f4288 elementor-widget elementor-widget-text-editor\" data-id=\"72f4288\" data-element_type=\"widget\" data-e-type=\"widget\" data-widget_type=\"text-editor.default\">\n\t\t\t\t<div class=\"elementor-widget-container\">\n\t\t\t\t\t\t\t\t\t<p>Si vous rencontrez des difficult\u00e9s ou des probl\u00e8mes avec les produits, nous vous recommandons de contacter d&rsquo;abord notre \u00e9quipe technique \u00e0 l&rsquo;adresse <a href=\"mailto:te**@*************on.com\" data-original-string=\"fj2MN6Jd9inLyPjC9cylEg==edeL5WWd2ZkuoEwaEVaa0FPnXuQ\/TAQFw2aLp8Qy4dAXTg=\" title=\"This contact has been encoded by Anti-Spam by CleanTalk. Click to decode. To finish the decoding make sure that JavaScript is enabled in your browser.\"><span \n                data-original-string='0PrOHPiHOm0LGzHaod8huA==edeY7cfK4j+8VAJvzrbDFCQnza5zP3A4tg+6AXoNfFCQbs='\n                class='apbct-email-encoder'\n                title='This contact has been encoded by Anti-Spam by CleanTalk. Click to decode. To finish the decoding make sure that JavaScript is enabled in your browser.'>te<span class=\"apbct-blur\">**<\/span>@<span class=\"apbct-blur\">*************<\/span>on.com<\/span><\/a> afin d&rsquo;obtenir l&rsquo;assistance n\u00e9cessaire pour votre produit. De multiples possibilit\u00e9s peuvent \u00eatre offertes en fonction de la situation.<\/p>\n<p>Les commandes pass\u00e9es aupr\u00e8s d&rsquo;un revendeur agr\u00e9\u00e9 SCALE doivent \u00eatre trait\u00e9es avec le m\u00eame revendeur que celui aupr\u00e8s duquel la commande a \u00e9t\u00e9 pass\u00e9e.<\/p>\n<p>SCALE Suspension se r\u00e9serve le droit de modifier ces termes et conditions \u00e0 tout moment et sans pr\u00e9avis.<\/p>\n\t\t\t\t\t\t\t\t<\/div>\n\t\t\t\t<\/div>\n\t\t\t\t<\/div>\n\t\t\t\t\t<\/div>\n\t\t\t\t<\/div>\n\t\t<div class=\"elementor-element elementor-element-4caf851 e-flex e-con-boxed e-con e-parent\" data-id=\"4caf851\" data-element_type=\"container\" data-e-type=\"container\" id=\"cancellation\" data-settings=\"{&quot;background_background&quot;:&quot;classic&quot;}\">\n\t\t\t\t\t<div class=\"e-con-inner\">\n\t\t<div class=\"elementor-element elementor-element-a7831b4 e-con-full e-flex e-con e-parent\" data-id=\"a7831b4\" data-element_type=\"container\" data-e-type=\"container\">\n\t\t\t\t<div class=\"elementor-element elementor-element-c160bc2 elementor-widget elementor-widget-heading\" data-id=\"c160bc2\" data-element_type=\"widget\" data-e-type=\"widget\" id=\"cancellation\" data-widget_type=\"heading.default\">\n\t\t\t\t<div class=\"elementor-widget-container\">\n\t\t\t\t\t<h2 class=\"elementor-heading-title elementor-size-default\">Annulation<\/h2>\t\t\t\t<\/div>\n\t\t\t\t<\/div>\n\t\t\t\t<div class=\"elementor-element elementor-element-6f5fe54 elementor-widget elementor-widget-text-editor\" data-id=\"6f5fe54\" data-element_type=\"widget\" data-e-type=\"widget\" data-widget_type=\"text-editor.default\">\n\t\t\t\t<div class=\"elementor-widget-container\">\n\t\t\t\t\t\t\t\t\t<p>SCALE suspension demandera des <u>frais de remise en inventaire de 20 \u00e0 40 %<\/u> pour toutes les annulations de commandes de constructions personnalis\u00e9es ou d&rsquo;articles en rupture de stock. Ces frais varient en fonction du temps \u00e9coul\u00e9 depuis la commande, de l&rsquo;\u00e9tat d&rsquo;avancement du processus de fabrication et il y a demande de personnalisation ou d&rsquo;une production d&rsquo;urgence. Les frais de restockage sur les annulations sont appliqu\u00e9s \u00e0 partir du jour ouvrable suivant la commande. Une construction personnalis\u00e9e est tout ce qui n\u00e9cessite un changement de \u00a0\u00bbvalving\u00a0\u00bb, une longueur d&rsquo;amortisseur personnalis\u00e9e, des ressorts personnalis\u00e9s, une version extr\u00eamement basse et des couleurs personnalis\u00e9es.<\/p>\n\t\t\t\t\t\t\t\t<\/div>\n\t\t\t\t<\/div>\n\t\t\t\t<\/div>\n\t\t\t\t\t<\/div>\n\t\t\t\t<\/div>\n\t\t<div class=\"elementor-element elementor-element-03c6a79 e-flex e-con-boxed e-con e-parent\" data-id=\"03c6a79\" data-element_type=\"container\" data-e-type=\"container\" data-settings=\"{&quot;background_background&quot;:&quot;classic&quot;}\">\n\t\t\t\t\t<div class=\"e-con-inner\">\n\t\t<div class=\"elementor-element elementor-element-fe3807b e-con-full e-flex e-con e-parent\" data-id=\"fe3807b\" data-element_type=\"container\" data-e-type=\"container\">\n\t\t\t\t<div class=\"elementor-element elementor-element-f52ac21 elementor-widget elementor-widget-heading\" data-id=\"f52ac21\" data-element_type=\"widget\" data-e-type=\"widget\" id=\"exchanges\" data-widget_type=\"heading.default\">\n\t\t\t\t<div class=\"elementor-widget-container\">\n\t\t\t\t\t<h2 class=\"elementor-heading-title elementor-size-default\">\u00c9changes<\/h2>\t\t\t\t<\/div>\n\t\t\t\t<\/div>\n\t\t\t\t<div class=\"elementor-element elementor-element-e21cf3d elementor-widget elementor-widget-text-editor\" data-id=\"e21cf3d\" data-element_type=\"widget\" data-e-type=\"widget\" data-widget_type=\"text-editor.default\">\n\t\t\t\t<div class=\"elementor-widget-container\">\n\t\t\t\t\t\t\t\t\t<p>Les \u00e9changes sont offerts aux clients qui doivent changer de projet pour des raisons personnelles ou un accidents dans les deux semaines (14 jours) suivant la r\u00e9ception de votre produit. <u>Les \u00e9changes<\/u> ne sont possibles que si la suspension est \u00e0 l&rsquo;\u00e9tat neuf (non install\u00e9e partiellement install\u00e9e) et que le client prend en charge les frais d&rsquo;exp\u00e9dition\/de retour. Des frais suppl\u00e9mentaires peuvent \u00eatre factur\u00e9s si une nouvelle suspension ou configuration n\u00e9cessite une personnalisation, si le prix de d\u00e9tail est plus \u00e9lev\u00e9, si elle est re\u00e7ue endommag\u00e9e ou si des frais d&rsquo;importation ont \u00e9t\u00e9 factur\u00e9s lors de la r\u00e9ception du colis. Nous vous conseillons d&rsquo;utiliser un service d&rsquo;exp\u00e9dition avec suivi et de choisir une assurance couvrant la valeur du colis en cas de perte. SCALE suspension n&rsquo;est pas responsable de tout dommage ou perte lorsque le colis est entre les mains de la soci\u00e9t\u00e9 de transport.<\/p>\n\t\t\t\t\t\t\t\t<\/div>\n\t\t\t\t<\/div>\n\t\t\t\t<div class=\"elementor-element elementor-element-4a1c18a elementor-widget elementor-widget-spacer\" data-id=\"4a1c18a\" data-element_type=\"widget\" data-e-type=\"widget\" data-widget_type=\"spacer.default\">\n\t\t\t\t<div class=\"elementor-widget-container\">\n\t\t\t\t\t\t\t<div class=\"elementor-spacer\">\n\t\t\t<div class=\"elementor-spacer-inner\"><\/div>\n\t\t<\/div>\n\t\t\t\t\t\t<\/div>\n\t\t\t\t<\/div>\n\t\t\t\t<div class=\"elementor-element elementor-element-d9cbf3c elementor-widget elementor-widget-heading\" data-id=\"d9cbf3c\" data-element_type=\"widget\" data-e-type=\"widget\" id=\"returns\" data-widget_type=\"heading.default\">\n\t\t\t\t<div class=\"elementor-widget-container\">\n\t\t\t\t\t<h2 class=\"elementor-heading-title elementor-size-default\">retours<\/h2>\t\t\t\t<\/div>\n\t\t\t\t<\/div>\n\t\t\t\t<\/div>\n\t\t\t\t\t<\/div>\n\t\t\t\t<\/div>\n\t\t<div class=\"elementor-element elementor-element-b6b5785 e-flex e-con-boxed e-con e-parent\" data-id=\"b6b5785\" data-element_type=\"container\" data-e-type=\"container\" data-settings=\"{&quot;background_background&quot;:&quot;classic&quot;}\">\n\t\t\t\t\t<div class=\"e-con-inner\">\n\t\t<div class=\"elementor-element elementor-element-e0fdd07 e-con-full e-flex e-con e-parent\" data-id=\"e0fdd07\" data-element_type=\"container\" data-e-type=\"container\" data-settings=\"{&quot;background_background&quot;:&quot;classic&quot;}\">\n\t\t\t\t<div class=\"elementor-element elementor-element-c9def1e elementor-widget elementor-widget-text-editor\" data-id=\"c9def1e\" data-element_type=\"widget\" data-e-type=\"widget\" data-widget_type=\"text-editor.default\">\n\t\t\t\t<div class=\"elementor-widget-container\">\n\t\t\t\t\t\t\t\t\t<p>Dans le cas o\u00f9 vous devriez retourner votre produit pour des raisons personnelles, nous pr\u00e9f\u00e9rons toujours donner la priorit\u00e9 \u00e0 la possibilit\u00e9 d&rsquo;\u00e9changer ou de trouver un moyen de vous aider \u00e0 monter le produit sur une autre voiture. Si aucune autre option n&rsquo;est possible, le retour doit \u00eatre demand\u00e9 dans les sept jours suivant la r\u00e9ception du produit. Le produit doit \u00eatre inutilis\u00e9 et dans le m\u00eame \u00e9tat que celui dans lequel il a \u00e9t\u00e9 re\u00e7u, y compris, mais sans s&rsquo;y limiter, non install\u00e9 ou non partiellement install\u00e9, non endommag\u00e9 et avec l&#8217;emballage d&rsquo;origine. Les retours sont soumis \u00e0 des frais de restockage de 25 %, calcul\u00e9s sur la base du prix de vente au d\u00e9tail du produit. Si un retour est autoris\u00e9 par SCALE suspension, les frais d&rsquo;exp\u00e9dition \u00e0 destination et en provenance de SCALE suspension sont \u00e0 la charge du client. Nous vous demandons de nous renvoyer les articles bien emball\u00e9s afin d&rsquo;\u00e9viter tout dommage pendant le processus d&rsquo;exp\u00e9dition. Nous vous conseillons \u00e9galement d&rsquo;utiliser un service d&rsquo;exp\u00e9dition avec suivi et de choisir une assurance couvrant la valeur du colis en cas de perte. SCALE suspension n&rsquo;est pas responsable de tout dommage ou perte lorsque la bo\u00eete est entre les mains de la soci\u00e9t\u00e9 de transport.<\/p>\n\t\t\t\t\t\t\t\t<\/div>\n\t\t\t\t<\/div>\n\t\t\t\t<\/div>\n\t\t<div class=\"elementor-element elementor-element-5057f28 e-con-full e-flex e-con e-parent\" data-id=\"5057f28\" data-element_type=\"container\" data-e-type=\"container\" data-settings=\"{&quot;background_background&quot;:&quot;classic&quot;}\">\n\t\t\t\t<div class=\"elementor-element elementor-element-653c6bf elementor-widget elementor-widget-text-editor\" data-id=\"653c6bf\" data-element_type=\"widget\" data-e-type=\"widget\" data-widget_type=\"text-editor.default\">\n\t\t\t\t<div class=\"elementor-widget-container\">\n\t\t\t\t\t\t\t\t\t<p>Les remboursements ne seront effectu\u00e9s qu&rsquo;apr\u00e8s r\u00e9ception et inspection du colis ; des frais suppl\u00e9mentaires peuvent \u00eatre appliqu\u00e9s si des frais d&rsquo;importation ont \u00e9t\u00e9 factur\u00e9s sur reception ou si le colis a \u00e9t\u00e9 re\u00e7u endommag\u00e9. Le client sera responsable de contacter la soci\u00e9t\u00e9 de transport pour r\u00e9clamer les dommages, mais notre \u00e9quipe fournira toutes les preuves n\u00e9cessaires pour aider le client \u00e0 remplir la r\u00e9clamation et \u00e0 prouver que le colis a \u00e9t\u00e9 endommag\u00e9 pendant le transport. Le remboursement sera effectu\u00e9 dans les 24-48h apr\u00e8s r\u00e9ception du colis, inspection de l&rsquo;ensemble et confirmation par le client de l&rsquo;acceptation des frais de restockage. Le remboursement sera effectu\u00e9 sur la carte de cr\u00e9dit originale ou selon la m\u00e9thode de paiement originale.<\/p>\n\t\t\t\t\t\t\t\t<\/div>\n\t\t\t\t<\/div>\n\t\t\t\t<\/div>\n\t\t\t\t\t<\/div>\n\t\t\t\t<\/div>\n\t\t<div class=\"elementor-element elementor-element-d7ac02f e-flex e-con-boxed e-con e-parent\" data-id=\"d7ac02f\" data-element_type=\"container\" data-e-type=\"container\" data-settings=\"{&quot;background_background&quot;:&quot;classic&quot;}\">\n\t\t\t\t\t<div class=\"e-con-inner\">\n\t\t<div class=\"elementor-element elementor-element-c0687b7 e-con-full e-flex e-con e-parent\" data-id=\"c0687b7\" data-element_type=\"container\" data-e-type=\"container\">\n\t\t\t\t<div class=\"elementor-element elementor-element-8e0a8ca elementor-widget elementor-widget-heading\" data-id=\"8e0a8ca\" data-element_type=\"widget\" data-e-type=\"widget\" data-widget_type=\"heading.default\">\n\t\t\t\t<div class=\"elementor-widget-container\">\n\t\t\t\t\t<h2 class=\"elementor-heading-title elementor-size-default\">Besoin d'aide ?<\/h2>\t\t\t\t<\/div>\n\t\t\t\t<\/div>\n\t\t\t\t<div class=\"elementor-element elementor-element-4360221 elementor-widget elementor-widget-text-editor\" data-id=\"4360221\" data-element_type=\"widget\" data-e-type=\"widget\" data-widget_type=\"text-editor.default\">\n\t\t\t\t<div class=\"elementor-widget-container\">\n\t\t\t\t\t\t\t\t\t<p>Contactez <a href=\"mailto:In**@*************on.com\" data-original-string=\"tyiuJYQuoPrQEvLPT33Z3Q==edeRI8Ltjd3mjHoqtuB1kQOHFAuylgmsTN4y12tpEEP0NI=\" title=\"This contact has been encoded by Anti-Spam by CleanTalk. Click to decode. To finish the decoding make sure that JavaScript is enabled in your browser.\"><span \n                data-original-string='evah4iS8M1iebIt6EbcbOQ==ede03GuZzkBjcf1KkcpqNzAO0p+EPW88a+f6GcbnHSpNcs='\n                class='apbct-email-encoder'\n                title='This contact has been encoded by Anti-Spam by CleanTalk. Click to decode. To finish the decoding make sure that JavaScript is enabled in your browser.'>In<span class=\"apbct-blur\">**<\/span>@<span class=\"apbct-blur\">*************<\/span>on.com<\/span><\/a> pour toute question concernant les annulations, les \u00e9changes, les remboursements et les retours ou directement \u00e0 l&rsquo;aide du formulaire suivant.<\/p>\n<p>Pour toute commande pass\u00e9e aupr\u00e8s de l&rsquo;un de nos revendeurs, veuillez contacter ce dernier pour poursuivre la proc\u00e9dure.<\/p>\n\t\t\t\t\t\t\t\t<\/div>\n\t\t\t\t<\/div>\n\t\t\t\t<\/div>\n\t\t<div class=\"elementor-element elementor-element-e857904 e-con-full e-flex e-con e-parent\" data-id=\"e857904\" data-element_type=\"container\" data-e-type=\"container\" data-settings=\"{&quot;background_background&quot;:&quot;classic&quot;}\">\n\t\t\t\t<div class=\"elementor-element elementor-element-21da031 elementor-widget elementor-widget-text-editor\" data-id=\"21da031\" data-element_type=\"widget\" data-e-type=\"widget\" data-widget_type=\"text-editor.default\">\n\t\t\t\t<div class=\"elementor-widget-container\">\n\t\t\t\t\t\t\t\t\t<p>\t\t<div data-elementor-type=\"section\" data-elementor-id=\"8527\" class=\"elementor elementor-8527 elementor-2403 elementor-2403\" data-elementor-post-type=\"elementor_library\">\n\t\t\t<div class=\"elementor-element elementor-element-49dd80e e-flex e-con-boxed e-con e-parent\" data-id=\"49dd80e\" data-element_type=\"container\" data-e-type=\"container\">\n\t\t\t\t\t<div class=\"e-con-inner\">\n\t\t\t\t<div class=\"elementor-element elementor-element-4cfe2a9 elementor-button-align-start elementor-widget elementor-widget-form\" data-id=\"4cfe2a9\" data-element_type=\"widget\" data-e-type=\"widget\" data-settings=\"{&quot;step_next_label&quot;:&quot;Suivant&quot;,&quot;step_previous_label&quot;:&quot;Pr\\u00e9c\\u00e9dent&quot;,&quot;button_width&quot;:&quot;100&quot;,&quot;step_type&quot;:&quot;number_text&quot;,&quot;step_icon_shape&quot;:&quot;circle&quot;}\" data-widget_type=\"form.default\">\n\t\t\t\t<div class=\"elementor-widget-container\">\n\t\t\t\t\t\t\t<form class=\"elementor-form\" method=\"post\" name=\"Formulaire de devis\" aria-label=\"Formulaire de devis\">\n\t\t\t<input type=\"hidden\" name=\"post_id\" value=\"8527\"\/>\n\t\t\t<input type=\"hidden\" name=\"form_id\" value=\"4cfe2a9\"\/>\n\t\t\t<input type=\"hidden\" name=\"referer_title\" value=\"\" \/>\n\n\t\t\t\n\t\t\t<div class=\"elementor-form-fields-wrapper elementor-labels-\">\n\t\t\t\t\t\t\t\t<div class=\"elementor-field-type-text elementor-field-group elementor-column elementor-field-group-name elementor-col-100 elementor-field-required\">\n\t\t\t\t\t\t\t\t\t\t\t\t<label for=\"form-field-name\" class=\"elementor-field-label elementor-screen-only\">\n\t\t\t\t\t\t\t\tNom\t\t\t\t\t\t\t<\/label>\n\t\t\t\t\t\t\t\t\t\t\t\t\t\t<input size=\"1\" type=\"text\" name=\"form_fields[name]\" id=\"form-field-name\" class=\"elementor-field elementor-size-md  elementor-field-textual\" placeholder=\"Nom\" required=\"required\">\n\t\t\t\t\t\t\t\t\t\t\t<\/div>\n\t\t\t\t\t\t\t\t<div class=\"elementor-field-type-email elementor-field-group elementor-column elementor-field-group-email elementor-col-50 elementor-field-required\">\n\t\t\t\t\t\t\t\t\t\t\t\t<label for=\"form-field-email\" class=\"elementor-field-label elementor-screen-only\">\n\t\t\t\t\t\t\t\tCourriel :\t\t\t\t\t\t\t<\/label>\n\t\t\t\t\t\t\t\t\t\t\t\t\t\t<input size=\"1\" type=\"email\" name=\"form_fields[email]\" id=\"form-field-email\" class=\"elementor-field elementor-size-md  elementor-field-textual\" placeholder=\"Courriel :\" required=\"required\">\n\t\t\t\t\t\t\t\t\t\t\t<\/div>\n\t\t\t\t\t\t\t\t<div class=\"elementor-field-type-text elementor-field-group elementor-column elementor-field-group-field_f1c9e1e elementor-col-50 elementor-field-required\">\n\t\t\t\t\t\t\t\t\t\t\t\t<label for=\"form-field-field_f1c9e1e\" class=\"elementor-field-label elementor-screen-only\">\n\t\t\t\t\t\t\t\tCommande\t\t\t\t\t\t\t<\/label>\n\t\t\t\t\t\t\t\t\t\t\t\t\t\t<input size=\"1\" type=\"text\" name=\"form_fields[field_f1c9e1e]\" id=\"form-field-field_f1c9e1e\" class=\"elementor-field elementor-size-md  elementor-field-textual\" placeholder=\"ID\/r\u00e9f\u00e9rence de commande\" required=\"required\">\n\t\t\t\t\t\t\t\t\t\t\t<\/div>\n\t\t\t\t\t\t\t\t<div class=\"elementor-field-type-text elementor-field-group elementor-column elementor-field-group-field_d734e23 elementor-col-100 elementor-field-required\">\n\t\t\t\t\t\t\t\t\t\t\t\t<label for=\"form-field-field_d734e23\" class=\"elementor-field-label elementor-screen-only\">\n\t\t\t\t\t\t\t\tProbl\u00e8me\t\t\t\t\t\t\t<\/label>\n\t\t\t\t\t\t\t\t\t\t\t\t\t\t<input size=\"1\" type=\"text\" name=\"form_fields[field_d734e23]\" id=\"form-field-field_d734e23\" class=\"elementor-field elementor-size-md  elementor-field-textual\" placeholder=\"Probl\u00e8me \/ Pr\u00e9occupation\" required=\"required\">\n\t\t\t\t\t\t\t\t\t\t\t<\/div>\n\t\t\t\t\t\t\t\t<div class=\"elementor-field-type-textarea elementor-field-group elementor-column elementor-field-group-message elementor-col-100\">\n\t\t\t\t\t\t\t\t\t\t\t\t<label for=\"form-field-message\" class=\"elementor-field-label elementor-screen-only\">\n\t\t\t\t\t\t\t\tMessage\t\t\t\t\t\t\t<\/label>\n\t\t\t\t\t\t<textarea class=\"elementor-field-textual elementor-field  elementor-size-md\" name=\"form_fields[message]\" id=\"form-field-message\" rows=\"4\" placeholder=\"Informations compl\u00e9mentaires\"><\/textarea>\t\t\t\t<\/div>\n\t\t\t\t\t\t\t\t<div class=\"elementor-field-type-upload elementor-field-group elementor-column elementor-field-group-field_8d2a136 elementor-col-100\">\n\t\t\t\t\t\t\t\t\t\t\t\t<label for=\"form-field-field_8d2a136\" class=\"elementor-field-label elementor-screen-only\">\n\t\t\t\t\t\t\t\tphoto\t\t\t\t\t\t\t<\/label>\n\t\t\t\t\t\t\t\t<input type=\"file\" name=\"form_fields[field_8d2a136]\" id=\"form-field-field_8d2a136\" class=\"elementor-field elementor-size-md  elementor-upload-field\" data-maxsize=\"3\" data-maxsize-message=\"Ce fichier d\u00e9passe la taille maximale autoris\u00e9e.\">\n\n\t\t\t\t\t\t<\/div>\n\t\t\t\t\t\t\t\t<div class=\"elementor-field-group elementor-column elementor-field-type-submit elementor-col-100 e-form__buttons\">\n\t\t\t\t\t<button class=\"elementor-button elementor-size-lg\" type=\"submit\">\n\t\t\t\t\t\t<span class=\"elementor-button-content-wrapper\">\n\t\t\t\t\t\t\t\t\t\t\t\t\t\t\t\t\t\t\t\t\t\t<span class=\"elementor-button-text\">Envoyer<\/span>\n\t\t\t\t\t\t\t\t\t\t\t\t\t<\/span>\n\t\t\t\t\t<\/button>\n\t\t\t\t<\/div>\n\t\t\t<\/div>\n\t\t<input\n                    class=\"apbct_special_field apbct_email_id__elementor_form\"\n                    name=\"apbct__email_id__elementor_form\"\n                    aria-label=\"apbct__label_id__elementor_form\"\n                    type=\"text\" size=\"30\" maxlength=\"200\" autocomplete=\"off\"\n                    value=\"\"\n                \/><input\n                    class=\"apbct_special_field apbct_email_id__elementor_form\"\n                    name=\"apbct__email_id__elementor_form\"\n                    aria-label=\"apbct__label_id__elementor_form\"\n                    type=\"text\" size=\"30\" maxlength=\"200\" autocomplete=\"off\"\n                    value=\"\"\n                \/><\/form>\n\t\t\t\t\t\t<\/div>\n\t\t\t\t<\/div>\n\t\t\t\t\t<\/div>\n\t\t\t\t<\/div>\n\t\t\t\t<\/div>\n\t\t<\/p>\n\t\t\t\t\t\t\t\t<\/div>\n\t\t\t\t<\/div>\n\t\t\t\t<\/div>\n\t\t\t\t\t<\/div>\n\t\t\t\t<\/div>\n\t\t\t\t<\/div>\n\t\t","protected":false},"excerpt":{"rendered":"<p>Votre satisfaction est notre priorit\u00e9 absolue chez SCALE suspension. C&rsquo;est pourquoi nous exigeons une communication pr\u00e9alable avant d&rsquo;envisager l&rsquo;annulation\/le retour ou l&rsquo;\u00e9change de produits. Si vous rencontrez des difficult\u00e9s ou des probl\u00e8mes avec les produits, nous vous recommandons de contacter d&rsquo;abord notre \u00e9quipe technique \u00e0 l&rsquo;adresse te**@*************on.com afin d&rsquo;obtenir l&rsquo;assistance n\u00e9cessaire pour votre produit. De [&hellip;]<\/p>\n","protected":false},"author":1,"featured_media":0,"parent":0,"menu_order":0,"comment_status":"closed","ping_status":"closed","template":"","meta":{"footnotes":""},"class_list":["post-7548","page","type-page","status-publish","hentry"],"_links":{"self":[{"href":"https:\/\/scalesuspension.com\/fr\/wp-json\/wp\/v2\/pages\/7548","targetHints":{"allow":["GET"]}}],"collection":[{"href":"https:\/\/scalesuspension.com\/fr\/wp-json\/wp\/v2\/pages"}],"about":[{"href":"https:\/\/scalesuspension.com\/fr\/wp-json\/wp\/v2\/types\/page"}],"author":[{"embeddable":true,"href":"https:\/\/scalesuspension.com\/fr\/wp-json\/wp\/v2\/users\/1"}],"replies":[{"embeddable":true,"href":"https:\/\/scalesuspension.com\/fr\/wp-json\/wp\/v2\/comments?post=7548"}],"version-history":[{"count":0,"href":"https:\/\/scalesuspension.com\/fr\/wp-json\/wp\/v2\/pages\/7548\/revisions"}],"wp:attachment":[{"href":"https:\/\/scalesuspension.com\/fr\/wp-json\/wp\/v2\/media?parent=7548"}],"curies":[{"name":"wp","href":"https:\/\/api.w.org\/{rel}","templated":true}]}}