{"id":7530,"date":"2022-12-21T14:30:37","date_gmt":"2022-12-21T19:30:37","guid":{"rendered":"https:\/\/scalesuspension.com\/template-sections-general\/"},"modified":"2023-05-08T22:10:58","modified_gmt":"2023-05-09T02:10:58","slug":"template-sections-general","status":"publish","type":"page","link":"https:\/\/scalesuspension.com\/fr\/template-sections-general\/","title":{"rendered":"Template-sections-general"},"content":{"rendered":"\t\t<div data-elementor-type=\"wp-page\" data-elementor-id=\"7530\" class=\"elementor elementor-7530 elementor-1781\" data-elementor-post-type=\"page\">\n\t\t\t\t<div class=\"elementor-element elementor-element-fb6c497 e-flex e-con-boxed e-con e-parent\" data-id=\"fb6c497\" data-element_type=\"container\" data-e-type=\"container\" data-settings=\"{&quot;background_background&quot;:&quot;classic&quot;}\">\n\t\t\t\t\t<div class=\"e-con-inner\">\n\t\t<div class=\"elementor-element elementor-element-aad79f8 e-flex e-con-boxed e-con e-parent\" data-id=\"aad79f8\" data-element_type=\"container\" data-e-type=\"container\">\n\t\t\t\t\t<div class=\"e-con-inner\">\n\t\t\t\t\t<\/div>\n\t\t\t\t<\/div>\n\t\t\t\t\t<\/div>\n\t\t\t\t<\/div>\n\t\t<div class=\"elementor-element elementor-element-c8e3157 e-flex e-con-boxed e-con e-parent\" data-id=\"c8e3157\" data-element_type=\"container\" data-e-type=\"container\" data-settings=\"{&quot;background_background&quot;:&quot;classic&quot;,&quot;animation&quot;:&quot;none&quot;}\">\n\t\t\t\t\t<div class=\"e-con-inner\">\n\t\t<div class=\"elementor-element elementor-element-344307d e-con-full e-flex e-con e-parent\" data-id=\"344307d\" data-element_type=\"container\" data-e-type=\"container\">\n\t\t\t\t<div class=\"elementor-element elementor-element-9de65c4 elementor-widget elementor-widget-text-editor\" data-id=\"9de65c4\" data-element_type=\"widget\" data-e-type=\"widget\" data-widget_type=\"text-editor.default\">\n\t\t\t\t<div class=\"elementor-widget-container\">\n\t\t\t\t\t\t\t\t\t<p>Lorem ipsum dolor sit amet, consectetur adipiscing elit. Ut nec mi viverra ante facilisis porttitor. Nullam venenatis ante sit amet lorem malesuada, vulputate iaculis eros rutrum. Etiam dignissim sapien et vehicula maximus. Integer a dui sem. Lorem ipsum dolor sit amet, consectetur adipiscing elit. Ut nec mi viverra ante facilisis porttitor. Nullam venenatis ante sit amet lorem malesuada, vulputate iaculis eros rutrum. Etiam dignissim sapien et vehicula maximus. Integer a dui sem.  <\/p>\n\t\t\t\t\t\t\t\t<\/div>\n\t\t\t\t<\/div>\n\t\t\t\t<div class=\"elementor-element elementor-element-42275a9 elementor-widget elementor-widget-heading\" data-id=\"42275a9\" data-element_type=\"widget\" data-e-type=\"widget\" data-widget_type=\"heading.default\">\n\t\t\t\t<div class=\"elementor-widget-container\">\n\t\t\t\t\t<h2 class=\"elementor-heading-title elementor-size-default\">Titre secondaire<\/h2>\t\t\t\t<\/div>\n\t\t\t\t<\/div>\n\t\t\t\t<div class=\"elementor-element elementor-element-afc28cd elementor-widget elementor-widget-text-editor\" data-id=\"afc28cd\" data-element_type=\"widget\" data-e-type=\"widget\" data-widget_type=\"text-editor.default\">\n\t\t\t\t<div class=\"elementor-widget-container\">\n\t\t\t\t\t\t\t\t\t<p>Lorem ipsum dolor sit amet, consectetur adipiscing elit. Ut nec mi viverra ante facilisis porttitor. Nullam venenatis ante sit amet lorem malesuada, vulputate iaculis eros rutrum. Etiam dignissim sapien et vehicula maximus. Integer a dui sem. Lorem ipsum dolor sit amet, consectetur adipiscing elit. Ut nec mi viverra ante facilisis porttitor. Nullam venenatis ante sit amet lorem malesuada, vulputate iaculis eros rutrum. Etiam dignissim sapien et vehicula maximus. Integer a dui sem.  <\/p>\n\t\t\t\t\t\t\t\t<\/div>\n\t\t\t\t<\/div>\n\t\t\t\t<\/div>\n\t\t\t\t\t<\/div>\n\t\t\t\t<\/div>\n\t\t<div class=\"elementor-element elementor-element-decfca8 e-flex e-con-boxed e-con e-parent\" data-id=\"decfca8\" data-element_type=\"container\" data-e-type=\"container\" data-settings=\"{&quot;background_background&quot;:&quot;classic&quot;,&quot;animation&quot;:&quot;none&quot;}\">\n\t\t\t\t\t<div class=\"e-con-inner\">\n\t\t<div class=\"elementor-element elementor-element-131e0e3 e-con-full e-flex e-con e-parent\" data-id=\"131e0e3\" data-element_type=\"container\" data-e-type=\"container\">\n\t\t\t\t<div class=\"elementor-element elementor-element-ac673c0 elementor-widget elementor-widget-heading\" data-id=\"ac673c0\" data-element_type=\"widget\" data-e-type=\"widget\" data-widget_type=\"heading.default\">\n\t\t\t\t<div class=\"elementor-widget-container\">\n\t\t\t\t\t<h2 class=\"elementor-heading-title elementor-size-default\">Le sous-titre n'est pas dans le chapeau<br>  Disposition en 2 colonnes<\/h2>\t\t\t\t<\/div>\n\t\t\t\t<\/div>\n\t\t\t\t<div class=\"elementor-element elementor-element-6c2e8d4 elementor-widget elementor-widget-text-editor\" data-id=\"6c2e8d4\" data-element_type=\"widget\" data-e-type=\"widget\" data-widget_type=\"text-editor.default\">\n\t\t\t\t<div class=\"elementor-widget-container\">\n\t\t\t\t\t\t\t\t\t<p>Lorem ipsum dolor sit amet, consectetur adipiscing elit. Ut nec mi viverra ante facilisis porttitor. Nullam venenatis ante sit amet lorem malesuada, vulputate iaculis eros rutrum. Etiam dignissim sapien et vehicula maximus. Integer a dui sem. Lorem ipsum dolor sit amet, consectetur adipiscing elit. Ut nec mi viverra ante facilisis porttitor. Nullam venenatis ante sit amet lorem malesuada, vulputate iaculis eros rutrum. Etiam dignissim sapien et vehicula maximus. Integer a dui sem.  <\/p>\n\t\t\t\t\t\t\t\t<\/div>\n\t\t\t\t<\/div>\n\t\t\t\t<\/div>\n\t\t<div class=\"elementor-element elementor-element-4c1e9bd e-con-full e-flex e-con e-parent\" data-id=\"4c1e9bd\" data-element_type=\"container\" data-e-type=\"container\">\n\t\t\t\t<div class=\"elementor-element elementor-element-0799c90 elementor-widget elementor-widget-heading\" data-id=\"0799c90\" data-element_type=\"widget\" data-e-type=\"widget\" data-widget_type=\"heading.default\">\n\t\t\t\t<div class=\"elementor-widget-container\">\n\t\t\t\t\t<h2 class=\"elementor-heading-title elementor-size-default\">Le sous-titre n'est pas dans le chapeau<br>  Disposition en 2 colonnes<\/h2>\t\t\t\t<\/div>\n\t\t\t\t<\/div>\n\t\t\t\t<div class=\"elementor-element elementor-element-9f1290a elementor-widget elementor-widget-text-editor\" data-id=\"9f1290a\" data-element_type=\"widget\" data-e-type=\"widget\" data-widget_type=\"text-editor.default\">\n\t\t\t\t<div class=\"elementor-widget-container\">\n\t\t\t\t\t\t\t\t\t<p>Lorem ipsum dolor sit amet, consectetur adipiscing elit. Ut nec mi viverra ante facilisis porttitor. Nullam venenatis ante sit amet lorem malesuada, vulputate iaculis eros rutrum. Etiam dignissim sapien et vehicula maximus. Integer a dui sem.  <\/p>\n\t\t\t\t\t\t\t\t<\/div>\n\t\t\t\t<\/div>\n\t\t\t\t<\/div>\n\t\t\t\t\t<\/div>\n\t\t\t\t<\/div>\n\t\t<div class=\"elementor-element elementor-element-4351b14 e-flex e-con-boxed e-con e-parent\" data-id=\"4351b14\" data-element_type=\"container\" data-e-type=\"container\" data-settings=\"{&quot;background_background&quot;:&quot;classic&quot;,&quot;animation&quot;:&quot;none&quot;}\">\n\t\t\t\t\t<div class=\"e-con-inner\">\n\t\t<div class=\"elementor-element elementor-element-339f0e4 e-con-full e-flex e-con e-parent\" data-id=\"339f0e4\" data-element_type=\"container\" data-e-type=\"container\">\n\t\t\t\t<div class=\"elementor-element elementor-element-80f881f elementor-widget elementor-widget-heading\" data-id=\"80f881f\" data-element_type=\"widget\" data-e-type=\"widget\" data-widget_type=\"heading.default\">\n\t\t\t\t<div class=\"elementor-widget-container\">\n\t\t\t\t\t<h2 class=\"elementor-heading-title elementor-size-default\">Titre secondaire<\/h2>\t\t\t\t<\/div>\n\t\t\t\t<\/div>\n\t\t\t\t<div class=\"elementor-element elementor-element-11cf1c6 elementor-widget elementor-widget-heading\" data-id=\"11cf1c6\" data-element_type=\"widget\" data-e-type=\"widget\" data-widget_type=\"heading.default\">\n\t\t\t\t<div class=\"elementor-widget-container\">\n\t\t\t\t\t<h3 class=\"elementor-heading-title elementor-size-default\">Petit sous-titre<\/h3>\t\t\t\t<\/div>\n\t\t\t\t<\/div>\n\t\t\t\t<div class=\"elementor-element elementor-element-6121e02 elementor-widget elementor-widget-text-editor\" data-id=\"6121e02\" data-element_type=\"widget\" data-e-type=\"widget\" data-widget_type=\"text-editor.default\">\n\t\t\t\t<div class=\"elementor-widget-container\">\n\t\t\t\t\t\t\t\t\t<p>Lorem ipsum dolor sit amet, consectetur adipiscing elit. Ut nec mi viverra ante facilisis porttitor. Nullam venenatis ante sit amet lorem malesuada, vulputate iaculis eros rutrum. Etiam dignissim sapien et vehicula maximus. Integer a dui sem. Lorem ipsum dolor sit amet, consectetur adipiscing elit. Ut nec mi viverra ante facilisis porttitor. Nullam venenatis ante sit amet lorem malesuada, vulputate iaculis eros rutrum. Etiam dignissim sapien et vehicula maximus. Integer a dui sem.  <\/p>\n<p>Lorem ipsum dolor sit amet, consectetur adipiscing elit. Ut nec mi viverra ante facilisis porttitor. Nullam venenatis ante sit amet lorem malesuada, vulputate iaculis eros rutrum. Etiam dignissim sapien et vehicula maximus. Integer a dui sem. Lorem ipsum dolor sit amet, consectetur adipiscing elit. Ut nec mi viverra ante facilisis porttitor. Nullam venenatis ante sit amet lorem malesuada, vulputate iaculis eros rutrum. Etiam dignissim sapien et vehicula maximus. Integer a dui sem.  <\/p>\n\t\t\t\t\t\t\t\t<\/div>\n\t\t\t\t<\/div>\n\t\t\t\t<\/div>\n\t\t<div class=\"elementor-element elementor-element-39eda8d e-con-full e-flex e-con e-parent\" data-id=\"39eda8d\" data-element_type=\"container\" data-e-type=\"container\" data-settings=\"{&quot;background_background&quot;:&quot;classic&quot;}\">\n\t\t\t\t<div class=\"elementor-element elementor-element-bd0e919 elementor-widget elementor-widget-heading\" data-id=\"bd0e919\" data-element_type=\"widget\" data-e-type=\"widget\" data-widget_type=\"heading.default\">\n\t\t\t\t<div class=\"elementor-widget-container\">\n\t\t\t\t\t<span class=\"elementor-heading-title elementor-size-default\">Accent seulement<\/span>\t\t\t\t<\/div>\n\t\t\t\t<\/div>\n\t\t\t\t<div class=\"elementor-element elementor-element-679fbe7 elementor-widget elementor-widget-text-editor\" data-id=\"679fbe7\" data-element_type=\"widget\" data-e-type=\"widget\" data-widget_type=\"text-editor.default\">\n\t\t\t\t<div class=\"elementor-widget-container\">\n\t\t\t\t\t\t\t\t\t<p>Lorem ipsum dolor sit amet, consectetur adipiscing elit. Ut nec mi viverra ante facilisis porttitor. Nullam venenatis ante sit amet lorem malesuada, vulputate iaculis eros rutrum. Etiam dignissim sapien et vehicula maximus.<\/p>\n\t\t\t\t\t\t\t\t<\/div>\n\t\t\t\t<\/div>\n\t\t\t\t<\/div>\n\t\t\t\t\t<\/div>\n\t\t\t\t<\/div>\n\t\t<div class=\"elementor-element elementor-element-68a31e6 e-flex e-con-boxed e-con e-parent\" data-id=\"68a31e6\" data-element_type=\"container\" data-e-type=\"container\" data-settings=\"{&quot;background_background&quot;:&quot;classic&quot;,&quot;animation&quot;:&quot;none&quot;}\">\n\t\t\t\t\t<div class=\"e-con-inner\">\n\t\t<div class=\"elementor-element elementor-element-619b2c8 e-con-full e-flex e-con e-parent\" data-id=\"619b2c8\" data-element_type=\"container\" data-e-type=\"container\">\n\t\t\t\t<div class=\"elementor-element elementor-element-1c39ee2 elementor-widget elementor-widget-text-editor\" data-id=\"1c39ee2\" data-element_type=\"widget\" data-e-type=\"widget\" data-widget_type=\"text-editor.default\">\n\t\t\t\t<div class=\"elementor-widget-container\">\n\t\t\t\t\t\t\t\t\t<p>Lorem ipsum dolor sit amet, consectetur adipiscing elit. Ut nec mi viverra ante facilisis porttitor. Nullam venenatis ante sit amet lorem malesuada, vulputate iaculis eros rutrum. Etiam dignissim sapien et vehicula maximus. Integer a dui sem. Lorem ipsum dolor sit amet, consectetur adipiscing elit. Ut nec mi viverra ante facilisis porttitor. Nullam venenatis ante sit amet lorem malesuada, vulputate iaculis eros rutrum. Etiam dignissim sapien et vehicula maximus. Integer a dui sem.<\/p>\n<p>Lorem ipsum dolor sit amet, consectetur adipiscing elit. Ut nec mi viverra ante facilisis porttitor. Nullam venenatis ante sit amet lorem malesuada, vulputate iaculis eros rutrum. Etiam dignissim sapien et vehicula maximus. Integer a dui sem. Lorem ipsum dolor sit amet, consectetur adipiscing elit. Ut nec mi viverra ante facilisis porttitor. Nullam venenatis ante sit amet lorem malesuada, vulputate iaculis eros rutrum. Etiam dignissim sapien et vehicula maximus. Integer a dui sem. Nullam venenatis ante sit amet lorem malesuada, vulputate iaculis eros rutrum. Etiam dignissim sapien et vehicula maximus. Integer a dui sem. Venenatis ante sit amet lorem vehicula, vulputate iaculis eros rutrum. Etiam dignissim sapien et vehicula maximus. Integer a dui sem.  <\/p>\n\t\t\t\t\t\t\t\t<\/div>\n\t\t\t\t<\/div>\n\t\t\t\t<div class=\"elementor-element elementor-element-9e74ffe elementor-widget elementor-widget-heading\" data-id=\"9e74ffe\" data-element_type=\"widget\" data-e-type=\"widget\" data-widget_type=\"heading.default\">\n\t\t\t\t<div class=\"elementor-widget-container\">\n\t\t\t\t\t<h3 class=\"elementor-heading-title elementor-size-default\">Petit sous-titre<\/h3>\t\t\t\t<\/div>\n\t\t\t\t<\/div>\n\t\t\t\t<div class=\"elementor-element elementor-element-baf2b26 elementor-widget elementor-widget-text-editor\" data-id=\"baf2b26\" data-element_type=\"widget\" data-e-type=\"widget\" data-widget_type=\"text-editor.default\">\n\t\t\t\t<div class=\"elementor-widget-container\">\n\t\t\t\t\t\t\t\t\t<p>Lorem ipsum dolor sit amet, consectetur adipiscing elit. Ut nec mi viverra ante facilisis porttitor. Nullam venenatis ante sit amet lorem malesuada, vulputate iaculis eros rutrum. Etiam dignissim sapien et vehicula maximus. Integer a dui sem. Lorem ipsum dolor sit amet, consectetur adipiscing elit. Ut nec mi viverra ante facilisis porttitor. Nullam venenatis ante sit amet lorem malesuada, vulputate iaculis eros rutrum. Etiam dignissim sapien et vehicula maximus. Integer a dui sem.  <\/p>\n\t\t\t\t\t\t\t\t<\/div>\n\t\t\t\t<\/div>\n\t\t\t\t<\/div>\n\t\t\t\t\t<\/div>\n\t\t\t\t<\/div>\n\t\t<div class=\"elementor-element elementor-element-cce7f39 e-flex e-con-boxed e-con e-parent\" data-id=\"cce7f39\" data-element_type=\"container\" data-e-type=\"container\" data-settings=\"{&quot;background_background&quot;:&quot;classic&quot;,&quot;animation&quot;:&quot;none&quot;}\">\n\t\t\t\t\t<div class=\"e-con-inner\">\n\t\t<div class=\"elementor-element elementor-element-10a2bbb e-con-full e-flex elementor-invisible e-con e-parent\" data-id=\"10a2bbb\" data-element_type=\"container\" data-e-type=\"container\" data-settings=\"{&quot;animation&quot;:&quot;fadeInLeft&quot;,&quot;animation_delay&quot;:750}\">\n\t\t\t\t<div class=\"elementor-element elementor-element-b79f40d elementor-widget__width-initial elementor-widget elementor-widget-heading\" data-id=\"b79f40d\" data-element_type=\"widget\" data-e-type=\"widget\" data-widget_type=\"heading.default\">\n\t\t\t\t<div class=\"elementor-widget-container\">\n\t\t\t\t\t<h3 class=\"elementor-heading-title elementor-size-default\">Lorem ipsum dolor sit amet<\/h3>\t\t\t\t<\/div>\n\t\t\t\t<\/div>\n\t\t\t\t<div class=\"elementor-element elementor-element-3950348 elementor-widget elementor-widget-text-editor\" data-id=\"3950348\" data-element_type=\"widget\" data-e-type=\"widget\" data-widget_type=\"text-editor.default\">\n\t\t\t\t<div class=\"elementor-widget-container\">\n\t\t\t\t\t\t\t\t\t<p>Lorem ipsum dolor sit amet, consectetur adipiscing elit. Pellentesque tincidunt, ex eu sagittis consectetur, ex velit volutpat ipsum, eu congue nisl ligula id elit. Aenean lobortis enim sodales ipsum imperdiet tempus. Vivamus quis nibh dapibus felis sollicitudin eleifend sit amet sed ante. Aenean et consequat nulla, facilisis tempor libero. Nulla in lorem euismod, lacinia sapien et, tincidunt lacus. Phasellus elementum nisi a magna dignissim pellentesque. Cras mi quam, aliquam a consectetur in, porta suscipit nunc. Pellentesque accumsan mauris lobortis purus rutrum, sed sagittis diam maximus. Sed justo nisi, facilisis at maximus sed, ullamcorper ut est. Duis pharetra risus lectus, vitae sollicitudin neque semper ac.<\/p><\/p>\n\t\t\t\t\t\t\t\t<\/div>\n\t\t\t\t<\/div>\n\t\t\t\t<\/div>\n\t\t<div class=\"elementor-element elementor-element-e7dea02 e-con-full e-flex elementor-invisible e-con e-parent\" data-id=\"e7dea02\" data-element_type=\"container\" data-e-type=\"container\" data-settings=\"{&quot;animation&quot;:&quot;fadeIn&quot;,&quot;animation_delay&quot;:1500}\">\n\t\t\t\t<div class=\"elementor-element elementor-element-1140fa6 elementor-widget elementor-widget-heading\" data-id=\"1140fa6\" data-element_type=\"widget\" data-e-type=\"widget\" data-widget_type=\"heading.default\">\n\t\t\t\t<div class=\"elementor-widget-container\">\n\t\t\t\t\t<h2 class=\"elementor-heading-title elementor-size-default\">QUELQUES TITRES<\/h2>\t\t\t\t<\/div>\n\t\t\t\t<\/div>\n\t\t\t\t<div class=\"elementor-element elementor-element-1eb373b elementor-widget elementor-widget-text-editor\" data-id=\"1eb373b\" data-element_type=\"widget\" data-e-type=\"widget\" data-widget_type=\"text-editor.default\">\n\t\t\t\t<div class=\"elementor-widget-container\">\n\t\t\t\t\t\t\t\t\t<p>Lorem ipsum dolor sit amet, consectetur adipiscing elit. Nunc in velit in nulla hendrerit convallis.<\/p>\n\t\t\t\t\t\t\t\t<\/div>\n\t\t\t\t<\/div>\n\t\t\t\t<div class=\"elementor-element elementor-element-88f0323 elementor-align-left elementor-mobile-align-left animated-slow elementor-invisible elementor-widget elementor-widget-button\" data-id=\"88f0323\" data-element_type=\"widget\" data-e-type=\"widget\" data-settings=\"{&quot;_animation&quot;:&quot;fadeIn&quot;}\" data-widget_type=\"button.default\">\n\t\t\t\t<div class=\"elementor-widget-container\">\n\t\t\t\t\t\t\t\t\t<div class=\"elementor-button-wrapper\">\n\t\t\t\t\t<a class=\"elementor-button elementor-button-link elementor-size-sm\" href=\"#\">\n\t\t\t\t\t\t<span class=\"elementor-button-content-wrapper\">\n\t\t\t\t\t\t\t\t\t<span class=\"elementor-button-text\">Texte du bouton<\/span>\n\t\t\t\t\t<\/span>\n\t\t\t\t\t<\/a>\n\t\t\t\t<\/div>\n\t\t\t\t\t\t\t\t<\/div>\n\t\t\t\t<\/div>\n\t\t\t\t<\/div>\n\t\t\t\t\t<\/div>\n\t\t\t\t<\/div>\n\t\t<div class=\"elementor-element elementor-element-9332a55 e-flex e-con-boxed e-con e-parent\" data-id=\"9332a55\" data-element_type=\"container\" data-e-type=\"container\" data-settings=\"{&quot;background_background&quot;:&quot;classic&quot;}\">\n\t\t\t\t\t<div class=\"e-con-inner\">\n\t\t\t\t<div class=\"elementor-element elementor-element-86d7cb4 elementor-widget elementor-widget-heading\" data-id=\"86d7cb4\" data-element_type=\"widget\" data-e-type=\"widget\" data-widget_type=\"heading.default\">\n\t\t\t\t<div class=\"elementor-widget-container\">\n\t\t\t\t\t<h4 class=\"elementor-heading-title elementor-size-default\">Autre gamme, autre style<\/h4>\t\t\t\t<\/div>\n\t\t\t\t<\/div>\n\t\t\t\t<div class=\"elementor-element elementor-element-1cc8535 elementor-widget elementor-widget-text-editor\" data-id=\"1cc8535\" data-element_type=\"widget\" data-e-type=\"widget\" data-widget_type=\"text-editor.default\">\n\t\t\t\t<div class=\"elementor-widget-container\">\n\t\t\t\t\t\t\t\t\t<p>Lorem ipsum dolor sit amet, consectetur adipiscing elit. Etiam sit amet tristique magna. Nam auctor ura a pellentesque dignissim. Aliquam erat volutpat. Integer finibus non justo sed egestas. Aliquam tempor, felis eu ultrices suscipit, lorem ura tincidunt purus, quis interdum risus mi sit amet sem. Phasellus nunc nibh, vehicula eu tortor ut, mattis venenatis nisi. Vestibulum sed ex mollis odio tempor scelerisque. Praesent ac dui eu odio maximus auctor. Nullam accumsan mollis mauris ut mattis. Class aptent taciti sociosqu ad litora torquent per conubia nostra, per inceptos himenaeos. In blandit eu quam in dictum. Vivamus lacinia turpis id dignissim suscipit. Mauris dignissim justo quis arcu pulvinar condimentum. Nullam fermentum elit vel mi tincidunt, ut tristique ipsum tristique. Suspendisse maximus elementum felis, sed pulvinar est volutpat in. Vivamus vel condimentum felis, in mollis dui.<\/p>\n\t\t\t\t\t\t\t\t<\/div>\n\t\t\t\t<\/div>\n\t\t\t\t\t<\/div>\n\t\t\t\t<\/div>\n\t\t<div class=\"elementor-element elementor-element-cfbddeb e-flex e-con-boxed e-con e-parent\" data-id=\"cfbddeb\" data-element_type=\"container\" data-e-type=\"container\" data-settings=\"{&quot;animation&quot;:&quot;none&quot;}\">\n\t\t\t\t\t<div class=\"e-con-inner\">\n\t\t<div class=\"elementor-element elementor-element-6afd8e3 e-con-full e-flex e-con e-parent\" data-id=\"6afd8e3\" data-element_type=\"container\" data-e-type=\"container\">\n\t\t\t\t<div class=\"elementor-element elementor-element-b03cc03 elementor-widget elementor-widget-heading\" data-id=\"b03cc03\" data-element_type=\"widget\" data-e-type=\"widget\" data-widget_type=\"heading.default\">\n\t\t\t\t<div class=\"elementor-widget-container\">\n\t\t\t\t\t<h4 class=\"elementor-heading-title elementor-size-default\">Produits prot\u00e9g\u00e9s par le droit d'auteur<\/h4>\t\t\t\t<\/div>\n\t\t\t\t<\/div>\n\t\t\t\t<div class=\"elementor-element elementor-element-b57ce62 elementor-widget elementor-widget-text-editor\" data-id=\"b57ce62\" data-element_type=\"widget\" data-e-type=\"widget\" data-widget_type=\"text-editor.default\">\n\t\t\t\t<div class=\"elementor-widget-container\">\n\t\t\t\t\t\t\t\t\t<p>Nos pi\u00e8ces automobiles de haute qualit\u00e9 sont prot\u00e9g\u00e9es par des droits d&rsquo;auteur &#8211; pour en savoir plus, il vous suffit de suivre le lien :<\/p>\n\t\t\t\t\t\t\t\t<\/div>\n\t\t\t\t<\/div>\n\t\t\t\t<div class=\"elementor-element elementor-element-db823bb elementor-align-left elementor-mobile-align-left animated-slow elementor-invisible elementor-widget elementor-widget-button\" data-id=\"db823bb\" data-element_type=\"widget\" data-e-type=\"widget\" data-settings=\"{&quot;_animation&quot;:&quot;fadeIn&quot;}\" data-widget_type=\"button.default\">\n\t\t\t\t<div class=\"elementor-widget-container\">\n\t\t\t\t\t\t\t\t\t<div class=\"elementor-button-wrapper\">\n\t\t\t\t\t<a class=\"elementor-button elementor-button-link elementor-size-sm\" href=\"#\">\n\t\t\t\t\t\t<span class=\"elementor-button-content-wrapper\">\n\t\t\t\t\t\t<span class=\"elementor-button-icon\">\n\t\t\t\t<svg aria-hidden=\"true\" class=\"e-font-icon-svg e-fas-arrow-right\" viewBox=\"0 0 448 512\" xmlns=\"http:\/\/www.w3.org\/2000\/svg\"><path d=\"M190.5 66.9l22.2-22.2c9.4-9.4 24.6-9.4 33.9 0L441 239c9.4 9.4 9.4 24.6 0 33.9L246.6 467.3c-9.4 9.4-24.6 9.4-33.9 0l-22.2-22.2c-9.5-9.5-9.3-25 .4-34.3L311.4 296H24c-13.3 0-24-10.7-24-24v-32c0-13.3 10.7-24 24-24h287.4L190.9 101.2c-9.8-9.3-10-24.8-.4-34.3z\"><\/path><\/svg>\t\t\t<\/span>\n\t\t\t\t\t\t\t\t\t<span class=\"elementor-button-text\">En savoir plus<\/span>\n\t\t\t\t\t<\/span>\n\t\t\t\t\t<\/a>\n\t\t\t\t<\/div>\n\t\t\t\t\t\t\t\t<\/div>\n\t\t\t\t<\/div>\n\t\t\t\t<\/div>\n\t\t\t\t\t<\/div>\n\t\t\t\t<\/div>\n\t\t\t\t<\/div>\n\t\t","protected":false},"excerpt":{"rendered":"<p>Lorem ipsum dolor sit amet, consectetur adipiscing elit. Ut nec mi viverra ante facilisis porttitor. Nullam venenatis ante sit amet lorem malesuada, vulputate iaculis eros rutrum. Etiam dignissim sapien et vehicula maximus. Integer a dui sem. Lorem ipsum dolor sit amet, consectetur adipiscing elit. Ut nec mi viverra ante facilisis porttitor. Nullam venenatis ante sit [&hellip;]<\/p>\n","protected":false},"author":1,"featured_media":0,"parent":0,"menu_order":0,"comment_status":"closed","ping_status":"closed","template":"elementor_header_footer","meta":{"footnotes":""},"class_list":["post-7530","page","type-page","status-publish","hentry"],"_links":{"self":[{"href":"https:\/\/scalesuspension.com\/fr\/wp-json\/wp\/v2\/pages\/7530","targetHints":{"allow":["GET"]}}],"collection":[{"href":"https:\/\/scalesuspension.com\/fr\/wp-json\/wp\/v2\/pages"}],"about":[{"href":"https:\/\/scalesuspension.com\/fr\/wp-json\/wp\/v2\/types\/page"}],"author":[{"embeddable":true,"href":"https:\/\/scalesuspension.com\/fr\/wp-json\/wp\/v2\/users\/1"}],"replies":[{"embeddable":true,"href":"https:\/\/scalesuspension.com\/fr\/wp-json\/wp\/v2\/comments?post=7530"}],"version-history":[{"count":0,"href":"https:\/\/scalesuspension.com\/fr\/wp-json\/wp\/v2\/pages\/7530\/revisions"}],"wp:attachment":[{"href":"https:\/\/scalesuspension.com\/fr\/wp-json\/wp\/v2\/media?parent=7530"}],"curies":[{"name":"wp","href":"https:\/\/api.w.org\/{rel}","templated":true}]}}