{"id":7516,"date":"2023-03-22T11:39:22","date_gmt":"2023-03-22T15:39:22","guid":{"rendered":"https:\/\/scalesuspension.com\/merci-de-vous-inscrire\/"},"modified":"2023-09-15T13:52:12","modified_gmt":"2023-09-15T17:52:12","slug":"merci-de-vous-inscrire","status":"publish","type":"page","link":"https:\/\/scalesuspension.com\/fr\/merci-de-vous-inscrire\/","title":{"rendered":"Merci pour votre inscription"},"content":{"rendered":"\t\t<div data-elementor-type=\"wp-page\" data-elementor-id=\"7516\" class=\"elementor elementor-7516 elementor-6867\" data-elementor-post-type=\"page\">\n\t\t\t\t<div class=\"elementor-element elementor-element-fb6c497 e-flex e-con-boxed e-con e-parent\" data-id=\"fb6c497\" data-element_type=\"container\" data-e-type=\"container\" data-settings=\"{&quot;background_background&quot;:&quot;classic&quot;}\">\n\t\t\t\t\t<div class=\"e-con-inner\">\n\t\t<div class=\"elementor-element elementor-element-aad79f8 e-flex e-con-boxed e-con e-parent\" data-id=\"aad79f8\" data-element_type=\"container\" data-e-type=\"container\">\n\t\t\t\t\t<div class=\"e-con-inner\">\n\t\t\t\t\t<\/div>\n\t\t\t\t<\/div>\n\t\t\t\t\t<\/div>\n\t\t\t\t<\/div>\n\t\t<div class=\"elementor-element elementor-element-c8e3157 e-flex e-con-boxed e-con e-parent\" data-id=\"c8e3157\" data-element_type=\"container\" data-e-type=\"container\" data-settings=\"{&quot;background_background&quot;:&quot;classic&quot;,&quot;animation&quot;:&quot;none&quot;}\">\n\t\t\t\t\t<div class=\"e-con-inner\">\n\t\t<div class=\"elementor-element elementor-element-344307d e-con-full e-flex e-con e-parent\" data-id=\"344307d\" data-element_type=\"container\" data-e-type=\"container\">\n\t\t\t\t<div class=\"elementor-element elementor-element-42275a9 elementor-widget elementor-widget-heading\" data-id=\"42275a9\" data-element_type=\"widget\" data-e-type=\"widget\" data-widget_type=\"heading.default\">\n\t\t\t\t<div class=\"elementor-widget-container\">\n\t\t\t\t\t<h2 class=\"elementor-heading-title elementor-size-default\">BIENVENUE CHEZ SCALE<\/h2>\t\t\t\t<\/div>\n\t\t\t\t<\/div>\n\t\t\t\t<div class=\"elementor-element elementor-element-afc28cd elementor-widget elementor-widget-text-editor\" data-id=\"afc28cd\" data-element_type=\"widget\" data-e-type=\"widget\" data-widget_type=\"text-editor.default\">\n\t\t\t\t<div class=\"elementor-widget-container\">\n\t\t\t\t\t\t\t\t\t<p>La premi\u00e8re \u00e9tape consiste \u00e0 attendre l&rsquo;approbation de nos administrateurs, ce qui devrait \u00eatre fait sous peu. Un compte d&rsquo;acc\u00e8s sp\u00e9cial vous sera alors attribu\u00e9 et vous permettra de b\u00e9n\u00e9ficier de r\u00e9ductions sur nos produits. Restez \u00e0 l&rsquo;affut et consultez votre bo\u00eete de r\u00e9ception.<\/p>\n\t\t\t\t\t\t\t\t<\/div>\n\t\t\t\t<\/div>\n\t\t\t\t<div class=\"elementor-element elementor-element-864236c elementor-widget elementor-widget-text-editor\" data-id=\"864236c\" data-element_type=\"widget\" data-e-type=\"widget\" data-widget_type=\"text-editor.default\">\n\t\t\t\t<div class=\"elementor-widget-container\">\n\t\t\t\t\t\t\t\t\t<p>En attendant, vous pouvez <a href=\"\/my-account-dealers\/\">acc\u00e9der \u00e0 votre compte<\/a> et modifier votre profil.<\/p>\n\t\t\t\t\t\t\t\t<\/div>\n\t\t\t\t<\/div>\n\t\t\t\t<\/div>\n\t\t\t\t\t<\/div>\n\t\t\t\t<\/div>\n\t\t\t\t<\/div>\n\t\t","protected":false},"excerpt":{"rendered":"<p>BIENVENUE CHEZ SCALE La premi\u00e8re \u00e9tape consiste \u00e0 attendre l&rsquo;approbation de nos administrateurs, ce qui devrait \u00eatre fait sous peu. Un compte d&rsquo;acc\u00e8s sp\u00e9cial vous sera alors attribu\u00e9 et vous permettra de b\u00e9n\u00e9ficier de r\u00e9ductions sur nos produits. Restez \u00e0 l&rsquo;affut et consultez votre bo\u00eete de r\u00e9ception. En attendant, vous pouvez acc\u00e9der \u00e0 votre compte [&hellip;]<\/p>\n","protected":false},"author":1,"featured_media":0,"parent":0,"menu_order":0,"comment_status":"closed","ping_status":"closed","template":"elementor_header_footer","meta":{"footnotes":""},"class_list":["post-7516","page","type-page","status-publish","hentry"],"_links":{"self":[{"href":"https:\/\/scalesuspension.com\/fr\/wp-json\/wp\/v2\/pages\/7516","targetHints":{"allow":["GET"]}}],"collection":[{"href":"https:\/\/scalesuspension.com\/fr\/wp-json\/wp\/v2\/pages"}],"about":[{"href":"https:\/\/scalesuspension.com\/fr\/wp-json\/wp\/v2\/types\/page"}],"author":[{"embeddable":true,"href":"https:\/\/scalesuspension.com\/fr\/wp-json\/wp\/v2\/users\/1"}],"replies":[{"embeddable":true,"href":"https:\/\/scalesuspension.com\/fr\/wp-json\/wp\/v2\/comments?post=7516"}],"version-history":[{"count":0,"href":"https:\/\/scalesuspension.com\/fr\/wp-json\/wp\/v2\/pages\/7516\/revisions"}],"wp:attachment":[{"href":"https:\/\/scalesuspension.com\/fr\/wp-json\/wp\/v2\/media?parent=7516"}],"curies":[{"name":"wp","href":"https:\/\/api.w.org\/{rel}","templated":true}]}}