{"id":7512,"date":"2023-03-22T10:43:41","date_gmt":"2023-03-22T14:43:41","guid":{"rendered":"https:\/\/scalesuspension.com\/concessionnaires-enregistrement\/"},"modified":"2023-09-15T13:26:17","modified_gmt":"2023-09-15T17:26:17","slug":"concessionnaires-enregistrement","status":"publish","type":"page","link":"https:\/\/scalesuspension.com\/fr\/concessionnaires-enregistrement\/","title":{"rendered":"Enregistrement Revendeurs"},"content":{"rendered":"\t\t<div data-elementor-type=\"wp-page\" data-elementor-id=\"7512\" class=\"elementor elementor-7512 elementor-6863\" data-elementor-post-type=\"page\">\n\t\t\t\t<div class=\"elementor-element elementor-element-47f9f75 e-flex e-con-boxed e-con e-parent\" data-id=\"47f9f75\" data-element_type=\"container\" data-e-type=\"container\" data-settings=\"{&quot;background_background&quot;:&quot;classic&quot;}\">\n\t\t\t\t\t<div class=\"e-con-inner\">\n\t\t<div class=\"elementor-element elementor-element-7cd14fc e-flex e-con-boxed e-con e-parent\" data-id=\"7cd14fc\" data-element_type=\"container\" data-e-type=\"container\">\n\t\t\t\t\t<div class=\"e-con-inner\">\n\t\t\t\t<div class=\"elementor-element elementor-element-c7d2741 elementor-widget elementor-widget-heading\" data-id=\"c7d2741\" data-element_type=\"widget\" data-e-type=\"widget\" data-widget_type=\"heading.default\">\n\t\t\t\t<div class=\"elementor-widget-container\">\n\t\t\t\t\t<h1 class=\"elementor-heading-title elementor-size-default\">Devenir revendeur<\/h1>\t\t\t\t<\/div>\n\t\t\t\t<\/div>\n\t\t\t\t\t<\/div>\n\t\t\t\t<\/div>\n\t\t\t\t\t<\/div>\n\t\t\t\t<\/div>\n\t\t\t\t<section class=\"elementor-section elementor-top-section elementor-element elementor-element-4d6ee55a elementor-section-boxed elementor-section-height-default elementor-section-height-default\" data-id=\"4d6ee55a\" data-element_type=\"section\" data-e-type=\"section\" data-settings=\"{&quot;background_background&quot;:&quot;classic&quot;}\">\n\t\t\t\t\t\t<div class=\"elementor-container elementor-column-gap-default\">\n\t\t\t\t\t<div class=\"elementor-column elementor-col-100 elementor-top-column elementor-element elementor-element-54c5ba81\" data-id=\"54c5ba81\" data-element_type=\"column\" data-e-type=\"column\">\n\t\t\t<div class=\"elementor-widget-wrap elementor-element-populated\">\n\t\t\t\t\t\t<div class=\"elementor-element elementor-element-bfbd5c5 elementor-widget elementor-widget-heading\" data-id=\"bfbd5c5\" data-element_type=\"widget\" data-e-type=\"widget\" data-widget_type=\"heading.default\">\n\t\t\t\t<div class=\"elementor-widget-container\">\n\t\t\t\t\t<h2 class=\"elementor-heading-title elementor-size-default\">Formulaire de demande<\/h2>\t\t\t\t<\/div>\n\t\t\t\t<\/div>\n\t\t\t\t<div class=\"elementor-element elementor-element-00f7e5d elementor-widget elementor-widget-text-editor\" data-id=\"00f7e5d\" data-element_type=\"widget\" data-e-type=\"widget\" data-widget_type=\"text-editor.default\">\n\t\t\t\t<div class=\"elementor-widget-container\">\n\t\t\t\t\t\t\t\t\t<p>SCALE se r\u00e9serve le droit d&rsquo;accepter ou de refuser une candidature \u00e0 sa seule discr\u00e9tion. Une fois votre compte approuv\u00e9, vous b\u00e9n\u00e9ficierez de prix r\u00e9duits sur notre site web. Veuillez pr\u00e9voir jusqu&rsquo;\u00e0 48 heures ouvrables pour la v\u00e9rification du compte et la mise en place des remises de gros. En <a href=\"https:\/\/scalesuspension.com\/fr\/devenir-revendeur\/\">savoir plus<\/a>.<\/p>\n\t\t\t\t\t\t\t\t<\/div>\n\t\t\t\t<\/div>\n\t\t\t\t<div class=\"elementor-element elementor-element-1e630c2f elementor-widget elementor-widget-shortcode\" data-id=\"1e630c2f\" data-element_type=\"widget\" data-e-type=\"widget\" data-widget_type=\"shortcode.default\">\n\t\t\t\t<div class=\"elementor-widget-container\">\n\t\t\t\t\t\t\t<div class=\"elementor-shortcode\">\t<div class='user-registration ur-frontend-form   ' id='user-registration-form-6862'>\n\t\t\t\t\t\t\t\t<form method='post' class='register' data-form-id=\"6862\"\n\t\t\t\tdata-enable-strength-password=\"\" data-minimum-password-strength=\"3\"\n\t\t\t\t\t\t\t\t\t\t\t\t\t\t\t data-captcha-enabled=\"\">\n\n\t\t\t\t<div class=\"ur-form-row\" data-row-id=\"0\">\t\t\t\t\t\t\t<div class=\"ur-form-grid ur-grid-1\"\n\t\t\t\t\t\t\t\tstyle=\"width:99%\">\n\t\t\t\t\t\t\t\t\t\t\t\t\t\t\t\t<div  data-field-id=\"dealer_company_name\" class=\"ur-field-item field-text \" data-ref-id=\"dealer_company_name\" data-field-pattern-enabled=\"0\" data-field-pattern-value=\" \" data-field-pattern-message=\" \">\n\t\t\t\t\t\t\t\t\t\t<div class=\"form-row validate-required\" id=\"dealer_company_name_field\" data-priority=\"\" ><label for=\"dealer_company_name\" class=\"ur-label\">Company Name <abbr class=\"required\" title=\"required\">*<\/abbr><\/label> <span class=\"input-wrapper\"> <input  data-rules=\"\" data-id=\"dealer_company_name\" type=\"text\" class=\"input-text   input-text ur-frontend-field  \" name=\"dealer_company_name\" id=\"dealer_company_name\" placeholder=\"\"  value=\"\" required=\"required\" data-label=\"Company Name\" maxlength=\"50\" \/> <\/span> <\/div>\t\t\t\t\t\t\t\t\t<\/div>\n\t\t\t\t\t\t\t\t\t\t\t\t\t\t\t\t\t\t<div  data-field-id=\"Business\" class=\"ur-field-item field-select \" data-ref-id=\"Business\" data-field-pattern-enabled=\"0\" data-field-pattern-value=\" \" data-field-pattern-message=\" \">\n\t\t\t\t\t\t\t\t\t\t<div class=\"form-row validate-required\" id=\"Business_field\" data-priority=\"\" ><label for=\"Business\" class=\"ur-label\">Business Type <abbr class=\"required\" title=\"required\">*<\/abbr><\/label><select data-rules=\"\" data-id=\"Business\" name=\"Business\" id=\"Business\" class=\"ur-field-address-country select ur-frontend-field  \" required=\"required\" data-label=\"Business Type\" data-allow_clear=\"true\" data-placeholder=\"Select the type of business\" data-state-enabled=\"\">\n\t\t\t\t\t<option value=\"\" selected disabled>Select the type of business<\/option><option value=\"Online Store\" >Online Store<\/option><option value=\"Physical Store\" >Physical Store<\/option><option value=\"Online + Physical Store\" >Online + Physical Store<\/option>\n\t\t\t\t\t<\/select><\/div>\t\t\t\t\t\t\t\t\t<\/div>\n\t\t\t\t\t\t\t\t\t\t\t\t\t\t\t\t\t\t<div  data-field-id=\"user_email\" class=\"ur-field-item field-user_email \" data-ref-id=\"user_email\" data-field-pattern-enabled=\"0\" data-field-pattern-value=\" \" data-field-pattern-message=\" \">\n\t\t\t\t\t\t\t\t\t\t<div class=\"form-row validate-required\" id=\"user_email_field\" data-priority=\"\" ><label for=\"user_email\" class=\"ur-label\">Company Email <abbr class=\"required\" title=\"required\">*<\/abbr><\/label> <span class=\"input-wrapper\"> <input  data-rules=\"\" data-id=\"user_email\" type=\"email\" class=\"input-text   input-email ur-frontend-field  \" name=\"user_email\" id=\"user_email\" placeholder=\"\"  value=\"\" required=\"required\" data-label=\"Company Email\" \/> <\/span> <\/div>\t\t\t\t\t\t\t\t\t<\/div>\n\t\t\t\t\t\t\t\t\t\t\t\t\t\t\t\t\t\t<div  data-field-id=\"Locator\" class=\"ur-field-item field-checkbox \" data-ref-id=\"Locator\" data-field-pattern-enabled=\"0\" data-field-pattern-value=\" \" data-field-pattern-message=\" \">\n\t\t\t\t\t\t\t\t\t\t<div class=\"form-row validate-required\" id=\"Locator_field\" data-priority=\"\" ><label class=\"ur-label\" required=\"required\" data-label=\"Store Locator\">Store Locator <abbr class=\"required\" title=\"required\">*<\/abbr><\/label><ul ><li class=\"ur-checkbox-list\"><input data-rules=\"\" data-id=\"Locator[]\" required=\"required\" data-label=\"Store Locator\" data-value=\"Yes\" type=\"checkbox\" class=\"input-checkbox ur-frontend-field  \" name=\"Locator[]\" id=\"Locator_Yes\" value=\"Yes\" \/><label class=\"ur-checkbox-label\" for=\"Locator_Yes\">Yes<\/label> <\/li><li class=\"ur-checkbox-list\"><input data-rules=\"\" data-id=\"Locator[]\" required=\"required\" data-label=\"Store Locator\" data-value=\"No\" type=\"checkbox\" class=\"input-checkbox ur-frontend-field  \" name=\"Locator[]\" id=\"Locator_No\" value=\"No\" \/><label class=\"ur-checkbox-label\" for=\"Locator_No\">No<\/label> <\/li><\/ul><span class=\"description\">Add me on your store locator page and include business type and other informations to help the customer find a shop matching his needs.<\/span><\/div>\t\t\t\t\t\t\t\t\t<\/div>\n\t\t\t\t\t\t\t\t\t\t\t\t\t\t\t\t\t\t<div  data-field-id=\"financing\" class=\"ur-field-item field-checkbox \" data-ref-id=\"financing\" data-field-pattern-enabled=\"0\" data-field-pattern-value=\" \" data-field-pattern-message=\" \">\n\t\t\t\t\t\t\t\t\t\t<div class=\"form-row \" id=\"financing_field\" data-priority=\"\" ><label class=\"ur-label\" data-label=\"Financing Option\">Financing Option<\/label><ul ><li class=\"ur-checkbox-list\"><input data-rules=\"\" data-id=\"financing[]\" data-label=\"Financing Option\" data-value=\"Yes\" type=\"checkbox\" class=\"input-checkbox ur-frontend-field  \" name=\"financing[]\" id=\"financing_Yes\" value=\"Yes\" \/><label class=\"ur-checkbox-label\" for=\"financing_Yes\">Yes<\/label> <\/li><\/ul><span class=\"description\">Select this checkbox if your shop offer financing option\/payment plans so we can refer you customers looking for this payment option. <\/span><\/div>\t\t\t\t\t\t\t\t\t<\/div>\n\t\t\t\t\t\t\t\t\t\t\t\t\t\t\t\t\t\t<div  data-field-id=\"phone\" class=\"ur-field-item field-number \" data-ref-id=\"phone\" data-field-pattern-enabled=\"0\" data-field-pattern-value=\" \" data-field-pattern-message=\" \">\n\t\t\t\t\t\t\t\t\t\t<div class=\"form-row validate-required\" id=\"phone_field\" data-priority=\"\" ><label for=\"phone\" class=\"ur-label\">Phone Number <abbr class=\"required\" title=\"required\">*<\/abbr><\/label> <span class=\"input-wrapper\"> <input  data-rules=\"\" data-id=\"phone\" type=\"number\" class=\"input-text   input-number ur-frontend-field  \" name=\"phone\" id=\"phone\" placeholder=\"\"  value=\"\" required=\"required\" data-label=\"Phone Number\" step=\"1\" \/> <\/span> <\/div>\t\t\t\t\t\t\t\t\t<\/div>\n\t\t\t\t\t\t\t\t\t\t\t\t\t\t\t\t\t\t<div  data-field-id=\"address\" class=\"ur-field-item field-text \" data-ref-id=\"address\" data-field-pattern-enabled=\"0\" data-field-pattern-value=\" \" data-field-pattern-message=\" \">\n\t\t\t\t\t\t\t\t\t\t<div class=\"form-row validate-required\" id=\"address_field\" data-priority=\"\" ><label for=\"address\" class=\"ur-label\">Complete Address <abbr class=\"required\" title=\"required\">*<\/abbr><\/label> <span class=\"input-wrapper\"> <input  data-rules=\"\" data-id=\"address\" type=\"text\" class=\"input-text   input-text ur-frontend-field  \" name=\"address\" id=\"address\" placeholder=\"\"  value=\"\" required=\"required\" data-label=\"Complete Address\" maxlength=\"50\" \/> <\/span> <\/div>\t\t\t\t\t\t\t\t\t<\/div>\n\t\t\t\t\t\t\t\t\t\t\t\t\t\t\t\t\t\t<div  data-field-id=\"user_url\" class=\"ur-field-item field-user_url \" data-ref-id=\"user_url\" data-field-pattern-enabled=\"0\" data-field-pattern-value=\" \" data-field-pattern-message=\" \">\n\t\t\t\t\t\t\t\t\t\t<div class=\"form-row \" id=\"user_url_field\" data-priority=\"\" ><label for=\"user_url\" class=\"ur-label\">Website<\/label> <span class=\"input-wrapper\"> <input  data-rules=\"\" data-id=\"user_url\" type=\"url\" class=\"input-text   input-url ur-frontend-field  \" name=\"user_url\" id=\"user_url\" placeholder=\"\"  value=\"\" data-label=\"Website\" \/> <\/span> <\/div>\t\t\t\t\t\t\t\t\t<\/div>\n\t\t\t\t\t\t\t\t\t\t\t\t\t\t\t\t\t\t<div  data-field-id=\"facebook\" class=\"ur-field-item field-text \" data-ref-id=\"facebook\" data-field-pattern-enabled=\"0\" data-field-pattern-value=\" \" data-field-pattern-message=\" \">\n\t\t\t\t\t\t\t\t\t\t<div class=\"form-row \" id=\"facebook_field\" data-priority=\"\" ><label for=\"facebook\" class=\"ur-label\">Facebook<\/label> <span class=\"input-wrapper\"> <input  data-rules=\"\" data-id=\"facebook\" type=\"text\" class=\"input-text   input-text ur-frontend-field  \" name=\"facebook\" id=\"facebook\" placeholder=\"\"  value=\"\" data-label=\"Facebook\" maxlength=\"50\" \/> <\/span> <\/div>\t\t\t\t\t\t\t\t\t<\/div>\n\t\t\t\t\t\t\t\t\t\t\t\t\t\t\t\t\t\t<div  data-field-id=\"input_box_1680025511\" class=\"ur-field-item field-text \" data-ref-id=\"input_box_1680025511\" data-field-pattern-enabled=\"0\" data-field-pattern-value=\" \" data-field-pattern-message=\" \">\n\t\t\t\t\t\t\t\t\t\t<div class=\"form-row \" id=\"input_box_1680025511_field\" data-priority=\"\" ><label for=\"input_box_1680025511\" class=\"ur-label\">Instagram<\/label> <span class=\"input-wrapper\"> <input  data-rules=\"\" data-id=\"input_box_1680025511\" type=\"text\" class=\"input-text   input-text ur-frontend-field  \" name=\"input_box_1680025511\" id=\"input_box_1680025511\" placeholder=\"\"  value=\"\" data-label=\"Instagram\" maxlength=\"50\" \/> <\/span> <\/div>\t\t\t\t\t\t\t\t\t<\/div>\n\t\t\t\t\t\t\t\t\t\t\t\t\t\t\t\t<\/div>\n\t\t\t\t\t\t\t\t\t\t\t\t\t<\/div>\n\t\t\t\t\t\t<div class=\"ur-form-row\" data-row-id=\"1\">\t\t\t\t\t\t\t<div class=\"ur-form-grid ur-grid-1\"\n\t\t\t\t\t\t\t\tstyle=\"width:99%\">\n\t\t\t\t\t\t\t\t\t\t\t\t\t\t\t\t<div  data-field-id=\"user_login\" class=\"ur-field-item field-user_login \" data-ref-id=\"user_login\" data-field-pattern-enabled=\"0\" data-field-pattern-value=\" \" data-field-pattern-message=\" \">\n\t\t\t\t\t\t\t\t\t\t<div class=\"form-row validate-required\" id=\"user_login_field\" data-priority=\"\" ><label for=\"user_login\" class=\"ur-label\">Desired username <abbr class=\"required\" title=\"required\">*<\/abbr><\/label> <span class=\"input-wrapper\"> <input  data-rules=\"\" data-id=\"user_login\" type=\"text\" class=\"input-text   input-text ur-frontend-field  \" name=\"user_login\" id=\"user_login\" placeholder=\"\"  value=\"\" required=\"required\" data-label=\"Desired username\" data-username-character=\"yes\"\/> <\/span> <\/div>\t\t\t\t\t\t\t\t\t<\/div>\n\t\t\t\t\t\t\t\t\t\t\t\t\t\t\t\t\t\t<div  data-field-id=\"user_pass\" class=\"ur-field-item field-user_pass \" data-ref-id=\"user_pass\" data-field-pattern-enabled=\"0\" data-field-pattern-value=\" \" data-field-pattern-message=\" \">\n\t\t\t\t\t\t\t\t\t\t<div class=\"form-row validate-required hide_show_password\" id=\"user_pass_field\" data-priority=\"\"><label for=\"user_pass\" class=\"ur-label\">User Password <abbr class=\"required\" title=\"required\">*<\/abbr><\/label> <span class=\"input-wrapper\"> <span class=\"password-input-group input-form-field-icons\"><input data-rules=\"\" data-id=\"user_pass\" type=\"password\" class=\"input-text  input-password ur-frontend-field  \" name=\"user_pass\" id=\"user_pass\" placeholder=\"\"  value=\"\" required=\"required\" data-label=\"User Password\" \/><a href=\"javaScript:void(0)\" class=\"password_preview dashicons dashicons-hidden\" title=\" Show password \"><\/a><\/span> <\/span> <\/div>\t\t\t\t\t\t\t\t\t<\/div>\n\t\t\t\t\t\t\t\t\t\t\t\t\t\t\t\t\t\t<div  data-field-id=\"user_confirm_password\" class=\"ur-field-item field-user_confirm_password \" data-ref-id=\"user_confirm_password\" data-field-pattern-enabled=\"0\" data-field-pattern-value=\" \" data-field-pattern-message=\" \">\n\t\t\t\t\t\t\t\t\t\t<div class=\"form-row validate-required hide_show_password\" id=\"user_confirm_password_field\" data-priority=\"\"><label for=\"user_confirm_password\" class=\"ur-label\">Confirm Password <abbr class=\"required\" title=\"required\">*<\/abbr><\/label> <span class=\"input-wrapper\"> <span class=\"password-input-group input-form-field-icons\"><input data-rules=\"\" data-id=\"user_confirm_password\" type=\"password\" class=\"input-text  input-password ur-frontend-field  \" name=\"user_confirm_password\" id=\"user_confirm_password\" placeholder=\"\"  value=\"\" required=\"required\" data-label=\"Confirm Password\" \/><a href=\"javaScript:void(0)\" class=\"password_preview dashicons dashicons-hidden\" title=\" Show password \"><\/a><\/span> <\/span> <\/div>\t\t\t\t\t\t\t\t\t<\/div>\n\t\t\t\t\t\t\t\t\t\t\t\t\t\t\t\t<\/div>\n\t\t\t\t\t\t\t\t\t\t\t\t\t<\/div>\n\t\t\t\t\t\t\t\t\t\t\t\t\t\t\t\t\t\t<div class=\"ur-button-container \" >\n\t\t\t\t\t\t\t\t\t\t\t\t\t\t<button type=\"submit\" class=\"btn button ur-submit-button elementor-button elementor-size-lg\"  conditional_rules=\"&quot;&quot;\">\n\t\t\t\t\t\t\t\t<span><\/span>\n\t\t\t\t\t\t\t\tSubmit\t\t\t\t\t\t\t<\/button>\n\t\t\t\t\t\t\t\t\t\t\t\t\t\t\t\t\t\t\t\t<\/div>\n\t\t\t\t\t\t\n\t\t\t\t<div style=\"clear:both\"><\/div>\n\t\t\t\t\t\t\t\t<input type=\"hidden\" name=\"ur-registration-language\" value=\"fr\"\/>\n\t\t\t\t<input type=\"hidden\" name=\"ur-user-form-id\" value=\"6862\"\/>\n\t\t\t\t<input type=\"hidden\" name=\"ur-redirect-url\" value=\"https:\/\/scalesuspension.com\/thank-you-register\/\"\/>\n\t\t\t\t<input type=\"hidden\" id=\"ur_frontend_form_nonce\" name=\"ur_frontend_form_nonce\" value=\"a594d94075\" \/>\n\t\t\t\t\n\t\t\t<input\n                    class=\"apbct_special_field apbct_email_id__elementor_form\"\n                    name=\"apbct__email_id__elementor_form\"\n                    aria-label=\"apbct__label_id__elementor_form\"\n                    type=\"text\" size=\"30\" maxlength=\"200\" autocomplete=\"off\"\n                    value=\"\"\n                \/><\/form>\n\t\t\t\n\t\t<div style=\"clear:both\"><\/div>\n\t<\/div>\n\n<\/div>\n\t\t\t\t\t\t<\/div>\n\t\t\t\t<\/div>\n\t\t\t\t\t<\/div>\n\t\t<\/div>\n\t\t\t\t\t<\/div>\n\t\t<\/section>\n\t\t\t\t<\/div>\n\t\t","protected":false},"excerpt":{"rendered":"<p>Devenir revendeur Formulaire de demande SCALE se r\u00e9serve le droit d&rsquo;accepter ou de refuser une candidature \u00e0 sa seule discr\u00e9tion. Une fois votre compte approuv\u00e9, vous b\u00e9n\u00e9ficierez de prix r\u00e9duits sur notre site web. Veuillez pr\u00e9voir jusqu&rsquo;\u00e0 48 heures ouvrables pour la v\u00e9rification du compte et la mise en place des remises de gros. En [&hellip;]<\/p>\n","protected":false},"author":1,"featured_media":0,"parent":0,"menu_order":0,"comment_status":"closed","ping_status":"closed","template":"","meta":{"footnotes":""},"class_list":["post-7512","page","type-page","status-publish","hentry"],"_links":{"self":[{"href":"https:\/\/scalesuspension.com\/fr\/wp-json\/wp\/v2\/pages\/7512","targetHints":{"allow":["GET"]}}],"collection":[{"href":"https:\/\/scalesuspension.com\/fr\/wp-json\/wp\/v2\/pages"}],"about":[{"href":"https:\/\/scalesuspension.com\/fr\/wp-json\/wp\/v2\/types\/page"}],"author":[{"embeddable":true,"href":"https:\/\/scalesuspension.com\/fr\/wp-json\/wp\/v2\/users\/1"}],"replies":[{"embeddable":true,"href":"https:\/\/scalesuspension.com\/fr\/wp-json\/wp\/v2\/comments?post=7512"}],"version-history":[{"count":0,"href":"https:\/\/scalesuspension.com\/fr\/wp-json\/wp\/v2\/pages\/7512\/revisions"}],"wp:attachment":[{"href":"https:\/\/scalesuspension.com\/fr\/wp-json\/wp\/v2\/media?parent=7512"}],"curies":[{"name":"wp","href":"https:\/\/api.w.org\/{rel}","templated":true}]}}